{"id":28603,"date":"2016-03-18T22:13:53","date_gmt":"2016-03-18T22:13:53","guid":{"rendered":"https:\/\/www.hospitallapaloma.com\/politica-de-privacidad\/"},"modified":"2024-02-09T12:26:31","modified_gmt":"2024-02-09T10:26:31","slug":"politique-de-confidentialite-et-mentions-legales","status":"publish","type":"page","link":"https:\/\/www.hospitallapaloma.com\/fr\/politique-de-confidentialite-et-mentions-legales\/","title":{"rendered":"Politique de confidentialit\u00e9 et mentions l\u00e9gales"},"content":{"rendered":"<div class=\"wpb-content-wrapper\"><p>[vc_row][vc_column][vc_custom_heading text=\u00a0\u00bbPolitique de confidentialit\u00e9 et mentions l\u00e9gales\u00a0\u00bb font_container=\u00a0\u00bbtag:h1|text_align:left\u00a0\u00bb use_theme_fonts=\u00a0\u00bbyes\u00a0\u00bb][vc_empty_space height=\u00a0\u00bb18px\u00a0\u00bb][\/vc_column][\/vc_row][vc_row][vc_column][vc_column_text]<\/p>\n<ol>\n<li>RESPONSABLE<\/li>\n<\/ol>\n<p>Conform\u00e9ment au R\u00e8glement G\u00e9n\u00e9ral sur la Protection des Donn\u00e9es 679\/2016 et suivants (RGPD), \u00e0 la Loi Organique 3\/2018, du 5 d\u00e9cembre, sur la Protection des Donn\u00e9es Personnelles et la garantie des droits num\u00e9riques, ainsi qu&rsquo;\u00e0 la Loi 34\/2002 du 11 juillet, sur les Services de la Soci\u00e9t\u00e9 de l&rsquo;Information et de Commerce \u00c9lectronique (ci-apr\u00e8s LSSI), nous vous informons que le Responsable des donn\u00e9es personnelles trait\u00e9es sur le Site Web <a href=\"http:\/\/www.hospitallapaloma.com\/\">www.hospitallapaloma.com<\/a> est HOSPITAL POLICL\u00cdNICO LA PALOMA, S.A. (ci-apr\u00e8s l&rsquo;\u00ab H\u00f4pital \u00bb), avec son si\u00e8ge social \u00e0 C\/ Maestro Valle, 20, 35005, Las Palmas de G.C., Las Palmas.<\/p>\n<p>L&rsquo;H\u00f4pital a d\u00e9sign\u00e9 un D\u00e9l\u00e9gu\u00e9 \u00e0 la Protection des Donn\u00e9es: Lilliam Valenzuela &#8211; UMBRA ABOGADOS. Toute question concernant votre vie priv\u00e9e peut \u00eatre adress\u00e9e par email \u00e0: <a href=\"mailto:rgpd@hospitallapaloma.com\">rgpd@hospitallapaloma.com<\/a><\/p>\n<p>Nous vous informons que ce Site Web utilise une technologie appel\u00e9e \u00abCookies\u00bb afin de faciliter la navigation des Utilisateurs, de leur montrer des informations d&rsquo;int\u00e9r\u00eat chaque fois qu&rsquo;ils acc\u00e8dent \u00e0 notre Site Web et d&rsquo;am\u00e9liorer la qualit\u00e9 de nos services. L&rsquo;Utilisateur peut trouver dans notre Politique de Cookies des informations sur le type de Cookies que nous utilisons, les fins pour lesquelles ils sont utilis\u00e9s et les options disponibles pour les contr\u00f4ler ou les supprimer.<\/p>\n<ol start=\"2\">\n<li><strong>QU&rsquo;EST-CE QUE LES COOKIES?<\/strong><\/li>\n<\/ol>\n<p>Un Cookie est un fichier t\u00e9l\u00e9charg\u00e9 sur votre ordinateur (ordinateur ou dispositif mobile) qui, entre autres, a pour but de stocker, mettre \u00e0 jour et r\u00e9cup\u00e9rer des informations sur les habitudes de navigation d&rsquo;un utilisateur ou de son \u00e9quipement et, selon les informations qu&rsquo;ils contiennent et la mani\u00e8re dont il utilise son \u00e9quipement, peuvent \u00eatre utilis\u00e9s pour reconna\u00eetre l&rsquo;utilisateur et am\u00e9liorer le service offert.<\/p>\n<p>Les informations recueillies par les Cookies peuvent inclure la date et l&rsquo;heure des visites sur le Site Web, les pages visit\u00e9es, le temps pass\u00e9 sur notre Site Web et les actions r\u00e9alis\u00e9es, ainsi que les sites visit\u00e9s juste avant et apr\u00e8s. L&rsquo;utilisation de ces dispositifs permet au serveur Web de se souvenir de certaines donn\u00e9es concernant l&rsquo;utilisateur, telles que ses pr\u00e9f\u00e9rences pour l&rsquo;affichage des pages de ce serveur, nom et mot de passe, les produits qui l&rsquo;int\u00e9ressent le plus, etc.<\/p>\n<ol start=\"3\">\n<li>COOKIES SOUMIS \u00c0 LA R\u00c9GLEMENTATION ET COOKIES EXEMPT\u00c9S<\/li>\n<\/ol>\n<p>Les cookies n\u00e9cessitant le consentement inform\u00e9 de l&rsquo;utilisateur sont les cookies d&rsquo;analytique et de publicit\u00e9 et d&rsquo;affiliation, \u00e0 l&rsquo;exception de ceux de nature technique et ceux n\u00e9cessaires au fonctionnement du site web ou \u00e0 la prestation de services express\u00e9ment demand\u00e9s par l&rsquo;utilisateur.<\/p>\n<ol start=\"4\">\n<li>QUELS TYPES DE COOKIES EXISTENT?<\/li>\n<\/ol>\n<p><u>Cookies techniques:<\/u> Ce sont ceux qui permettent \u00e0 l&rsquo;utilisateur de naviguer sur un site web, plateforme ou application et d&rsquo;utiliser les diff\u00e9rentes options ou services qui y existent, comme, par exemple, contr\u00f4ler le trafic et la communication de donn\u00e9es, identifier la session, acc\u00e9der \u00e0 des parties d&rsquo;acc\u00e8s restreint, se souvenir des \u00e9l\u00e9ments qui composent une commande, r\u00e9aliser le processus d&rsquo;achat d&rsquo;une commande, r\u00e9aliser la demande d&rsquo;inscription ou de participation \u00e0 un \u00e9v\u00e9nement, utiliser des \u00e9l\u00e9ments de s\u00e9curit\u00e9 pendant la navigation, stocker des contenus pour la diffusion de vid\u00e9os ou de son ou partager des contenus \u00e0 travers les r\u00e9seaux sociaux.<\/p>\n<p><u>Cookies de personnalisation:<\/u> Ce sont ceux qui permettent \u00e0 l&rsquo;utilisateur d&rsquo;acc\u00e9der au service avec certaines caract\u00e9ristiques g\u00e9n\u00e9rales pr\u00e9d\u00e9finies en fonction d&rsquo;une s\u00e9rie de crit\u00e8res dans le terminal de l&rsquo;utilisateur comme par exemple le langage, le type de navigateur par lequel il acc\u00e8de au service, la configuration r\u00e9gionale depuis laquelle il acc\u00e8de au service, etc.<\/p>\n<p><u>Cookies d&rsquo;analyse:<\/u> Ce sont ceux qui, trait\u00e9s par nous ou par des tiers, nous permettent de quantifier le nombre d&rsquo;utilisateurs et ainsi de r\u00e9aliser la mesure et l&rsquo;analyse statistique de l&rsquo;utilisation faite par les utilisateurs du service offert. Pour cela, leur navigation sur notre site web est analys\u00e9e afin d&rsquo;am\u00e9liorer l&rsquo;offre de produits ou services que nous vous proposons.<\/p>\n<p><u>Cookies publicitaires:<\/u> Ce sont ceux qui, trait\u00e9s par nous ou par des tiers, nous permettent de g\u00e9rer de la mani\u00e8re la plus efficace possible l&rsquo;offre des espaces publicitaires qui se trouvent sur le site web, en adaptant le contenu de l&rsquo;annonce au contenu du service demand\u00e9 ou \u00e0 l&rsquo;utilisation que vous faites de notre site web. Pour cela, nous pouvons analyser vos habitudes de navigation sur Internet et nous pouvons vous montrer de la publicit\u00e9 en relation avec votre profil de navigation.<\/p>\n<p><u>Cookies de publicit\u00e9 comportementale:<\/u> Ce sont ceux qui permettent la gestion, de la mani\u00e8re la plus efficace possible, des espaces publicitaires que, le cas \u00e9ch\u00e9ant, l&rsquo;\u00e9diteur a inclus dans une page web, application ou plateforme \u00e0 partir de laquelle le service demand\u00e9 est fourni. Ces cookies stockent des informations sur le comportement des utilisateurs obtenues par l&rsquo;observation continue de leurs habitudes de navigation, ce qui permet de d\u00e9velopper un profil sp\u00e9cifique pour afficher de la publicit\u00e9 en fonction de celui-ci.<\/p>\n<p><u>Cookies de tiers:<\/u> Le Web peut utiliser des services de tiers qui recueillent des informations \u00e0 des fins statistiques, d&rsquo;utilisation du Site par l&rsquo;utilisateur et pour la prestation d&rsquo;autres services li\u00e9s \u00e0 l&rsquo;activit\u00e9 du Site Web et d&rsquo;autres services d&rsquo;Internet.<\/p>\n<ol start=\"5\">\n<li>COOKIES UTILIS\u00c9ES SUR CE SITE WEB<\/li>\n<\/ol>\n<p>Lister les noms des cookies, type, propri\u00e9taire, fonction et expiration, par exemple:<\/p>\n<ul>\n<li><strong> PHPSESSID:<\/strong> cookie technique et strictement n\u00e9cessaire contenant l&rsquo;identifiant de la session. Il est supprim\u00e9 \u00e0 la fermeture du navigateur.<\/li>\n<li><strong> _lang:<\/strong> cookie technique et strictement n\u00e9cessaire contenant la langue de la session. Il est supprim\u00e9 \u00e0 la fermeture du navigateur.<\/li>\n<li><strong> ac_cookies:<\/strong> cookie technique et strictement n\u00e9cessaire contenant la valeur de si l&rsquo;installation des cookies a \u00e9t\u00e9 accept\u00e9e. Expire 1 an apr\u00e8s la derni\u00e8re mise \u00e0 jour.<\/li>\n<li><strong> _ga:<\/strong> cookie de Google Analytics qui active la fonction de suivi des visites uniques. La premi\u00e8re fois qu&rsquo;un utilisateur entre sur le site web via un navigateur, ce cookie sera install\u00e9. Lorsque cet utilisateur revient sur le site avec le m\u00eame navigateur, le cookie consid\u00e9rera qu&rsquo;il s&rsquo;agit du m\u00eame utilisateur. Seulement dans le cas o\u00f9 l&rsquo;utilisateur change de navigateur, il sera consid\u00e9r\u00e9 comme un autre utilisateur. Expire 2 ans apr\u00e8s la derni\u00e8re mise \u00e0 jour.<\/li>\n<li><strong> _gat:<\/strong> Ce cookie est associ\u00e9 \u00e0 Google Analytics Universal. Il est utilis\u00e9 pour limiter le taux de demande &#8211; limitant la collecte des donn\u00e9es sur les sites \u00e0 fort trafic. Expire apr\u00e8s 10 minutes.<\/li>\n<li><strong> _utma:<\/strong> cookie de Google Analytics qui enregistre la date de la premi\u00e8re et derni\u00e8re visite de l&rsquo;utilisateur sur le site web. Expire 2 ans apr\u00e8s la derni\u00e8re mise \u00e0 jour.<\/li>\n<li><strong> _utmb:<\/strong> cookie de Google Analytics qui enregistre l&rsquo;heure d&rsquo;arriv\u00e9e sur le site web. Expire 30 minutes apr\u00e8s la derni\u00e8re mise \u00e0 jour.<\/li>\n<li><strong> _utmc:<\/strong> cookie de Google Analytics utilis\u00e9 pour l&rsquo;interop\u00e9rabilit\u00e9 avec le code de suivi urchin.js. Il est supprim\u00e9 \u00e0 la fermeture du navigateur.<\/li>\n<li><strong> _utmt:<\/strong> cookie de Google Analytics. Ce cookie est utilis\u00e9 pour traiter le type de demande faite par l&rsquo;utilisateur. Expire \u00e0 la fin de la session.<\/li>\n<li><strong> _utmv:<\/strong> cookie de Google Analytics. Ce cookie est utilis\u00e9 pour segmenter les donn\u00e9es d\u00e9mographiques. Expire \u00e0 la fin de la session.<\/li>\n<li><strong> _utmz:<\/strong> cookie de Google Analytics qui stocke la source de trafic ou une campagne pour expliquer comment l&rsquo;utilisateur est arriv\u00e9 sur le site web. Expire 6 mois apr\u00e8s la derni\u00e8re mise \u00e0 jour.<\/li>\n<\/ul>\n<ol start=\"6\">\n<li>COMMENT SUPPRIMER LES COOKIES DU NAVIGATEUR<\/li>\n<\/ol>\n<p><strong>Chrome<\/strong><\/p>\n<ol>\n<li>S\u00e9lectionnez l&rsquo;ic\u00f4ne Outils<\/li>\n<li>Cliquez sur Param\u00e8tres.<\/li>\n<li>Cliquez sur Afficher les param\u00e8tres avanc\u00e9s.<\/li>\n<li>Dans la section \u00ab\u00a0Confidentialit\u00e9\u00a0\u00bb, cliquez sur Param\u00e8tres de contenu. \u2022 Supprimer les cookies: Cliquez sur Tous les cookies et les donn\u00e9es de site\u2026 \u2022 Ne pas permettre le stockage des cookies.<\/li>\n<li>Cliquez sur Effacer les donn\u00e9es de navigation (vider le cache).<\/li>\n<li>Fermez et red\u00e9marrez le navigateur.<\/li>\n<\/ol>\n<p>Pour plus d&rsquo;informations sur Chrome cliquez ici: <u>http:\/\/support.google.com\/chrome\/answer\/95647?hl=fr<\/u><\/p>\n<p><strong>Internet Explorer. Version 11 <\/strong><\/p>\n<ol>\n<li>S\u00e9lectionnez Outils | Options Internet.<\/li>\n<li>Cliquez sur l&rsquo;onglet G\u00e9n\u00e9ral.<\/li>\n<li>Dans la section \u00ab\u00a0Historique de navigation\u00a0\u00bb, cliquez sur Supprimer l&rsquo;historique de navigation en quittant.<\/li>\n<li>S\u00e9lectionnez Supprimer les fichiers.<\/li>\n<li>S\u00e9lectionnez Supprimer les cookies.<\/li>\n<li>Cliquez sur Supprimer.<\/li>\n<li>Cliquez sur OK.<\/li>\n<li>Fermez et red\u00e9marrez le navigateur.<\/li>\n<\/ol>\n<p>Pour plus d&rsquo;informations sur Internet Explorer cliquez ici: <u>http:\/\/windows.microsoft.com\/fr-fr\/windows7\/how-to-manage-cookies-in-internet-explorer-9<\/u><\/p>\n<p><strong>Firefox. Version 18<\/strong><\/p>\n<ol>\n<li>S\u00e9lectionnez Firefox | Historique | Effacer l&rsquo;historique r\u00e9cent.<\/li>\n<li>\u00c0 c\u00f4t\u00e9 de \u00ab\u00a0D\u00e9tails\u00a0\u00bb, cliquez sur la fl\u00e8che vers le bas.<\/li>\n<li>S\u00e9lectionnez les cases suivantes: Cookies, Cache, Sessions actives<\/li>\n<li>Utilisez le \u00ab\u00a0Intervalle de temps \u00e0 effacer\u00a0\u00bb dans le menu d\u00e9roulant, s\u00e9lectionnez Tout.<\/li>\n<li>Cliquez sur Effacer maintenant.<\/li>\n<li>Fermez et red\u00e9marrez le navigateur. Vous pouvez accepter ou refuser les cookies individuellement dans les Pr\u00e9f\u00e9rences de Firefox, dans la section Historique disponible dans Outils &gt; Options &gt; Vie priv\u00e9e. Pour plus d&rsquo;informations sur Mozilla Firefox cliquez ici: <u>https:\/\/www.mozilla.org\/fr\/privacy\/websites\/#cookies<\/u><\/li>\n<\/ol>\n<p><strong>\u00a0<\/strong><strong>Safari Version 5.1 <\/strong><\/p>\n<ol>\n<li>S\u00e9lectionnez l&rsquo;ic\u00f4ne Safari \/ \u00c9diter | R\u00e9initialiser Safari.<\/li>\n<li>S\u00e9lectionnez les cases suivantes: Effacer l&rsquo;historique, Supprimer toutes les donn\u00e9es de site web<\/li>\n<li>Cliquez sur R\u00e9initialiser.<\/li>\n<li>Fermez et red\u00e9marrez le navigateur. Pour plus d&rsquo;informations sur Safari cliquez ici: <u>http:\/\/support.apple.com\/kb\/PH5042<\/u><\/li>\n<\/ol>\n<p><strong>Opera <\/strong><\/p>\n<p>Options &#8211; Avanc\u00e9 &#8211; Cookies. Les options de cookies contr\u00f4lent la mani\u00e8re dont Opera les g\u00e8re et donc leur acceptation ou refus.<\/p>\n<p>Pour plus d&rsquo;informations sur Opera cliquez ici: <u>http:\/\/help.opera.com\/Linux\/10.60\/fr\/cookies.html<\/u><\/p>\n<p>Autres navigateurs: Consultez la documentation du navigateur que vous avez install\u00e9.<\/p>\n<ol start=\"7\">\n<li>QUAND DONN\u00c9-JE MON CONSENTEMENT POUR L&rsquo;UTILISATION DES COOKIES?<\/li>\n<\/ol>\n<p>Lorsque l&rsquo;Utilisateur acc\u00e8de \u00e0 notre Site Web et avant de commencer la navigation, il est averti de l&rsquo;utilisation des Cookies de mani\u00e8re \u00e0 pouvoir donner son consentement par rapport \u00e0 notre Politique de Cookies en acceptant ou refusant dans la fen\u00eatre informative. Vous pouvez \u00e9galement les configurer.<\/p>\n<p>Cependant, gardez \u00e0 l&rsquo;esprit que, dans de nombreux cas, supprimer ou d\u00e9sactiver les Cookies pourrait affecter la fonctionnalit\u00e9 de notre Site Web et limiter votre acc\u00e8s \u00e0 certaines zones ou services propos\u00e9s \u00e0 travers celui-ci.<\/p>\n<p>Este apartado se incluye a modo de ejemplo y deber\u00e1 ser adaptado a la web por un experto t\u00e9cnico, indic\u00e1ndoselas las cookies utilizadas, su finalidad y plazo de conservaci\u00f3n.<\/p>\n<p>Este apartado es orientativo por lo que deber\u00eda ser revisado por un experto t\u00e9cnico y mantenerse actualizado.[\/vc_column_text][\/vc_column][\/vc_row]<\/p>\n<\/div>","protected":false},"excerpt":{"rendered":"<p>[vc_row][vc_column][vc_custom_heading text=\u00a0\u00bbPolitique de confidentialit\u00e9 et mentions l\u00e9gales\u00a0\u00bb font_container=\u00a0\u00bbtag:h1|text_align:left\u00a0\u00bb use_theme_fonts=\u00a0\u00bbyes\u00a0\u00bb][vc_empty_space height=\u00a0\u00bb18px\u00a0\u00bb][\/vc_column][\/vc_row][vc_row][vc_column][vc_column_text] RESPONSABLE Conform\u00e9ment au R\u00e8glement G\u00e9n\u00e9ral sur la Protection des Donn\u00e9es 679\/2016 et suivants (RGPD), \u00e0 la Loi Organique 3\/2018, du 5 d\u00e9cembre, sur la Protection des Donn\u00e9es Personnelles et la garantie des droits num\u00e9riques, ainsi qu&rsquo;\u00e0 la Loi 34\/2002 du 11 juillet, sur les Services&hellip;<\/p>\n","protected":false},"author":1,"featured_media":0,"parent":0,"menu_order":0,"comment_status":"closed","ping_status":"closed","template":"","meta":{"_joinchat":[],"footnotes":""},"class_list":["post-28603","page","type-page","status-publish","hentry","description-off"],"yoast_head":"<!-- This site is optimized with the Yoast SEO plugin v26.9 - https:\/\/yoast.com\/product\/yoast-seo-wordpress\/ -->\n<title>Politique de confidentialit\u00e9 et mentions l\u00e9gales<\/title>\n<meta name=\"description\" content=\"Conform\u00e9ment au R\u00c8GLEMENT (UE) 2016\/679 DU PARLEMENT EUROP\u00c9EN ET DU CONSEIL du 27 avril 2016 relatif \u00e0 la protection des personnes physiques\" \/>\n<meta name=\"robots\" content=\"index, nofollow, max-snippet:-1, max-image-preview:large, max-video-preview:-1\" \/>\n<link rel=\"canonical\" href=\"https:\/\/www.hospitallapaloma.com\/fr\/politique-de-confidentialite-et-mentions-legales\/\" \/>\n<meta property=\"og:locale\" content=\"fr_FR\" \/>\n<meta property=\"og:type\" content=\"article\" \/>\n<meta property=\"og:title\" content=\"Politique de confidentialit\u00e9 et mentions l\u00e9gales\" \/>\n<meta property=\"og:description\" content=\"Conform\u00e9ment au R\u00c8GLEMENT (UE) 2016\/679 DU PARLEMENT EUROP\u00c9EN ET DU CONSEIL du 27 avril 2016 relatif \u00e0 la protection des personnes physiques\" \/>\n<meta property=\"og:url\" content=\"https:\/\/www.hospitallapaloma.com\/fr\/politique-de-confidentialite-et-mentions-legales\/\" \/>\n<meta property=\"og:site_name\" content=\"Hospital La Paloma\" \/>\n<meta property=\"article:publisher\" content=\"https:\/\/www.facebook.com\/lapalomahospital\/\" \/>\n<meta property=\"article:modified_time\" content=\"2024-02-09T10:26:31+00:00\" \/>\n<meta name=\"twitter:card\" content=\"summary_large_image\" \/>\n<meta name=\"twitter:site\" content=\"@lapalomahosp\" \/>\n<meta name=\"twitter:label1\" content=\"Dur\u00e9e de lecture estim\u00e9e\" \/>\n\t<meta name=\"twitter:data1\" content=\"7 minutes\" \/>\n<script type=\"application\/ld+json\" class=\"yoast-schema-graph\">{\"@context\":\"https:\/\/schema.org\",\"@graph\":[{\"@type\":\"WebPage\",\"@id\":\"https:\/\/www.hospitallapaloma.com\/fr\/politique-de-confidentialite-et-mentions-legales\/\",\"url\":\"https:\/\/www.hospitallapaloma.com\/fr\/politique-de-confidentialite-et-mentions-legales\/\",\"name\":\"Politique de confidentialit\u00e9 et mentions l\u00e9gales\",\"isPartOf\":{\"@id\":\"https:\/\/www.hospitallapaloma.com\/#website\"},\"datePublished\":\"2016-03-18T22:13:53+00:00\",\"dateModified\":\"2024-02-09T10:26:31+00:00\",\"description\":\"Conform\u00e9ment au R\u00c8GLEMENT (UE) 2016\/679 DU PARLEMENT EUROP\u00c9EN ET DU CONSEIL du 27 avril 2016 relatif \u00e0 la protection des personnes physiques\",\"breadcrumb\":{\"@id\":\"https:\/\/www.hospitallapaloma.com\/fr\/politique-de-confidentialite-et-mentions-legales\/#breadcrumb\"},\"inLanguage\":\"fr-FR\",\"potentialAction\":[{\"@type\":\"ReadAction\",\"target\":[\"https:\/\/www.hospitallapaloma.com\/fr\/politique-de-confidentialite-et-mentions-legales\/\"]}]},{\"@type\":\"BreadcrumbList\",\"@id\":\"https:\/\/www.hospitallapaloma.com\/fr\/politique-de-confidentialite-et-mentions-legales\/#breadcrumb\",\"itemListElement\":[{\"@type\":\"ListItem\",\"position\":1,\"name\":\"Portada\",\"item\":\"https:\/\/www.hospitallapaloma.com\/fr\/\"},{\"@type\":\"ListItem\",\"position\":2,\"name\":\"Politique de confidentialit\u00e9 et mentions l\u00e9gales\"}]},{\"@type\":\"WebSite\",\"@id\":\"https:\/\/www.hospitallapaloma.com\/#website\",\"url\":\"https:\/\/www.hospitallapaloma.com\/\",\"name\":\"Hospital La Paloma\",\"description\":\"Hospital La Paloma en Las Palmas de Gran Canaria\",\"publisher\":{\"@id\":\"https:\/\/www.hospitallapaloma.com\/#organization\"},\"potentialAction\":[{\"@type\":\"SearchAction\",\"target\":{\"@type\":\"EntryPoint\",\"urlTemplate\":\"https:\/\/www.hospitallapaloma.com\/?s={search_term_string}\"},\"query-input\":{\"@type\":\"PropertyValueSpecification\",\"valueRequired\":true,\"valueName\":\"search_term_string\"}}],\"inLanguage\":\"fr-FR\"},{\"@type\":\"Organization\",\"@id\":\"https:\/\/www.hospitallapaloma.com\/#organization\",\"name\":\"Hospital La Paloma\",\"url\":\"https:\/\/www.hospitallapaloma.com\/\",\"logo\":{\"@type\":\"ImageObject\",\"inLanguage\":\"fr-FR\",\"@id\":\"https:\/\/www.hospitallapaloma.com\/#\/schema\/logo\/image\/\",\"url\":\"https:\/\/www.hospitallapaloma.com\/wp-content\/uploads\/2016\/03\/logo-AW-1.jpg\",\"contentUrl\":\"https:\/\/www.hospitallapaloma.com\/wp-content\/uploads\/2016\/03\/logo-AW-1.jpg\",\"width\":240,\"height\":120,\"caption\":\"Hospital La Paloma\"},\"image\":{\"@id\":\"https:\/\/www.hospitallapaloma.com\/#\/schema\/logo\/image\/\"},\"sameAs\":[\"https:\/\/www.facebook.com\/lapalomahospital\/\",\"https:\/\/x.com\/lapalomahosp\",\"https:\/\/www.youtube.com\/channel\/UCjVEdPqlsQMZmMsZ8rAh0Ng\"]}]}<\/script>\n<!-- \/ Yoast SEO plugin. -->","yoast_head_json":{"title":"Politique de confidentialit\u00e9 et mentions l\u00e9gales","description":"Conform\u00e9ment au R\u00c8GLEMENT (UE) 2016\/679 DU PARLEMENT EUROP\u00c9EN ET DU CONSEIL du 27 avril 2016 relatif \u00e0 la protection des personnes physiques","robots":{"index":"index","follow":"nofollow","max-snippet":"max-snippet:-1","max-image-preview":"max-image-preview:large","max-video-preview":"max-video-preview:-1"},"canonical":"https:\/\/www.hospitallapaloma.com\/fr\/politique-de-confidentialite-et-mentions-legales\/","og_locale":"fr_FR","og_type":"article","og_title":"Politique de confidentialit\u00e9 et mentions l\u00e9gales","og_description":"Conform\u00e9ment au R\u00c8GLEMENT (UE) 2016\/679 DU PARLEMENT EUROP\u00c9EN ET DU CONSEIL du 27 avril 2016 relatif \u00e0 la protection des personnes physiques","og_url":"https:\/\/www.hospitallapaloma.com\/fr\/politique-de-confidentialite-et-mentions-legales\/","og_site_name":"Hospital La Paloma","article_publisher":"https:\/\/www.facebook.com\/lapalomahospital\/","article_modified_time":"2024-02-09T10:26:31+00:00","twitter_card":"summary_large_image","twitter_site":"@lapalomahosp","twitter_misc":{"Dur\u00e9e de lecture estim\u00e9e":"7 minutes"},"schema":{"@context":"https:\/\/schema.org","@graph":[{"@type":"WebPage","@id":"https:\/\/www.hospitallapaloma.com\/fr\/politique-de-confidentialite-et-mentions-legales\/","url":"https:\/\/www.hospitallapaloma.com\/fr\/politique-de-confidentialite-et-mentions-legales\/","name":"Politique de confidentialit\u00e9 et mentions l\u00e9gales","isPartOf":{"@id":"https:\/\/www.hospitallapaloma.com\/#website"},"datePublished":"2016-03-18T22:13:53+00:00","dateModified":"2024-02-09T10:26:31+00:00","description":"Conform\u00e9ment au R\u00c8GLEMENT (UE) 2016\/679 DU PARLEMENT EUROP\u00c9EN ET DU CONSEIL du 27 avril 2016 relatif \u00e0 la protection des personnes physiques","breadcrumb":{"@id":"https:\/\/www.hospitallapaloma.com\/fr\/politique-de-confidentialite-et-mentions-legales\/#breadcrumb"},"inLanguage":"fr-FR","potentialAction":[{"@type":"ReadAction","target":["https:\/\/www.hospitallapaloma.com\/fr\/politique-de-confidentialite-et-mentions-legales\/"]}]},{"@type":"BreadcrumbList","@id":"https:\/\/www.hospitallapaloma.com\/fr\/politique-de-confidentialite-et-mentions-legales\/#breadcrumb","itemListElement":[{"@type":"ListItem","position":1,"name":"Portada","item":"https:\/\/www.hospitallapaloma.com\/fr\/"},{"@type":"ListItem","position":2,"name":"Politique de confidentialit\u00e9 et mentions l\u00e9gales"}]},{"@type":"WebSite","@id":"https:\/\/www.hospitallapaloma.com\/#website","url":"https:\/\/www.hospitallapaloma.com\/","name":"Hospital La Paloma","description":"Hospital La Paloma en Las Palmas de Gran Canaria","publisher":{"@id":"https:\/\/www.hospitallapaloma.com\/#organization"},"potentialAction":[{"@type":"SearchAction","target":{"@type":"EntryPoint","urlTemplate":"https:\/\/www.hospitallapaloma.com\/?s={search_term_string}"},"query-input":{"@type":"PropertyValueSpecification","valueRequired":true,"valueName":"search_term_string"}}],"inLanguage":"fr-FR"},{"@type":"Organization","@id":"https:\/\/www.hospitallapaloma.com\/#organization","name":"Hospital La Paloma","url":"https:\/\/www.hospitallapaloma.com\/","logo":{"@type":"ImageObject","inLanguage":"fr-FR","@id":"https:\/\/www.hospitallapaloma.com\/#\/schema\/logo\/image\/","url":"https:\/\/www.hospitallapaloma.com\/wp-content\/uploads\/2016\/03\/logo-AW-1.jpg","contentUrl":"https:\/\/www.hospitallapaloma.com\/wp-content\/uploads\/2016\/03\/logo-AW-1.jpg","width":240,"height":120,"caption":"Hospital La Paloma"},"image":{"@id":"https:\/\/www.hospitallapaloma.com\/#\/schema\/logo\/image\/"},"sameAs":["https:\/\/www.facebook.com\/lapalomahospital\/","https:\/\/x.com\/lapalomahosp","https:\/\/www.youtube.com\/channel\/UCjVEdPqlsQMZmMsZ8rAh0Ng"]}]}},"_links":{"self":[{"href":"https:\/\/www.hospitallapaloma.com\/fr\/wp-json\/wp\/v2\/pages\/28603","targetHints":{"allow":["GET"]}}],"collection":[{"href":"https:\/\/www.hospitallapaloma.com\/fr\/wp-json\/wp\/v2\/pages"}],"about":[{"href":"https:\/\/www.hospitallapaloma.com\/fr\/wp-json\/wp\/v2\/types\/page"}],"author":[{"embeddable":true,"href":"https:\/\/www.hospitallapaloma.com\/fr\/wp-json\/wp\/v2\/users\/1"}],"replies":[{"embeddable":true,"href":"https:\/\/www.hospitallapaloma.com\/fr\/wp-json\/wp\/v2\/comments?post=28603"}],"version-history":[{"count":3,"href":"https:\/\/www.hospitallapaloma.com\/fr\/wp-json\/wp\/v2\/pages\/28603\/revisions"}],"predecessor-version":[{"id":63122,"href":"https:\/\/www.hospitallapaloma.com\/fr\/wp-json\/wp\/v2\/pages\/28603\/revisions\/63122"}],"wp:attachment":[{"href":"https:\/\/www.hospitallapaloma.com\/fr\/wp-json\/wp\/v2\/media?parent=28603"}],"curies":[{"name":"wp","href":"https:\/\/api.w.org\/{rel}","templated":true}]}}