{"id":28591,"date":"2016-03-12T18:45:53","date_gmt":"2016-03-12T18:45:53","guid":{"rendered":"https:\/\/www.hospitallapaloma.com\/unidad-del-ginecologia\/"},"modified":"2019-09-11T16:40:34","modified_gmt":"2019-09-11T14:40:34","slug":"unite-dobstetrique-et-de-gynecologie","status":"publish","type":"page","link":"https:\/\/www.hospitallapaloma.com\/fr\/unite-dobstetrique-et-de-gynecologie\/","title":{"rendered":"Unit\u00e9 d\u2019obst\u00e9trique et de gyn\u00e9cologie"},"content":{"rendered":"<div class=\"wpb-content-wrapper\"><p>[vc_row][vc_column][vc_custom_heading text=\u00a0\u00bbUnit\u00e9 d\u2019obst\u00e9trique et de gyn\u00e9cologie\u00a0\u00bb font_container=\u00a0\u00bbtag:h1|text_align:left\u00a0\u00bb use_theme_fonts=\u00a0\u00bbyes\u00a0\u00bb][vc_single_image image=\u00a0\u00bb342&Prime; img_size=\u00a0\u00bbfull\u00a0\u00bb style=\u00a0\u00bbvc_box_border\u00a0\u00bb][vc_empty_space height=\u00a0\u00bb18px\u00a0\u00bb][\/vc_column][\/vc_row][vc_row][vc_column][vc_column_text]<\/p>\n<div style=\"text-align: justify;\">\n<h2>Qu&rsquo;est-ce que le service d&rsquo;obst\u00e9trique et de gyn\u00e9cologie ?<\/h2>\n<p>\u00c0 l&rsquo;Unit\u00e9 d&rsquo;obst\u00e9trique et de gyn\u00e9cologie de l&rsquo;H\u00f4pital La Paloma, nous nous engageons \u00e0 fournir aux femmes le meilleur service pour prendre soin de leur sant\u00e9 reproductive.<\/p>\n<p>Ci-dessous, nous passons en revue les aspects les plus pertinents des services associ\u00e9s \u00e0 ces sp\u00e9cialit\u00e9s.<\/p>\n<\/div>\n<p>[\/vc_column_text][vc_column_text]<\/p>\n<div style=\"text-align: justify;\">\n<h3>Obst\u00e9trique<\/h3>\n<p>L&rsquo;obst\u00e9trique est la sp\u00e9cialit\u00e9 m\u00e9dicale responsable de la surveillance de la grossesse, de l&rsquo;accouchement et du post-partum, principalement dans des situations \u00e0 risque.<\/p>\n<p>Dans notre centre, nous disposons des moyens les plus avanc\u00e9s pour effectuer le contr\u00f4le complet de votre grossesse.<\/p>\n<p>Lors de chaque visite obst\u00e9tricale, des \u00e9tudes \u00e9chographiques \u00e0 haute r\u00e9solution sont effectu\u00e9es \u00e0 l&rsquo;aide de la technologie 3D-4D.<\/p>\n<h3>Gyn\u00e9cologie<\/h3>\n<p><img loading=\"lazy\" decoding=\"async\" class=\"alignnone wp-image-493 size-full\" title=\"Unidad de Obstetricia y Ginecolog\u00eda\" src=\"https:\/\/www.hospitallapaloma.com\/wp-content\/uploads\/2016\/03\/ginecologia-consulta.jpg\" alt=\"Unidad de Obstetricia y Ginecolog\u00eda\" width=\"980\" height=\"370\" srcset=\"https:\/\/www.hospitallapaloma.com\/wp-content\/uploads\/2016\/03\/ginecologia-consulta.jpg 980w, https:\/\/www.hospitallapaloma.com\/wp-content\/uploads\/2016\/03\/ginecologia-consulta-600x227.jpg 600w, https:\/\/www.hospitallapaloma.com\/wp-content\/uploads\/2016\/03\/ginecologia-consulta-300x113.jpg 300w, https:\/\/www.hospitallapaloma.com\/wp-content\/uploads\/2016\/03\/ginecologia-consulta-768x290.jpg 768w\" sizes=\"auto, (max-width: 980px) 100vw, 980px\" \/><\/p>\n<p>La gyn\u00e9cologie est une sp\u00e9cialit\u00e9 m\u00e9dicale et chirurgicale qui traite les maladies du syst\u00e8me reproducteur f\u00e9minin (vulve et vagin, ut\u00e9rus et ovaires).<\/p>\n<p>Ainsi, les gyn\u00e9cologues sont les sp\u00e9cialistes d\u00e9di\u00e9s \u00e0 la pr\u00e9vention, au diagnostic et au traitement de maladies telles que :<\/p>\n<ul>\n<li>Infections des voies g\u00e9nitales (vulvovaginite infectieuse, maladies sexuellement transmissibles)<\/li>\n<li>Perturbations du cycle menstruel (absence des r\u00e8gles, r\u00e8gles abondantes ou irr\u00e9guli\u00e8res)<\/li>\n<li>Dysm\u00e9norrh\u00e9e (r\u00e8gles douloureuses)<\/li>\n<li>St\u00e9rilit\u00e9 (incapacit\u00e9 de tomber enceinte)<\/li>\n<li>Incontinence urinaire et prolapsus des organes pelviens par la vulve (vessie, ut\u00e9rus et rectum)<\/li>\n<li>Cancer et maladies pr\u00e9canc\u00e9reuses des organes reproducteurs<\/li>\n<\/ul>\n<p>Les experts recommandent de faire la premi\u00e8re visite chez le <a href=\"https:\/\/www.hospitallapaloma.com\/equipo-medico\/dr-alejandro-marti-latorre\/\">gyn\u00e9cologue<\/a> lors du premier rapport sexuel, ou m\u00eame plus t\u00f4t pour les adolescentes afin de r\u00e9soudre leurs doutes ou leurs inqui\u00e9tudes concernant le d\u00e9veloppement, le cycle menstruel, l&rsquo;hygi\u00e8ne intime ou la contraception.<\/p>\n<p><img loading=\"lazy\" decoding=\"async\" class=\"alignnone wp-image-492 size-full\" title=\"Unidad de Obstetricia y Ginecolog\u00eda\" src=\"https:\/\/www.hospitallapaloma.com\/wp-content\/uploads\/2016\/03\/obstetricia-ecografia-en-4d.jpg\" alt=\"Unidad de Obstetricia y Ginecolog\u00eda\" width=\"870\" height=\"458\" srcset=\"https:\/\/www.hospitallapaloma.com\/wp-content\/uploads\/2016\/03\/obstetricia-ecografia-en-4d.jpg 870w, https:\/\/www.hospitallapaloma.com\/wp-content\/uploads\/2016\/03\/obstetricia-ecografia-en-4d-600x316.jpg 600w, https:\/\/www.hospitallapaloma.com\/wp-content\/uploads\/2016\/03\/obstetricia-ecografia-en-4d-300x158.jpg 300w, https:\/\/www.hospitallapaloma.com\/wp-content\/uploads\/2016\/03\/obstetricia-ecografia-en-4d-768x404.jpg 768w\" sizes=\"auto, (max-width: 870px) 100vw, 870px\" \/><\/p>\n<\/div>\n<p>[\/vc_column_text][vc_empty_space height=\u00a0\u00bb18px\u00a0\u00bb][\/vc_column][\/vc_row][vc_row][vc_column][vc_column_text]<\/p>\n<h3>Gamme de services de l&rsquo;Unit\u00e9 d&rsquo;obst\u00e9trique et de gyn\u00e9cologie:<\/h3>\n<p>[\/vc_column_text][vc_empty_space height=\u00a0\u00bb18px\u00a0\u00bb][vc_tta_accordion spacing=\u00a0\u00bb15&Prime; active_section=\u00a0\u00bb20&Prime; no_fill=\u00a0\u00bbtrue\u00a0\u00bb collapsible_all=\u00a0\u00bbtrue\u00a0\u00bb][vc_tta_section title=\u00a0\u00bbObst\u00e9trique\u00a0\u00bb tab_id=\u00a0\u00bb1488815450894-8a9258d5-1729&Prime;][vc_column_text]<\/p>\n<ul>\n<li>Surveillance de la grossesse<\/li>\n<li>\u00c9chographie obst\u00e9tricale 3D et 4D haute r\u00e9solution<\/li>\n<li>Test d&rsquo;anomalies chromosomiques f\u0153tales non invasives<\/li>\n<li>Biopsie chorionique, amniocent\u00e8se<\/li>\n<\/ul>\n<p>[\/vc_column_text][\/vc_tta_section][vc_tta_section title=\u00a0\u00bbGyn\u00e9cologie\u00a0\u00bb tab_id=\u00a0\u00bb1488815451072-10667823-b119&Prime;][vc_column_text]<\/p>\n<ul>\n<li>Examen gyn\u00e9cologique p\u00e9riodique<\/li>\n<li>\u00c9chographie gyn\u00e9cologique \u00e0 haute r\u00e9solution<\/li>\n<li>Conseils en mati\u00e8re de contraception, pose d&rsquo;un DIU, ligature des trompes<\/li>\n<li>\u00c9tude du couple avec probl\u00e8mes de st\u00e9rilit\u00e9<\/li>\n<li>Chirurgie gyn\u00e9cologique g\u00e9n\u00e9rale<\/li>\n<li>Hyst\u00e9roscopie<\/li>\n<li>Chirurgie gyn\u00e9cologique esth\u00e9tique (correction des anomalies des l\u00e8vres, r\u00e9paration des d\u00e9fauts p\u00e9rin\u00e9aux suite \u00e0 des l\u00e9sions post-partum).<\/li>\n<\/ul>\n<p>[\/vc_column_text][\/vc_tta_section][\/vc_tta_accordion][\/vc_column][\/vc_row][vc_row][vc_column][vc_column_text]<\/p>\n<div style=\"text-align: justify;\">\n<h2 style=\"text-align: justify;\"><span lang=\"FR\">Informations compl\u00e9mentaires<\/span><\/h2>\n<h4 style=\"margin-top: 22.5pt; text-align: justify;\"><span lang=\"FR\">Le cancer du col ut\u00e9rin se d\u00e9veloppe \u00e0 partir de l\u00e9sions pr\u00e9canc\u00e9reuses qui peuvent \u00eatre d\u00e9tect\u00e9es par des cytologies p\u00e9riodiques.<\/span><\/h4>\n<p style=\"text-align: justify;\"><span lang=\"FR\">Ces l\u00e9sions r\u00e9sultent d&rsquo;une infection persistante par le virus du papillome humain (VPH), qui est contract\u00e9 lors des rapports sexuels.<\/span><\/p>\n<p style=\"text-align: justify;\"><span lang=\"FR\">Le vaccin contre le VPH peut pr\u00e9venir les infections caus\u00e9es par les types de VPH inclus dans sa composition (16 et 18) qui causent plus de 70 % des cas de cancer du col ut\u00e9rin.<\/span><\/p>\n<p style=\"text-align: justify;\"><span lang=\"FR\">Mais il prot\u00e8ge aussi partiellement contre d&rsquo;autres types de VPH non inclus dans le vaccin, qui causent environ 13 % des cas de cancer du col ut\u00e9rin.<\/span><\/p>\n<h4>L&rsquo;allaitement peut r\u00e9duire le risque de cancer du sein.<\/h4>\n<p>L&rsquo;allaitement peut r\u00e9duire le risque de cancer du sein, surtout s\u2019il dure plus d&rsquo;un an.<\/p>\n<p>Il y a plusieurs raisons pour lesquelles l&rsquo;allaitement maternel prot\u00e8ge la sant\u00e9 des seins :<\/p>\n<ul>\n<li>La production continue de lait par les cellules mammaires limite leur capacit\u00e9 \u00e0 modifier leur comportement et leur malignit\u00e9.<\/li>\n<li>Pendant l&rsquo;allaitement, les femmes ont moins de cycles menstruels, et donc des niveaux d&rsquo;\u0153strog\u00e8nes plus bas.<\/li>\n<li><span lang=\"FR\">La plupart des femmes qui allaitent ont un mode de vie plus sain pendant cette p\u00e9riode.<\/span><\/li>\n<\/ul>\n<p style=\"text-align: justify;\"><span lang=\"FR\">De plus, il est bien \u00e9tabli que <strong>l&rsquo;allaitement maternel est la m\u00e9thode d&rsquo;alimentation la plus appropri\u00e9e pour le d\u00e9veloppement du b\u00e9b\u00e9.<\/strong><\/span><\/p>\n<\/div>\n<p>[\/vc_column_text][\/vc_column][\/vc_row][vc_row css=\u00a0\u00bb.vc_custom_1556555924087{margin-top: -60px !important;}\u00a0\u00bb][vc_column offset=\u00a0\u00bbvc_hidden-lg vc_hidden-md\u00a0\u00bb][vc_column_text]<\/p>\n<div id=\"plus\" style=\"bottom: 60px; right: 7px; position: fixed; z-index: 700;\"><img loading=\"lazy\" decoding=\"async\" class=\"alignnone size-full wp-image-6888\" src=\"https:\/\/www.hospitallapaloma.com\/wp-content\/uploads\/2019\/05\/gif-mv.gif\" alt=\"\" width=\"60\" height=\"60\" \/><\/div>\n<div id=\"minus\" style=\"bottom: 60px; right: 7px; position: fixed; z-index: 700; display: none;\"><img loading=\"lazy\" decoding=\"async\" class=\"alignnone size-full wp-image-6888\" src=\"https:\/\/www.hospitallapaloma.com\/wp-content\/uploads\/2019\/04\/equis.png\" alt=\"\" width=\"60\" height=\"60\" \/><\/div>\n<div id=\"form\" style=\"bottom: 130px; right: 10px; position: fixed; z-index: 700; display: none;\"><a href=\"#pide-cita\"><img loading=\"lazy\" decoding=\"async\" class=\"alignnone size-full wp-image-6888\" src=\"https:\/\/www.hospitallapaloma.com\/wp-content\/uploads\/2019\/04\/form.png\" alt=\"\" width=\"55\" height=\"55\" \/><\/a><\/div>\n<div id=\"phone\" style=\"bottom: 190px; right: 10px; position: fixed; z-index: 700; display: none;\"><a href=\"tel:+34928234466\"><img loading=\"lazy\" decoding=\"async\" class=\"alignnone size-full wp-image-6888\" src=\"https:\/\/www.hospitallapaloma.com\/wp-content\/uploads\/2019\/04\/phone.png\" alt=\"\" width=\"55\" height=\"55\" \/><\/a><\/div>\n<p>[\/vc_column_text][vc_raw_js]JTNDc2NyaXB0JTIwdHlwZSUzRCUyMnRleHQlMkZqYXZhc2NyaXB0JTIyJTNFJTIwJTBBJTBBdmFyJTIwYnRuXzElMjAlM0QlMjBkb2N1bWVudC5nZXRFbGVtZW50QnlJZCUyOCUyN3BsdXMlMjclMjklM0IlMEF2YXIlMjBidG5fMiUyMCUzRCUyMGRvY3VtZW50LmdldEVsZW1lbnRCeUlkJTI4JTI3Zm9ybSUyNyUyOSUzQiUwQXZhciUyMGJ0bl8zJTIwJTNEJTIwZG9jdW1lbnQuZ2V0RWxlbWVudEJ5SWQlMjglMjdwaG9uZSUyNyUyOSUzQiUwQXZhciUyMGJ0bl80JTIwJTNEJTIwZG9jdW1lbnQuZ2V0RWxlbWVudEJ5SWQlMjglMjdtaW51cyUyNyUyOSUzQiUwQXZhciUyMG9wZW4lMjAlM0QlMjAxJTNCJTBBdmFyJTIwY2xvc2UlMjAlM0QlMjAwJTNCJTBBJTBBYnRuXzEub25jbGljayUyMCUzRCUyMG1vc3RyYXJCb3RvbiUzQiUwQWJ0bl80Lm9uY2xpY2slMjAlM0QlMjBvY3VsdGFyQm90b24lM0IlMEElMjAlMjAlMjAlMjAlMjAlMjAlMjAlMjAlMEFmdW5jdGlvbiUyMG1vc3RyYXJCb3RvbiUyOCUyOSUyMCU3QiUwQSUyMCUyMCUyMCUyMGJ0bl8xLnN0eWxlLmRpc3BsYXklMjAlM0QlMjAlMjdub25lJTI3JTNCJTBBJTIwJTIwJTIwJTIwYnRuXzIuc3R5bGUuZGlzcGxheSUyMCUzRCUyMCUyN2lubGluZSUyNyUzQiUwQSUyMCUyMCUyMCUyMGJ0bl8zLnN0eWxlLmRpc3BsYXklMjAlM0QlMjAlMjdpbmxpbmUlMjclM0IlMEElMjAlMjAlMjAlMjAlMjAlMjAlMjBidG5fNC5zdHlsZS5kaXNwbGF5JTIwJTNEJTIwJTI3aW5saW5lJTI3JTNCJTBBJTdEJTBBJTBBZnVuY3Rpb24lMjBvY3VsdGFyQm90b24lMjglMjklMjAlN0IlMEElMjAlMjAlMjAlMjBidG5fMS5zdHlsZS5kaXNwbGF5JTIwJTNEJTIwJTI3aW5saW5lJTI3JTNCJTBBJTIwJTIwJTIwJTIwYnRuXzIuc3R5bGUuZGlzcGxheSUyMCUzRCUyMCUyN25vbmUlMjclM0IlMEElMjAlMjAlMjAlMjBidG5fMy5zdHlsZS5kaXNwbGF5JTIwJTNEJTIwJTI3bm9uZSUyNyUzQiUwQSUyMCUyMCUyMGJ0bl80LnN0eWxlLmRpc3BsYXklMjAlM0QlMjAlMjdub25lJTI3JTNCJTBBJTdEJTBBJTBBJTBBJTNDJTJGc2NyaXB0JTNF[\/vc_raw_js][\/vc_column][\/vc_row]<\/p>\n<\/div>","protected":false},"excerpt":{"rendered":"<p>[vc_row][vc_column][vc_custom_heading text=\u00a0\u00bbUnit\u00e9 d\u2019obst\u00e9trique et de gyn\u00e9cologie\u00a0\u00bb font_container=\u00a0\u00bbtag:h1|text_align:left\u00a0\u00bb use_theme_fonts=\u00a0\u00bbyes\u00a0\u00bb][vc_single_image image=\u00a0\u00bb342&Prime; img_size=\u00a0\u00bbfull\u00a0\u00bb style=\u00a0\u00bbvc_box_border\u00a0\u00bb][vc_empty_space height=\u00a0\u00bb18px\u00a0\u00bb][\/vc_column][\/vc_row][vc_row][vc_column][vc_column_text] Qu&rsquo;est-ce que le service d&rsquo;obst\u00e9trique et de gyn\u00e9cologie ? \u00c0 l&rsquo;Unit\u00e9 d&rsquo;obst\u00e9trique et de gyn\u00e9cologie de l&rsquo;H\u00f4pital La Paloma, nous nous engageons \u00e0 fournir aux femmes le meilleur service pour prendre soin de leur sant\u00e9 reproductive. Ci-dessous, nous passons en revue les aspects&hellip;<\/p>\n","protected":false},"author":1,"featured_media":0,"parent":0,"menu_order":0,"comment_status":"closed","ping_status":"closed","template":"","meta":{"_joinchat":[],"footnotes":""},"class_list":["post-28591","page","type-page","status-publish","hentry","description-off"],"yoast_head":"<!-- This site is optimized with the Yoast SEO plugin v26.9 - https:\/\/yoast.com\/product\/yoast-seo-wordpress\/ -->\n<title>Unit\u00e9 d\u2019obst\u00e9trique et de gyn\u00e9cologie - H\u00f4pital La Paloma<\/title>\n<meta name=\"description\" content=\"\u00c0 l&#039;Unit\u00e9 d&#039;obst\u00e9trique et de gyn\u00e9cologie de l&#039;H\u00f4pital La Paloma, nous nous engageons \u00e0 fournir aux femmes le meilleur service pour prendre soin de leur sant\u00e9 reproductive.\" \/>\n<meta name=\"robots\" content=\"index, follow, max-snippet:-1, max-image-preview:large, max-video-preview:-1\" \/>\n<link rel=\"canonical\" href=\"https:\/\/www.hospitallapaloma.com\/fr\/unite-dobstetrique-et-de-gynecologie\/\" \/>\n<meta property=\"og:locale\" content=\"fr_FR\" \/>\n<meta property=\"og:type\" content=\"article\" \/>\n<meta property=\"og:title\" content=\"Unit\u00e9 d\u2019obst\u00e9trique et de gyn\u00e9cologie - H\u00f4pital La Paloma\" \/>\n<meta property=\"og:description\" content=\"\u00c0 l&#039;Unit\u00e9 d&#039;obst\u00e9trique et de gyn\u00e9cologie de l&#039;H\u00f4pital La Paloma, nous nous engageons \u00e0 fournir aux femmes le meilleur service pour prendre soin de leur sant\u00e9 reproductive.\" \/>\n<meta property=\"og:url\" content=\"https:\/\/www.hospitallapaloma.com\/fr\/unite-dobstetrique-et-de-gynecologie\/\" \/>\n<meta property=\"og:site_name\" content=\"Hospital La Paloma\" \/>\n<meta property=\"article:publisher\" content=\"https:\/\/www.facebook.com\/lapalomahospital\/\" \/>\n<meta property=\"article:modified_time\" content=\"2019-09-11T14:40:34+00:00\" \/>\n<meta property=\"og:image\" content=\"https:\/\/www.hospitallapaloma.com\/wp-content\/uploads\/2016\/03\/ginecologia-consulta.jpg\" \/>\n<meta name=\"twitter:card\" content=\"summary_large_image\" \/>\n<meta name=\"twitter:site\" content=\"@lapalomahosp\" \/>\n<meta name=\"twitter:label1\" content=\"Dur\u00e9e de lecture estim\u00e9e\" \/>\n\t<meta name=\"twitter:data1\" content=\"5 minutes\" \/>\n<script type=\"application\/ld+json\" class=\"yoast-schema-graph\">{\"@context\":\"https:\/\/schema.org\",\"@graph\":[{\"@type\":\"WebPage\",\"@id\":\"https:\/\/www.hospitallapaloma.com\/fr\/unite-dobstetrique-et-de-gynecologie\/\",\"url\":\"https:\/\/www.hospitallapaloma.com\/fr\/unite-dobstetrique-et-de-gynecologie\/\",\"name\":\"Unit\u00e9 d\u2019obst\u00e9trique et de gyn\u00e9cologie - H\u00f4pital La Paloma\",\"isPartOf\":{\"@id\":\"https:\/\/www.hospitallapaloma.com\/#website\"},\"primaryImageOfPage\":{\"@id\":\"https:\/\/www.hospitallapaloma.com\/fr\/unite-dobstetrique-et-de-gynecologie\/#primaryimage\"},\"image\":{\"@id\":\"https:\/\/www.hospitallapaloma.com\/fr\/unite-dobstetrique-et-de-gynecologie\/#primaryimage\"},\"thumbnailUrl\":\"https:\/\/www.hospitallapaloma.com\/wp-content\/uploads\/2016\/03\/ginecologia-consulta.jpg\",\"datePublished\":\"2016-03-12T18:45:53+00:00\",\"dateModified\":\"2019-09-11T14:40:34+00:00\",\"description\":\"\u00c0 l'Unit\u00e9 d'obst\u00e9trique et de gyn\u00e9cologie de l'H\u00f4pital La Paloma, nous nous engageons \u00e0 fournir aux femmes le meilleur service pour prendre soin de leur sant\u00e9 reproductive.\",\"breadcrumb\":{\"@id\":\"https:\/\/www.hospitallapaloma.com\/fr\/unite-dobstetrique-et-de-gynecologie\/#breadcrumb\"},\"inLanguage\":\"fr-FR\",\"potentialAction\":[{\"@type\":\"ReadAction\",\"target\":[\"https:\/\/www.hospitallapaloma.com\/fr\/unite-dobstetrique-et-de-gynecologie\/\"]}]},{\"@type\":\"ImageObject\",\"inLanguage\":\"fr-FR\",\"@id\":\"https:\/\/www.hospitallapaloma.com\/fr\/unite-dobstetrique-et-de-gynecologie\/#primaryimage\",\"url\":\"https:\/\/www.hospitallapaloma.com\/wp-content\/uploads\/2016\/03\/ginecologia-consulta.jpg\",\"contentUrl\":\"https:\/\/www.hospitallapaloma.com\/wp-content\/uploads\/2016\/03\/ginecologia-consulta.jpg\"},{\"@type\":\"BreadcrumbList\",\"@id\":\"https:\/\/www.hospitallapaloma.com\/fr\/unite-dobstetrique-et-de-gynecologie\/#breadcrumb\",\"itemListElement\":[{\"@type\":\"ListItem\",\"position\":1,\"name\":\"Portada\",\"item\":\"https:\/\/www.hospitallapaloma.com\/fr\/\"},{\"@type\":\"ListItem\",\"position\":2,\"name\":\"Unit\u00e9 d\u2019obst\u00e9trique et de gyn\u00e9cologie\"}]},{\"@type\":\"WebSite\",\"@id\":\"https:\/\/www.hospitallapaloma.com\/#website\",\"url\":\"https:\/\/www.hospitallapaloma.com\/\",\"name\":\"Hospital La Paloma\",\"description\":\"Hospital La Paloma en Las Palmas de Gran Canaria\",\"publisher\":{\"@id\":\"https:\/\/www.hospitallapaloma.com\/#organization\"},\"potentialAction\":[{\"@type\":\"SearchAction\",\"target\":{\"@type\":\"EntryPoint\",\"urlTemplate\":\"https:\/\/www.hospitallapaloma.com\/?s={search_term_string}\"},\"query-input\":{\"@type\":\"PropertyValueSpecification\",\"valueRequired\":true,\"valueName\":\"search_term_string\"}}],\"inLanguage\":\"fr-FR\"},{\"@type\":\"Organization\",\"@id\":\"https:\/\/www.hospitallapaloma.com\/#organization\",\"name\":\"Hospital La Paloma\",\"url\":\"https:\/\/www.hospitallapaloma.com\/\",\"logo\":{\"@type\":\"ImageObject\",\"inLanguage\":\"fr-FR\",\"@id\":\"https:\/\/www.hospitallapaloma.com\/#\/schema\/logo\/image\/\",\"url\":\"https:\/\/www.hospitallapaloma.com\/wp-content\/uploads\/2016\/03\/logo-AW-1.jpg\",\"contentUrl\":\"https:\/\/www.hospitallapaloma.com\/wp-content\/uploads\/2016\/03\/logo-AW-1.jpg\",\"width\":240,\"height\":120,\"caption\":\"Hospital La Paloma\"},\"image\":{\"@id\":\"https:\/\/www.hospitallapaloma.com\/#\/schema\/logo\/image\/\"},\"sameAs\":[\"https:\/\/www.facebook.com\/lapalomahospital\/\",\"https:\/\/x.com\/lapalomahosp\",\"https:\/\/www.youtube.com\/channel\/UCjVEdPqlsQMZmMsZ8rAh0Ng\"]}]}<\/script>\n<!-- \/ Yoast SEO plugin. -->","yoast_head_json":{"title":"Unit\u00e9 d\u2019obst\u00e9trique et de gyn\u00e9cologie - H\u00f4pital La Paloma","description":"\u00c0 l'Unit\u00e9 d'obst\u00e9trique et de gyn\u00e9cologie de l'H\u00f4pital La Paloma, nous nous engageons \u00e0 fournir aux femmes le meilleur service pour prendre soin de leur sant\u00e9 reproductive.","robots":{"index":"index","follow":"follow","max-snippet":"max-snippet:-1","max-image-preview":"max-image-preview:large","max-video-preview":"max-video-preview:-1"},"canonical":"https:\/\/www.hospitallapaloma.com\/fr\/unite-dobstetrique-et-de-gynecologie\/","og_locale":"fr_FR","og_type":"article","og_title":"Unit\u00e9 d\u2019obst\u00e9trique et de gyn\u00e9cologie - H\u00f4pital La Paloma","og_description":"\u00c0 l'Unit\u00e9 d'obst\u00e9trique et de gyn\u00e9cologie de l'H\u00f4pital La Paloma, nous nous engageons \u00e0 fournir aux femmes le meilleur service pour prendre soin de leur sant\u00e9 reproductive.","og_url":"https:\/\/www.hospitallapaloma.com\/fr\/unite-dobstetrique-et-de-gynecologie\/","og_site_name":"Hospital La Paloma","article_publisher":"https:\/\/www.facebook.com\/lapalomahospital\/","article_modified_time":"2019-09-11T14:40:34+00:00","og_image":[{"url":"https:\/\/www.hospitallapaloma.com\/wp-content\/uploads\/2016\/03\/ginecologia-consulta.jpg","type":"","width":"","height":""}],"twitter_card":"summary_large_image","twitter_site":"@lapalomahosp","twitter_misc":{"Dur\u00e9e de lecture estim\u00e9e":"5 minutes"},"schema":{"@context":"https:\/\/schema.org","@graph":[{"@type":"WebPage","@id":"https:\/\/www.hospitallapaloma.com\/fr\/unite-dobstetrique-et-de-gynecologie\/","url":"https:\/\/www.hospitallapaloma.com\/fr\/unite-dobstetrique-et-de-gynecologie\/","name":"Unit\u00e9 d\u2019obst\u00e9trique et de gyn\u00e9cologie - H\u00f4pital La Paloma","isPartOf":{"@id":"https:\/\/www.hospitallapaloma.com\/#website"},"primaryImageOfPage":{"@id":"https:\/\/www.hospitallapaloma.com\/fr\/unite-dobstetrique-et-de-gynecologie\/#primaryimage"},"image":{"@id":"https:\/\/www.hospitallapaloma.com\/fr\/unite-dobstetrique-et-de-gynecologie\/#primaryimage"},"thumbnailUrl":"https:\/\/www.hospitallapaloma.com\/wp-content\/uploads\/2016\/03\/ginecologia-consulta.jpg","datePublished":"2016-03-12T18:45:53+00:00","dateModified":"2019-09-11T14:40:34+00:00","description":"\u00c0 l'Unit\u00e9 d'obst\u00e9trique et de gyn\u00e9cologie de l'H\u00f4pital La Paloma, nous nous engageons \u00e0 fournir aux femmes le meilleur service pour prendre soin de leur sant\u00e9 reproductive.","breadcrumb":{"@id":"https:\/\/www.hospitallapaloma.com\/fr\/unite-dobstetrique-et-de-gynecologie\/#breadcrumb"},"inLanguage":"fr-FR","potentialAction":[{"@type":"ReadAction","target":["https:\/\/www.hospitallapaloma.com\/fr\/unite-dobstetrique-et-de-gynecologie\/"]}]},{"@type":"ImageObject","inLanguage":"fr-FR","@id":"https:\/\/www.hospitallapaloma.com\/fr\/unite-dobstetrique-et-de-gynecologie\/#primaryimage","url":"https:\/\/www.hospitallapaloma.com\/wp-content\/uploads\/2016\/03\/ginecologia-consulta.jpg","contentUrl":"https:\/\/www.hospitallapaloma.com\/wp-content\/uploads\/2016\/03\/ginecologia-consulta.jpg"},{"@type":"BreadcrumbList","@id":"https:\/\/www.hospitallapaloma.com\/fr\/unite-dobstetrique-et-de-gynecologie\/#breadcrumb","itemListElement":[{"@type":"ListItem","position":1,"name":"Portada","item":"https:\/\/www.hospitallapaloma.com\/fr\/"},{"@type":"ListItem","position":2,"name":"Unit\u00e9 d\u2019obst\u00e9trique et de gyn\u00e9cologie"}]},{"@type":"WebSite","@id":"https:\/\/www.hospitallapaloma.com\/#website","url":"https:\/\/www.hospitallapaloma.com\/","name":"Hospital La Paloma","description":"Hospital La Paloma en Las Palmas de Gran Canaria","publisher":{"@id":"https:\/\/www.hospitallapaloma.com\/#organization"},"potentialAction":[{"@type":"SearchAction","target":{"@type":"EntryPoint","urlTemplate":"https:\/\/www.hospitallapaloma.com\/?s={search_term_string}"},"query-input":{"@type":"PropertyValueSpecification","valueRequired":true,"valueName":"search_term_string"}}],"inLanguage":"fr-FR"},{"@type":"Organization","@id":"https:\/\/www.hospitallapaloma.com\/#organization","name":"Hospital La Paloma","url":"https:\/\/www.hospitallapaloma.com\/","logo":{"@type":"ImageObject","inLanguage":"fr-FR","@id":"https:\/\/www.hospitallapaloma.com\/#\/schema\/logo\/image\/","url":"https:\/\/www.hospitallapaloma.com\/wp-content\/uploads\/2016\/03\/logo-AW-1.jpg","contentUrl":"https:\/\/www.hospitallapaloma.com\/wp-content\/uploads\/2016\/03\/logo-AW-1.jpg","width":240,"height":120,"caption":"Hospital La Paloma"},"image":{"@id":"https:\/\/www.hospitallapaloma.com\/#\/schema\/logo\/image\/"},"sameAs":["https:\/\/www.facebook.com\/lapalomahospital\/","https:\/\/x.com\/lapalomahosp","https:\/\/www.youtube.com\/channel\/UCjVEdPqlsQMZmMsZ8rAh0Ng"]}]}},"_links":{"self":[{"href":"https:\/\/www.hospitallapaloma.com\/fr\/wp-json\/wp\/v2\/pages\/28591","targetHints":{"allow":["GET"]}}],"collection":[{"href":"https:\/\/www.hospitallapaloma.com\/fr\/wp-json\/wp\/v2\/pages"}],"about":[{"href":"https:\/\/www.hospitallapaloma.com\/fr\/wp-json\/wp\/v2\/types\/page"}],"author":[{"embeddable":true,"href":"https:\/\/www.hospitallapaloma.com\/fr\/wp-json\/wp\/v2\/users\/1"}],"replies":[{"embeddable":true,"href":"https:\/\/www.hospitallapaloma.com\/fr\/wp-json\/wp\/v2\/comments?post=28591"}],"version-history":[{"count":2,"href":"https:\/\/www.hospitallapaloma.com\/fr\/wp-json\/wp\/v2\/pages\/28591\/revisions"}],"predecessor-version":[{"id":28851,"href":"https:\/\/www.hospitallapaloma.com\/fr\/wp-json\/wp\/v2\/pages\/28591\/revisions\/28851"}],"wp:attachment":[{"href":"https:\/\/www.hospitallapaloma.com\/fr\/wp-json\/wp\/v2\/media?parent=28591"}],"curies":[{"name":"wp","href":"https:\/\/api.w.org\/{rel}","templated":true}]}}