{"id":28589,"date":"2017-12-13T21:12:50","date_gmt":"2017-12-13T19:12:50","guid":{"rendered":"https:\/\/www.hospitallapaloma.com\/unidad-de-nutricion-dietetica\/"},"modified":"2019-09-11T16:43:25","modified_gmt":"2019-09-11T14:43:25","slug":"unite-de-nutrition-et-dietetique","status":"publish","type":"page","link":"https:\/\/www.hospitallapaloma.com\/fr\/unite-de-nutrition-et-dietetique\/","title":{"rendered":"Unit\u00e9 de nutrition et di\u00e9t\u00e9tique"},"content":{"rendered":"<div class=\"wpb-content-wrapper\"><p>[vc_row][vc_column][vc_custom_heading text=\u00a0\u00bbUnit\u00e9 de nutrition et di\u00e9t\u00e9tique\u00a0\u00bb font_container=\u00a0\u00bbtag:h1|text_align:left\u00a0\u00bb use_theme_fonts=\u00a0\u00bbyes\u00a0\u00bb][vc_single_image image=\u00a0\u00bb2230&Prime; img_size=\u00a0\u00bbfull\u00a0\u00bb style=\u00a0\u00bbvc_box_border\u00a0\u00bb][vc_empty_space height=\u00a0\u00bb18px\u00a0\u00bb][\/vc_column][\/vc_row][vc_row][vc_column][vc_column_text]<\/p>\n<div style=\"text-align: justify;\">\n<p>L&rsquo;Unit\u00e9 de nutrition et di\u00e9t\u00e9tique de l\u2019<a href=\"https:\/\/www.hospitallapaloma.com\/contacto\/\">H\u00f4pital La Paloma<\/a> a \u00e9t\u00e9 cr\u00e9\u00e9e dans le but d&rsquo;offrir au patient un service di\u00e9t\u00e9tique et nutritionnel totalement personnalis\u00e9, \u00e0 travers lequel il recevra des conseils di\u00e9t\u00e9tiques, des traitements et une \u00e9ducation sur les bonnes habitudes alimentaires.<\/p>\n<p>Tout cela en tenant compte des besoins physiologiques, des pr\u00e9f\u00e9rences personnelles et culturelles afin de pr\u00e9venir et\/ou r\u00e9cup\u00e9rer les processus pathologiques.<\/p>\n<h2>Qu&rsquo;offre l&rsquo;Unit\u00e9 de nutrition et di\u00e9t\u00e9tique ?<\/h2>\n<p>Cette unit\u00e9 offre un service personnalis\u00e9 de perte de poids, favorisant une perte pond\u00e9rale saine pour \u00e9viter le tant redout\u00e9 effet de rebond, tout en vous proposant un r\u00e9gime sain, naturel et \u00e9quilibr\u00e9, adapt\u00e9 \u00e0 vos besoins et pr\u00e9f\u00e9rences alimentaires.<\/p>\n<p>Le service de nutrition clinique est destin\u00e9 aux patients qui souffrent de maladies pour lesquelles une alimentation ad\u00e9quate fait partie du traitement. Il offre \u00e9galement des conseils et un suivi des r\u00e9gimes v\u00e9g\u00e9taliens, v\u00e9g\u00e9tariens, etc.<\/p>\n<h2>Comment se d\u00e9roule la consultation ?<\/h2>\n<p>Lors d&rsquo;une premi\u00e8re consultation, l&rsquo;histoire du patient et le traitement di\u00e9t\u00e9tique sont \u00e9tablis en fonction de la pr\u00e9sence d&rsquo;un processus pathologique ou d&rsquo;un objectif \u00e0 atteindre.<\/p>\n<p>Aussi :<\/p>\n<ul>\n<li>Les habitudes alimentaires seront \u00e9valu\u00e9es.<\/li>\n<li>Une \u00e9tude de la composition corporelle est r\u00e9alis\u00e9e, pendant laquelle nous mesurerons le poids, les diff\u00e9rents compartiments du corps tels que la graisse, la musculature, la graisse visc\u00e9rale et l&rsquo;eau corporelle.<\/li>\n<li>Les erreurs nutritionnelles des patients seront identifi\u00e9es.<\/li>\n<\/ul>\n<p>Enfin, le sp\u00e9cialiste recommandera le r\u00e9gime le plus appropri\u00e9 pour obtenir une alimentation \u00e9quilibr\u00e9e, ad\u00e9quate et saine, dont l&rsquo;objectif sera la r\u00e9cup\u00e9ration et\/ou la pr\u00e9vention des processus pathologiques actuels ou l&rsquo;atteinte d&rsquo;un r\u00e9sultat optimal et sain chez les personnes en surpoids et ob\u00e8ses.<\/p>\n<h3>Avantages pour les patients<\/h3>\n<p>Le fait d\u2019offrir aux patients ambulatoires comme aux patients hospitalis\u00e9s la possibilit\u00e9 d&rsquo;ajouter ce service \u00e0 leur traitement, \u00e0 la fois pour pr\u00e9venir ou traiter des pathologies, permet :<\/p>\n<ul>\n<li>B\u00e9n\u00e9ficier des conseils et d&rsquo;un traitement di\u00e9t\u00e9tique et nutritionnel complet.<\/li>\n<li>L&rsquo;\u00e9laboration d&rsquo;un plan di\u00e9t\u00e9tique et nutritionnel adapt\u00e9 \u00e0 l&rsquo;\u00e9volution des pathologies et des recommandations apr\u00e8s la sortie de l&rsquo;h\u00f4pital.<\/li>\n<\/ul>\n<p>Il s&rsquo;agit d&rsquo;une unit\u00e9 multidisciplinaire o\u00f9 le patient se sentira pleinement accompagn\u00e9 et conseill\u00e9 par une seule \u00e9quipe de professionnels de la sant\u00e9, enti\u00e8rement renseign\u00e9e et avec un seul but, celui de traiter le patient.<\/p>\n<h3>L&rsquo;alimentation dans le cadre du traitement<\/h3>\n<p>Le di\u00e9t\u00e9ticien intervient dans l&rsquo;alimentation des personnes saines ou malades (dans ce cas, apr\u00e8s diagnostic m\u00e9dical), en tenant compte des besoins physiologiques ou pathologiques, des pr\u00e9f\u00e9rences personnelles et culturelles.<\/p>\n<p>Le service de nutrition clinique est destin\u00e9 aux patients qui souffrent de maladies pour lesquelles une alimentation ad\u00e9quate fait partie du traitement telles que dyslip\u00e9mies, hypertension art\u00e9rielle, ob\u00e9sit\u00e9 et surpoids, chirurgie bariatrique, intol\u00e9rances digestives, pathologie oncologique, chimioth\u00e9rapie et\/ou radioth\u00e9rapie, maladie intestinale inflammatoire, diab\u00e8te, c\u00f4lon irritable, etc.<\/p>\n<p><img loading=\"lazy\" decoding=\"async\" class=\"alignnone size-full wp-image-2235\" src=\"https:\/\/www.hospitallapaloma.com\/wp-content\/uploads\/2017\/12\/alimentacion.jpg\" alt=\"\" width=\"800\" height=\"458\" srcset=\"https:\/\/www.hospitallapaloma.com\/wp-content\/uploads\/2017\/12\/alimentacion.jpg 800w, https:\/\/www.hospitallapaloma.com\/wp-content\/uploads\/2017\/12\/alimentacion-600x344.jpg 600w, https:\/\/www.hospitallapaloma.com\/wp-content\/uploads\/2017\/12\/alimentacion-300x172.jpg 300w, https:\/\/www.hospitallapaloma.com\/wp-content\/uploads\/2017\/12\/alimentacion-768x440.jpg 768w, https:\/\/www.hospitallapaloma.com\/wp-content\/uploads\/2017\/12\/alimentacion-610x349.jpg 610w\" sizes=\"auto, (max-width: 800px) 100vw, 800px\" \/><\/p>\n<h2>Programme de perte de poids<\/h2>\n<p>Le programme de perte de poids qui est mis en place au sein de l&rsquo;Unit\u00e9 de nutrition et di\u00e9t\u00e9tique comprend :<\/p>\n<ul>\n<li>\u00c9tude de la composition corporelle, mesure pr\u00e9cise de votre poids id\u00e9al, IMC, % de graisse corporelle, % de muscle par bioimp\u00e9dance avanc\u00e9e.<\/li>\n<li>\u00c9tude des habitudes alimentaires.<\/li>\n<li>Recommandations pour un mode de vie sain.<\/li>\n<li>\u00c9laboration d&rsquo;un r\u00e9gime alimentaire personnalis\u00e9.<\/li>\n<li>Consultation de suivi selon les besoins.<\/li>\n<\/ul>\n<\/div>\n<p>[\/vc_column_text][\/vc_column][\/vc_row][vc_row css=\u00a0\u00bb.vc_custom_1556555924087{margin-top: -60px !important;}\u00a0\u00bb][vc_column offset=\u00a0\u00bbvc_hidden-lg vc_hidden-md\u00a0\u00bb][vc_column_text]<\/p>\n<div id=\"plus\" style=\"bottom: 60px; right: 7px; position: fixed; z-index: 700;\"><img loading=\"lazy\" decoding=\"async\" class=\"alignnone size-full wp-image-6888\" src=\"https:\/\/www.hospitallapaloma.com\/wp-content\/uploads\/2019\/05\/gif-mv.gif\" alt=\"\" width=\"60\" height=\"60\" \/><\/div>\n<div id=\"minus\" style=\"bottom: 60px; right: 7px; position: fixed; z-index: 700; display: none;\"><img loading=\"lazy\" decoding=\"async\" class=\"alignnone size-full wp-image-6888\" src=\"https:\/\/www.hospitallapaloma.com\/wp-content\/uploads\/2019\/04\/equis.png\" alt=\"\" width=\"60\" height=\"60\" \/><\/div>\n<div id=\"form\" style=\"bottom: 130px; right: 10px; position: fixed; z-index: 700; display: none;\"><a href=\"#pide-cita\"><img loading=\"lazy\" decoding=\"async\" class=\"alignnone size-full wp-image-6888\" src=\"https:\/\/www.hospitallapaloma.com\/wp-content\/uploads\/2019\/04\/form.png\" alt=\"\" width=\"55\" height=\"55\" \/><\/a><\/div>\n<div id=\"phone\" style=\"bottom: 190px; right: 10px; position: fixed; z-index: 700; display: none;\"><a href=\"tel:+34928234466\"><img loading=\"lazy\" decoding=\"async\" class=\"alignnone size-full wp-image-6888\" src=\"https:\/\/www.hospitallapaloma.com\/wp-content\/uploads\/2019\/04\/phone.png\" alt=\"\" width=\"55\" height=\"55\" \/><\/a><\/div>\n<p>[\/vc_column_text][vc_raw_js]JTNDc2NyaXB0JTIwdHlwZSUzRCUyMnRleHQlMkZqYXZhc2NyaXB0JTIyJTNFJTIwJTBBJTBBdmFyJTIwYnRuXzElMjAlM0QlMjBkb2N1bWVudC5nZXRFbGVtZW50QnlJZCUyOCUyN3BsdXMlMjclMjklM0IlMEF2YXIlMjBidG5fMiUyMCUzRCUyMGRvY3VtZW50LmdldEVsZW1lbnRCeUlkJTI4JTI3Zm9ybSUyNyUyOSUzQiUwQXZhciUyMGJ0bl8zJTIwJTNEJTIwZG9jdW1lbnQuZ2V0RWxlbWVudEJ5SWQlMjglMjdwaG9uZSUyNyUyOSUzQiUwQXZhciUyMGJ0bl80JTIwJTNEJTIwZG9jdW1lbnQuZ2V0RWxlbWVudEJ5SWQlMjglMjdtaW51cyUyNyUyOSUzQiUwQXZhciUyMG9wZW4lMjAlM0QlMjAxJTNCJTBBdmFyJTIwY2xvc2UlMjAlM0QlMjAwJTNCJTBBJTBBYnRuXzEub25jbGljayUyMCUzRCUyMG1vc3RyYXJCb3RvbiUzQiUwQWJ0bl80Lm9uY2xpY2slMjAlM0QlMjBvY3VsdGFyQm90b24lM0IlMEElMjAlMjAlMjAlMjAlMjAlMjAlMjAlMjAlMEFmdW5jdGlvbiUyMG1vc3RyYXJCb3RvbiUyOCUyOSUyMCU3QiUwQSUyMCUyMCUyMCUyMGJ0bl8xLnN0eWxlLmRpc3BsYXklMjAlM0QlMjAlMjdub25lJTI3JTNCJTBBJTIwJTIwJTIwJTIwYnRuXzIuc3R5bGUuZGlzcGxheSUyMCUzRCUyMCUyN2lubGluZSUyNyUzQiUwQSUyMCUyMCUyMCUyMGJ0bl8zLnN0eWxlLmRpc3BsYXklMjAlM0QlMjAlMjdpbmxpbmUlMjclM0IlMEElMjAlMjAlMjAlMjAlMjAlMjAlMjBidG5fNC5zdHlsZS5kaXNwbGF5JTIwJTNEJTIwJTI3aW5saW5lJTI3JTNCJTBBJTdEJTBBJTBBZnVuY3Rpb24lMjBvY3VsdGFyQm90b24lMjglMjklMjAlN0IlMEElMjAlMjAlMjAlMjBidG5fMS5zdHlsZS5kaXNwbGF5JTIwJTNEJTIwJTI3aW5saW5lJTI3JTNCJTBBJTIwJTIwJTIwJTIwYnRuXzIuc3R5bGUuZGlzcGxheSUyMCUzRCUyMCUyN25vbmUlMjclM0IlMEElMjAlMjAlMjAlMjBidG5fMy5zdHlsZS5kaXNwbGF5JTIwJTNEJTIwJTI3bm9uZSUyNyUzQiUwQSUyMCUyMCUyMGJ0bl80LnN0eWxlLmRpc3BsYXklMjAlM0QlMjAlMjdub25lJTI3JTNCJTBBJTdEJTBBJTBBJTBBJTNDJTJGc2NyaXB0JTNF[\/vc_raw_js][\/vc_column][\/vc_row]<\/p>\n<\/div>","protected":false},"excerpt":{"rendered":"<p>[vc_row][vc_column][vc_custom_heading text=\u00a0\u00bbUnit\u00e9 de nutrition et di\u00e9t\u00e9tique\u00a0\u00bb font_container=\u00a0\u00bbtag:h1|text_align:left\u00a0\u00bb use_theme_fonts=\u00a0\u00bbyes\u00a0\u00bb][vc_single_image image=\u00a0\u00bb2230&Prime; img_size=\u00a0\u00bbfull\u00a0\u00bb style=\u00a0\u00bbvc_box_border\u00a0\u00bb][vc_empty_space height=\u00a0\u00bb18px\u00a0\u00bb][\/vc_column][\/vc_row][vc_row][vc_column][vc_column_text] L&rsquo;Unit\u00e9 de nutrition et di\u00e9t\u00e9tique de l\u2019H\u00f4pital La Paloma a \u00e9t\u00e9 cr\u00e9\u00e9e dans le but d&rsquo;offrir au patient un service di\u00e9t\u00e9tique et nutritionnel totalement personnalis\u00e9, \u00e0 travers lequel il recevra des conseils di\u00e9t\u00e9tiques, des traitements et une \u00e9ducation sur les bonnes habitudes alimentaires.&hellip;<\/p>\n","protected":false},"author":1,"featured_media":28578,"parent":0,"menu_order":0,"comment_status":"closed","ping_status":"closed","template":"","meta":{"_joinchat":[],"footnotes":""},"class_list":["post-28589","page","type-page","status-publish","has-post-thumbnail","hentry","description-off"],"yoast_head":"<!-- This site is optimized with the Yoast SEO plugin v26.9 - https:\/\/yoast.com\/product\/yoast-seo-wordpress\/ -->\n<title>Unit\u00e9 de nutrition et di\u00e9t\u00e9tique - H\u00f4pital La Paloma<\/title>\n<meta name=\"description\" content=\"L&#039;Unit\u00e9 de nutrition et di\u00e9t\u00e9tique de l\u2019H\u00f4pital La Paloma a \u00e9t\u00e9 cr\u00e9\u00e9e dans le but d&#039;offrir au patient un service di\u00e9t\u00e9tique et nutritionnel totalement personnalis\u00e9\" \/>\n<meta name=\"robots\" content=\"index, follow, max-snippet:-1, max-image-preview:large, max-video-preview:-1\" \/>\n<link rel=\"canonical\" href=\"https:\/\/www.hospitallapaloma.com\/fr\/unite-de-nutrition-et-dietetique\/\" \/>\n<meta property=\"og:locale\" content=\"fr_FR\" \/>\n<meta property=\"og:type\" content=\"article\" \/>\n<meta property=\"og:title\" content=\"Unit\u00e9 de nutrition et di\u00e9t\u00e9tique - H\u00f4pital La Paloma\" \/>\n<meta property=\"og:description\" content=\"L&#039;Unit\u00e9 de nutrition et di\u00e9t\u00e9tique de l\u2019H\u00f4pital La Paloma a \u00e9t\u00e9 cr\u00e9\u00e9e dans le but d&#039;offrir au patient un service di\u00e9t\u00e9tique et nutritionnel totalement personnalis\u00e9\" \/>\n<meta property=\"og:url\" content=\"https:\/\/www.hospitallapaloma.com\/fr\/unite-de-nutrition-et-dietetique\/\" \/>\n<meta property=\"og:site_name\" content=\"Hospital La Paloma\" \/>\n<meta property=\"article:publisher\" content=\"https:\/\/www.facebook.com\/lapalomahospital\/\" \/>\n<meta property=\"article:modified_time\" content=\"2019-09-11T14:43:25+00:00\" \/>\n<meta property=\"og:image\" content=\"https:\/\/www.hospitallapaloma.com\/wp-content\/uploads\/2017\/12\/nutricion-y-dietetica.jpg\" \/>\n\t<meta property=\"og:image:width\" content=\"800\" \/>\n\t<meta property=\"og:image:height\" content=\"489\" \/>\n\t<meta property=\"og:image:type\" content=\"image\/jpeg\" \/>\n<meta name=\"twitter:card\" content=\"summary_large_image\" \/>\n<meta name=\"twitter:site\" content=\"@lapalomahosp\" \/>\n<meta name=\"twitter:label1\" content=\"Dur\u00e9e de lecture estim\u00e9e\" \/>\n\t<meta name=\"twitter:data1\" content=\"4 minutes\" \/>\n<script type=\"application\/ld+json\" class=\"yoast-schema-graph\">{\"@context\":\"https:\/\/schema.org\",\"@graph\":[{\"@type\":\"WebPage\",\"@id\":\"https:\/\/www.hospitallapaloma.com\/fr\/unite-de-nutrition-et-dietetique\/\",\"url\":\"https:\/\/www.hospitallapaloma.com\/fr\/unite-de-nutrition-et-dietetique\/\",\"name\":\"Unit\u00e9 de nutrition et di\u00e9t\u00e9tique - H\u00f4pital La Paloma\",\"isPartOf\":{\"@id\":\"https:\/\/www.hospitallapaloma.com\/#website\"},\"primaryImageOfPage\":{\"@id\":\"https:\/\/www.hospitallapaloma.com\/fr\/unite-de-nutrition-et-dietetique\/#primaryimage\"},\"image\":{\"@id\":\"https:\/\/www.hospitallapaloma.com\/fr\/unite-de-nutrition-et-dietetique\/#primaryimage\"},\"thumbnailUrl\":\"https:\/\/www.hospitallapaloma.com\/wp-content\/uploads\/2017\/12\/nutricion-y-dietetica.jpg\",\"datePublished\":\"2017-12-13T19:12:50+00:00\",\"dateModified\":\"2019-09-11T14:43:25+00:00\",\"description\":\"L'Unit\u00e9 de nutrition et di\u00e9t\u00e9tique de l\u2019H\u00f4pital La Paloma a \u00e9t\u00e9 cr\u00e9\u00e9e dans le but d'offrir au patient un service di\u00e9t\u00e9tique et nutritionnel totalement personnalis\u00e9\",\"breadcrumb\":{\"@id\":\"https:\/\/www.hospitallapaloma.com\/fr\/unite-de-nutrition-et-dietetique\/#breadcrumb\"},\"inLanguage\":\"fr-FR\",\"potentialAction\":[{\"@type\":\"ReadAction\",\"target\":[\"https:\/\/www.hospitallapaloma.com\/fr\/unite-de-nutrition-et-dietetique\/\"]}]},{\"@type\":\"ImageObject\",\"inLanguage\":\"fr-FR\",\"@id\":\"https:\/\/www.hospitallapaloma.com\/fr\/unite-de-nutrition-et-dietetique\/#primaryimage\",\"url\":\"https:\/\/www.hospitallapaloma.com\/wp-content\/uploads\/2017\/12\/nutricion-y-dietetica.jpg\",\"contentUrl\":\"https:\/\/www.hospitallapaloma.com\/wp-content\/uploads\/2017\/12\/nutricion-y-dietetica.jpg\",\"width\":800,\"height\":489},{\"@type\":\"BreadcrumbList\",\"@id\":\"https:\/\/www.hospitallapaloma.com\/fr\/unite-de-nutrition-et-dietetique\/#breadcrumb\",\"itemListElement\":[{\"@type\":\"ListItem\",\"position\":1,\"name\":\"Portada\",\"item\":\"https:\/\/www.hospitallapaloma.com\/fr\/\"},{\"@type\":\"ListItem\",\"position\":2,\"name\":\"Unit\u00e9 de nutrition et di\u00e9t\u00e9tique\"}]},{\"@type\":\"WebSite\",\"@id\":\"https:\/\/www.hospitallapaloma.com\/#website\",\"url\":\"https:\/\/www.hospitallapaloma.com\/\",\"name\":\"Hospital La Paloma\",\"description\":\"Hospital La Paloma en Las Palmas de Gran Canaria\",\"publisher\":{\"@id\":\"https:\/\/www.hospitallapaloma.com\/#organization\"},\"potentialAction\":[{\"@type\":\"SearchAction\",\"target\":{\"@type\":\"EntryPoint\",\"urlTemplate\":\"https:\/\/www.hospitallapaloma.com\/?s={search_term_string}\"},\"query-input\":{\"@type\":\"PropertyValueSpecification\",\"valueRequired\":true,\"valueName\":\"search_term_string\"}}],\"inLanguage\":\"fr-FR\"},{\"@type\":\"Organization\",\"@id\":\"https:\/\/www.hospitallapaloma.com\/#organization\",\"name\":\"Hospital La Paloma\",\"url\":\"https:\/\/www.hospitallapaloma.com\/\",\"logo\":{\"@type\":\"ImageObject\",\"inLanguage\":\"fr-FR\",\"@id\":\"https:\/\/www.hospitallapaloma.com\/#\/schema\/logo\/image\/\",\"url\":\"https:\/\/www.hospitallapaloma.com\/wp-content\/uploads\/2016\/03\/logo-AW-1.jpg\",\"contentUrl\":\"https:\/\/www.hospitallapaloma.com\/wp-content\/uploads\/2016\/03\/logo-AW-1.jpg\",\"width\":240,\"height\":120,\"caption\":\"Hospital La Paloma\"},\"image\":{\"@id\":\"https:\/\/www.hospitallapaloma.com\/#\/schema\/logo\/image\/\"},\"sameAs\":[\"https:\/\/www.facebook.com\/lapalomahospital\/\",\"https:\/\/x.com\/lapalomahosp\",\"https:\/\/www.youtube.com\/channel\/UCjVEdPqlsQMZmMsZ8rAh0Ng\"]}]}<\/script>\n<!-- \/ Yoast SEO plugin. -->","yoast_head_json":{"title":"Unit\u00e9 de nutrition et di\u00e9t\u00e9tique - H\u00f4pital La Paloma","description":"L'Unit\u00e9 de nutrition et di\u00e9t\u00e9tique de l\u2019H\u00f4pital La Paloma a \u00e9t\u00e9 cr\u00e9\u00e9e dans le but d'offrir au patient un service di\u00e9t\u00e9tique et nutritionnel totalement personnalis\u00e9","robots":{"index":"index","follow":"follow","max-snippet":"max-snippet:-1","max-image-preview":"max-image-preview:large","max-video-preview":"max-video-preview:-1"},"canonical":"https:\/\/www.hospitallapaloma.com\/fr\/unite-de-nutrition-et-dietetique\/","og_locale":"fr_FR","og_type":"article","og_title":"Unit\u00e9 de nutrition et di\u00e9t\u00e9tique - H\u00f4pital La Paloma","og_description":"L'Unit\u00e9 de nutrition et di\u00e9t\u00e9tique de l\u2019H\u00f4pital La Paloma a \u00e9t\u00e9 cr\u00e9\u00e9e dans le but d'offrir au patient un service di\u00e9t\u00e9tique et nutritionnel totalement personnalis\u00e9","og_url":"https:\/\/www.hospitallapaloma.com\/fr\/unite-de-nutrition-et-dietetique\/","og_site_name":"Hospital La Paloma","article_publisher":"https:\/\/www.facebook.com\/lapalomahospital\/","article_modified_time":"2019-09-11T14:43:25+00:00","og_image":[{"width":800,"height":489,"url":"https:\/\/www.hospitallapaloma.com\/wp-content\/uploads\/2017\/12\/nutricion-y-dietetica.jpg","type":"image\/jpeg"}],"twitter_card":"summary_large_image","twitter_site":"@lapalomahosp","twitter_misc":{"Dur\u00e9e de lecture estim\u00e9e":"4 minutes"},"schema":{"@context":"https:\/\/schema.org","@graph":[{"@type":"WebPage","@id":"https:\/\/www.hospitallapaloma.com\/fr\/unite-de-nutrition-et-dietetique\/","url":"https:\/\/www.hospitallapaloma.com\/fr\/unite-de-nutrition-et-dietetique\/","name":"Unit\u00e9 de nutrition et di\u00e9t\u00e9tique - H\u00f4pital La Paloma","isPartOf":{"@id":"https:\/\/www.hospitallapaloma.com\/#website"},"primaryImageOfPage":{"@id":"https:\/\/www.hospitallapaloma.com\/fr\/unite-de-nutrition-et-dietetique\/#primaryimage"},"image":{"@id":"https:\/\/www.hospitallapaloma.com\/fr\/unite-de-nutrition-et-dietetique\/#primaryimage"},"thumbnailUrl":"https:\/\/www.hospitallapaloma.com\/wp-content\/uploads\/2017\/12\/nutricion-y-dietetica.jpg","datePublished":"2017-12-13T19:12:50+00:00","dateModified":"2019-09-11T14:43:25+00:00","description":"L'Unit\u00e9 de nutrition et di\u00e9t\u00e9tique de l\u2019H\u00f4pital La Paloma a \u00e9t\u00e9 cr\u00e9\u00e9e dans le but d'offrir au patient un service di\u00e9t\u00e9tique et nutritionnel totalement personnalis\u00e9","breadcrumb":{"@id":"https:\/\/www.hospitallapaloma.com\/fr\/unite-de-nutrition-et-dietetique\/#breadcrumb"},"inLanguage":"fr-FR","potentialAction":[{"@type":"ReadAction","target":["https:\/\/www.hospitallapaloma.com\/fr\/unite-de-nutrition-et-dietetique\/"]}]},{"@type":"ImageObject","inLanguage":"fr-FR","@id":"https:\/\/www.hospitallapaloma.com\/fr\/unite-de-nutrition-et-dietetique\/#primaryimage","url":"https:\/\/www.hospitallapaloma.com\/wp-content\/uploads\/2017\/12\/nutricion-y-dietetica.jpg","contentUrl":"https:\/\/www.hospitallapaloma.com\/wp-content\/uploads\/2017\/12\/nutricion-y-dietetica.jpg","width":800,"height":489},{"@type":"BreadcrumbList","@id":"https:\/\/www.hospitallapaloma.com\/fr\/unite-de-nutrition-et-dietetique\/#breadcrumb","itemListElement":[{"@type":"ListItem","position":1,"name":"Portada","item":"https:\/\/www.hospitallapaloma.com\/fr\/"},{"@type":"ListItem","position":2,"name":"Unit\u00e9 de nutrition et di\u00e9t\u00e9tique"}]},{"@type":"WebSite","@id":"https:\/\/www.hospitallapaloma.com\/#website","url":"https:\/\/www.hospitallapaloma.com\/","name":"Hospital La Paloma","description":"Hospital La Paloma en Las Palmas de Gran Canaria","publisher":{"@id":"https:\/\/www.hospitallapaloma.com\/#organization"},"potentialAction":[{"@type":"SearchAction","target":{"@type":"EntryPoint","urlTemplate":"https:\/\/www.hospitallapaloma.com\/?s={search_term_string}"},"query-input":{"@type":"PropertyValueSpecification","valueRequired":true,"valueName":"search_term_string"}}],"inLanguage":"fr-FR"},{"@type":"Organization","@id":"https:\/\/www.hospitallapaloma.com\/#organization","name":"Hospital La Paloma","url":"https:\/\/www.hospitallapaloma.com\/","logo":{"@type":"ImageObject","inLanguage":"fr-FR","@id":"https:\/\/www.hospitallapaloma.com\/#\/schema\/logo\/image\/","url":"https:\/\/www.hospitallapaloma.com\/wp-content\/uploads\/2016\/03\/logo-AW-1.jpg","contentUrl":"https:\/\/www.hospitallapaloma.com\/wp-content\/uploads\/2016\/03\/logo-AW-1.jpg","width":240,"height":120,"caption":"Hospital La Paloma"},"image":{"@id":"https:\/\/www.hospitallapaloma.com\/#\/schema\/logo\/image\/"},"sameAs":["https:\/\/www.facebook.com\/lapalomahospital\/","https:\/\/x.com\/lapalomahosp","https:\/\/www.youtube.com\/channel\/UCjVEdPqlsQMZmMsZ8rAh0Ng"]}]}},"_links":{"self":[{"href":"https:\/\/www.hospitallapaloma.com\/fr\/wp-json\/wp\/v2\/pages\/28589","targetHints":{"allow":["GET"]}}],"collection":[{"href":"https:\/\/www.hospitallapaloma.com\/fr\/wp-json\/wp\/v2\/pages"}],"about":[{"href":"https:\/\/www.hospitallapaloma.com\/fr\/wp-json\/wp\/v2\/types\/page"}],"author":[{"embeddable":true,"href":"https:\/\/www.hospitallapaloma.com\/fr\/wp-json\/wp\/v2\/users\/1"}],"replies":[{"embeddable":true,"href":"https:\/\/www.hospitallapaloma.com\/fr\/wp-json\/wp\/v2\/comments?post=28589"}],"version-history":[{"count":2,"href":"https:\/\/www.hospitallapaloma.com\/fr\/wp-json\/wp\/v2\/pages\/28589\/revisions"}],"predecessor-version":[{"id":28852,"href":"https:\/\/www.hospitallapaloma.com\/fr\/wp-json\/wp\/v2\/pages\/28589\/revisions\/28852"}],"wp:featuredmedia":[{"embeddable":true,"href":"https:\/\/www.hospitallapaloma.com\/fr\/wp-json\/wp\/v2\/media\/28578"}],"wp:attachment":[{"href":"https:\/\/www.hospitallapaloma.com\/fr\/wp-json\/wp\/v2\/media?parent=28589"}],"curies":[{"name":"wp","href":"https:\/\/api.w.org\/{rel}","templated":true}]}}