{"id":28583,"date":"2017-10-16T20:10:56","date_gmt":"2017-10-16T18:10:56","guid":{"rendered":"https:\/\/www.hospitallapaloma.com\/unidad-de-insuficiencia-cardiaca\/"},"modified":"2019-09-11T16:52:18","modified_gmt":"2019-09-11T14:52:18","slug":"unite-d-insuffisance-cardiaque","status":"publish","type":"page","link":"https:\/\/www.hospitallapaloma.com\/fr\/unite-d-insuffisance-cardiaque\/","title":{"rendered":"Unit\u00e9 d\u2019insuffisance cardiaque"},"content":{"rendered":"<div class=\"wpb-content-wrapper\"><p>[vc_row][vc_column][vc_custom_heading text=\u00a0\u00bbUnit\u00e9 d\u2019insuffisance cardiaque\u00a0\u00bb font_container=\u00a0\u00bbtag:h1|text_align:left\u00a0\u00bb use_theme_fonts=\u00a0\u00bbyes\u00a0\u00bb][vc_single_image image=\u00a0\u00bb2057&Prime; img_size=\u00a0\u00bbfull\u00a0\u00bb style=\u00a0\u00bbvc_box_border\u00a0\u00bb][vc_empty_space height=\u00a0\u00bb18px\u00a0\u00bb][\/vc_column][\/vc_row][vc_row][vc_column][vc_column_text]<\/p>\n<div style=\"text-align: justify;\">\n<h2>Qu&rsquo;est-ce que l&rsquo;Unit\u00e9 d&rsquo;insuffisance cardiaque ?<\/h2>\n<p>Il s&rsquo;agit d&rsquo;une consultation sp\u00e9cialis\u00e9e et multidisciplinaire dans la prise en charge des patients ayant re\u00e7u un diagnostic d&rsquo;insuffisance cardiaque.<\/p>\n<p>Notre mission est de r\u00e9duire la mortalit\u00e9, les r\u00e9admissions \u00e0 l&rsquo;h\u00f4pital, d&rsquo;am\u00e9liorer la qualit\u00e9 de vie et d&rsquo;encourager l&rsquo;autogestion de nos patients.<\/p>\n<h3>Notre engagement<\/h3>\n<ul>\n<li>Suivi \u00e9troit de nos patients<\/li>\n<li>Acc\u00e8s imm\u00e9diat en cas de sympt\u00f4mes de d\u00e9compensation<\/li>\n<li>\u00c9ducation sanitaire qui encourage l&rsquo;autogestion<\/li>\n<li>Acc\u00e8s aux th\u00e9rapies innovantes<\/li>\n<\/ul>\n<h3>Qu&rsquo;est-ce que nous offrons ?<\/h3>\n<ul>\n<li>Consultation m\u00e9dicale<\/li>\n<li>Admission de jour en cas de d\u00e9compensation aigu\u00eb<\/li>\n<li>R\u00e9adaptation cardiaque compl\u00e8te<\/li>\n<\/ul>\n<h3>Proc\u00e9dures<\/h3>\n<ul>\n<li>Surveillance du poids, de la fr\u00e9quence cardiaque, de la tension art\u00e9rielle et de la saturation en oxyg\u00e8ne<\/li>\n<li>\u00c9lectrocardiographie<\/li>\n<li>\u00c9chocardioscopie<\/li>\n<li>Radiographie thoracique<\/li>\n<li>Analyse et biomarqueurs<\/li>\n<\/ul>\n<h3>Horaires de consultation<\/h3>\n<p>Mardi et jeudi de 15h00 \u00e0 19h00.<\/p>\n<\/div>\n<p>[\/vc_column_text][\/vc_column][\/vc_row][vc_row][vc_column][vc_empty_space]<div class=\"dt-fancy-separator\" style=\"width: 100%;\"><div class=\"dt-fancy-title\" style=\"color: #606060;\"><span class=\"separator-holder separator-left\"><\/span>Unit\u00e9 d\u2019insuffisance cardiaque<span class=\"separator-holder separator-right\"><\/span><\/div><\/div>[vc_empty_space][\/vc_column][vc_column width=\u00a0\u00bb1\/2&Prime;][vc_single_image image=\u00a0\u00bb2050&Prime; img_size=\u00a0\u00bbfull\u00a0\u00bb onclick=\u00a0\u00bbcustom_link\u00a0\u00bb link=\u00a0\u00bbhttps:\/\/www.hospitallapaloma.com\/equipo-medico\/dr-edgar-rivera-martinez\/\u00a0\u00bb][vc_empty_space height=\u00a0\u00bb20px\u00a0\u00bb][vc_column_text]<\/p>\n<h4 style=\"text-align: center;\"><a href=\"https:\/\/www.hospitallapaloma.com\/equipo-medico\/dr-edgar-rivera-martinez\/\">Dr. Edgar Rivera Mart\u00ednez<\/a><\/h4>\n<h5 style=\"text-align: center;\">Sp\u00e9cialiste en M\u00e9decine interne<\/h5>\n<p>[\/vc_column_text][vc_empty_space][\/vc_column][vc_column width=\u00a0\u00bb1\/2&Prime;][vc_single_image image=\u00a0\u00bb2073&Prime; img_size=\u00a0\u00bbfull\u00a0\u00bb][vc_empty_space height=\u00a0\u00bb20px\u00a0\u00bb][vc_column_text]<\/p>\n<h4 style=\"text-align: center;\">Dr. Sergio Padr\u00f3n Alonso<\/h4>\n<h5 style=\"text-align: center;\">Troisi\u00e8me cycle Cardiologie et M\u00e9decine familiale<\/h5>\n<p>[\/vc_column_text][vc_empty_space][\/vc_column][\/vc_row][vc_row css=\u00a0\u00bb.vc_custom_1556555924087{margin-top: -60px !important;}\u00a0\u00bb][vc_column offset=\u00a0\u00bbvc_hidden-lg vc_hidden-md\u00a0\u00bb][vc_column_text]<\/p>\n<div id=\"plus\" style=\"bottom: 60px; right: 7px; position: fixed; z-index: 700;\"><img loading=\"lazy\" decoding=\"async\" class=\"alignnone size-full wp-image-6888\" src=\"https:\/\/www.hospitallapaloma.com\/wp-content\/uploads\/2019\/05\/gif-mv.gif\" alt=\"\" width=\"60\" height=\"60\" \/><\/div>\n<div id=\"minus\" style=\"bottom: 60px; right: 7px; position: fixed; z-index: 700; display: none;\"><img loading=\"lazy\" decoding=\"async\" class=\"alignnone size-full wp-image-6888\" src=\"https:\/\/www.hospitallapaloma.com\/wp-content\/uploads\/2019\/04\/equis.png\" alt=\"\" width=\"60\" height=\"60\" \/><\/div>\n<div id=\"form\" style=\"bottom: 130px; right: 10px; position: fixed; z-index: 700; display: none;\"><a href=\"#pide-cita\"><img loading=\"lazy\" decoding=\"async\" class=\"alignnone size-full wp-image-6888\" src=\"https:\/\/www.hospitallapaloma.com\/wp-content\/uploads\/2019\/04\/form.png\" alt=\"\" width=\"55\" height=\"55\" \/><\/a><\/div>\n<div id=\"phone\" style=\"bottom: 190px; right: 10px; position: fixed; z-index: 700; display: none;\"><a href=\"tel:+34928234466\"><img loading=\"lazy\" decoding=\"async\" class=\"alignnone size-full wp-image-6888\" src=\"https:\/\/www.hospitallapaloma.com\/wp-content\/uploads\/2019\/04\/phone.png\" alt=\"\" width=\"55\" height=\"55\" \/><\/a><\/div>\n<p>[\/vc_column_text][vc_raw_js]JTNDc2NyaXB0JTIwdHlwZSUzRCUyMnRleHQlMkZqYXZhc2NyaXB0JTIyJTNFJTIwJTBBJTBBdmFyJTIwYnRuXzElMjAlM0QlMjBkb2N1bWVudC5nZXRFbGVtZW50QnlJZCUyOCUyN3BsdXMlMjclMjklM0IlMEF2YXIlMjBidG5fMiUyMCUzRCUyMGRvY3VtZW50LmdldEVsZW1lbnRCeUlkJTI4JTI3Zm9ybSUyNyUyOSUzQiUwQXZhciUyMGJ0bl8zJTIwJTNEJTIwZG9jdW1lbnQuZ2V0RWxlbWVudEJ5SWQlMjglMjdwaG9uZSUyNyUyOSUzQiUwQXZhciUyMGJ0bl80JTIwJTNEJTIwZG9jdW1lbnQuZ2V0RWxlbWVudEJ5SWQlMjglMjdtaW51cyUyNyUyOSUzQiUwQXZhciUyMG9wZW4lMjAlM0QlMjAxJTNCJTBBdmFyJTIwY2xvc2UlMjAlM0QlMjAwJTNCJTBBJTBBYnRuXzEub25jbGljayUyMCUzRCUyMG1vc3RyYXJCb3RvbiUzQiUwQWJ0bl80Lm9uY2xpY2slMjAlM0QlMjBvY3VsdGFyQm90b24lM0IlMEElMjAlMjAlMjAlMjAlMjAlMjAlMjAlMjAlMEFmdW5jdGlvbiUyMG1vc3RyYXJCb3RvbiUyOCUyOSUyMCU3QiUwQSUyMCUyMCUyMCUyMGJ0bl8xLnN0eWxlLmRpc3BsYXklMjAlM0QlMjAlMjdub25lJTI3JTNCJTBBJTIwJTIwJTIwJTIwYnRuXzIuc3R5bGUuZGlzcGxheSUyMCUzRCUyMCUyN2lubGluZSUyNyUzQiUwQSUyMCUyMCUyMCUyMGJ0bl8zLnN0eWxlLmRpc3BsYXklMjAlM0QlMjAlMjdpbmxpbmUlMjclM0IlMEElMjAlMjAlMjAlMjAlMjAlMjAlMjBidG5fNC5zdHlsZS5kaXNwbGF5JTIwJTNEJTIwJTI3aW5saW5lJTI3JTNCJTBBJTdEJTBBJTBBZnVuY3Rpb24lMjBvY3VsdGFyQm90b24lMjglMjklMjAlN0IlMEElMjAlMjAlMjAlMjBidG5fMS5zdHlsZS5kaXNwbGF5JTIwJTNEJTIwJTI3aW5saW5lJTI3JTNCJTBBJTIwJTIwJTIwJTIwYnRuXzIuc3R5bGUuZGlzcGxheSUyMCUzRCUyMCUyN25vbmUlMjclM0IlMEElMjAlMjAlMjAlMjBidG5fMy5zdHlsZS5kaXNwbGF5JTIwJTNEJTIwJTI3bm9uZSUyNyUzQiUwQSUyMCUyMCUyMGJ0bl80LnN0eWxlLmRpc3BsYXklMjAlM0QlMjAlMjdub25lJTI3JTNCJTBBJTdEJTBBJTBBJTBBJTNDJTJGc2NyaXB0JTNF[\/vc_raw_js][\/vc_column][\/vc_row]<\/p>\n<\/div>","protected":false},"excerpt":{"rendered":"<p>[vc_row][vc_column][vc_custom_heading text=\u00a0\u00bbUnit\u00e9 d\u2019insuffisance cardiaque\u00a0\u00bb font_container=\u00a0\u00bbtag:h1|text_align:left\u00a0\u00bb use_theme_fonts=\u00a0\u00bbyes\u00a0\u00bb][vc_single_image image=\u00a0\u00bb2057&Prime; img_size=\u00a0\u00bbfull\u00a0\u00bb style=\u00a0\u00bbvc_box_border\u00a0\u00bb][vc_empty_space height=\u00a0\u00bb18px\u00a0\u00bb][\/vc_column][\/vc_row][vc_row][vc_column][vc_column_text] Qu&rsquo;est-ce que l&rsquo;Unit\u00e9 d&rsquo;insuffisance cardiaque ? Il s&rsquo;agit d&rsquo;une consultation sp\u00e9cialis\u00e9e et multidisciplinaire dans la prise en charge des patients ayant re\u00e7u un diagnostic d&rsquo;insuffisance cardiaque. Notre mission est de r\u00e9duire la mortalit\u00e9, les r\u00e9admissions \u00e0 l&rsquo;h\u00f4pital, d&rsquo;am\u00e9liorer la qualit\u00e9 de vie et d&rsquo;encourager l&rsquo;autogestion&hellip;<\/p>\n","protected":false},"author":1,"featured_media":0,"parent":0,"menu_order":0,"comment_status":"closed","ping_status":"closed","template":"","meta":{"_joinchat":[],"footnotes":""},"class_list":["post-28583","page","type-page","status-publish","hentry","description-off"],"yoast_head":"<!-- This site is optimized with the Yoast SEO plugin v26.9 - https:\/\/yoast.com\/product\/yoast-seo-wordpress\/ -->\n<title>Unit\u00e9 d\u2019insuffisance cardiaque - Hospital La Paloma<\/title>\n<meta name=\"description\" content=\"Il s&#039;agit d&#039;une consultation sp\u00e9cialis\u00e9e et multidisciplinaire dans la prise en charge des patients ayant re\u00e7u un diagnostic d&#039;insuffisance cardiaque.\" \/>\n<meta name=\"robots\" content=\"index, follow, max-snippet:-1, max-image-preview:large, max-video-preview:-1\" \/>\n<link rel=\"canonical\" href=\"https:\/\/www.hospitallapaloma.com\/fr\/unite-d-insuffisance-cardiaque\/\" \/>\n<meta property=\"og:locale\" content=\"fr_FR\" \/>\n<meta property=\"og:type\" content=\"article\" \/>\n<meta property=\"og:title\" content=\"Unit\u00e9 d\u2019insuffisance cardiaque - Hospital La Paloma\" \/>\n<meta property=\"og:description\" content=\"Il s&#039;agit d&#039;une consultation sp\u00e9cialis\u00e9e et multidisciplinaire dans la prise en charge des patients ayant re\u00e7u un diagnostic d&#039;insuffisance cardiaque.\" \/>\n<meta property=\"og:url\" content=\"https:\/\/www.hospitallapaloma.com\/fr\/unite-d-insuffisance-cardiaque\/\" \/>\n<meta property=\"og:site_name\" content=\"Hospital La Paloma\" \/>\n<meta property=\"article:publisher\" content=\"https:\/\/www.facebook.com\/lapalomahospital\/\" \/>\n<meta property=\"article:modified_time\" content=\"2019-09-11T14:52:18+00:00\" \/>\n<meta property=\"og:image\" content=\"https:\/\/www.hospitallapaloma.com\/wp-content\/uploads\/2019\/05\/gif-mv.gif\" \/>\n<meta name=\"twitter:card\" content=\"summary_large_image\" \/>\n<meta name=\"twitter:site\" content=\"@lapalomahosp\" \/>\n<meta name=\"twitter:label1\" content=\"Dur\u00e9e de lecture estim\u00e9e\" \/>\n\t<meta name=\"twitter:data1\" content=\"2 minutes\" \/>\n<script type=\"application\/ld+json\" class=\"yoast-schema-graph\">{\"@context\":\"https:\/\/schema.org\",\"@graph\":[{\"@type\":\"WebPage\",\"@id\":\"https:\/\/www.hospitallapaloma.com\/fr\/unite-d-insuffisance-cardiaque\/\",\"url\":\"https:\/\/www.hospitallapaloma.com\/fr\/unite-d-insuffisance-cardiaque\/\",\"name\":\"Unit\u00e9 d\u2019insuffisance cardiaque - Hospital La Paloma\",\"isPartOf\":{\"@id\":\"https:\/\/www.hospitallapaloma.com\/#website\"},\"primaryImageOfPage\":{\"@id\":\"https:\/\/www.hospitallapaloma.com\/fr\/unite-d-insuffisance-cardiaque\/#primaryimage\"},\"image\":{\"@id\":\"https:\/\/www.hospitallapaloma.com\/fr\/unite-d-insuffisance-cardiaque\/#primaryimage\"},\"thumbnailUrl\":\"https:\/\/www.hospitallapaloma.com\/wp-content\/uploads\/2019\/05\/gif-mv.gif\",\"datePublished\":\"2017-10-16T18:10:56+00:00\",\"dateModified\":\"2019-09-11T14:52:18+00:00\",\"description\":\"Il s'agit d'une consultation sp\u00e9cialis\u00e9e et multidisciplinaire dans la prise en charge des patients ayant re\u00e7u un diagnostic d'insuffisance cardiaque.\",\"breadcrumb\":{\"@id\":\"https:\/\/www.hospitallapaloma.com\/fr\/unite-d-insuffisance-cardiaque\/#breadcrumb\"},\"inLanguage\":\"fr-FR\",\"potentialAction\":[{\"@type\":\"ReadAction\",\"target\":[\"https:\/\/www.hospitallapaloma.com\/fr\/unite-d-insuffisance-cardiaque\/\"]}]},{\"@type\":\"ImageObject\",\"inLanguage\":\"fr-FR\",\"@id\":\"https:\/\/www.hospitallapaloma.com\/fr\/unite-d-insuffisance-cardiaque\/#primaryimage\",\"url\":\"https:\/\/www.hospitallapaloma.com\/wp-content\/uploads\/2019\/05\/gif-mv.gif\",\"contentUrl\":\"https:\/\/www.hospitallapaloma.com\/wp-content\/uploads\/2019\/05\/gif-mv.gif\"},{\"@type\":\"BreadcrumbList\",\"@id\":\"https:\/\/www.hospitallapaloma.com\/fr\/unite-d-insuffisance-cardiaque\/#breadcrumb\",\"itemListElement\":[{\"@type\":\"ListItem\",\"position\":1,\"name\":\"Portada\",\"item\":\"https:\/\/www.hospitallapaloma.com\/fr\/\"},{\"@type\":\"ListItem\",\"position\":2,\"name\":\"Unit\u00e9 d\u2019insuffisance cardiaque\"}]},{\"@type\":\"WebSite\",\"@id\":\"https:\/\/www.hospitallapaloma.com\/#website\",\"url\":\"https:\/\/www.hospitallapaloma.com\/\",\"name\":\"Hospital La Paloma\",\"description\":\"Hospital La Paloma en Las Palmas de Gran Canaria\",\"publisher\":{\"@id\":\"https:\/\/www.hospitallapaloma.com\/#organization\"},\"potentialAction\":[{\"@type\":\"SearchAction\",\"target\":{\"@type\":\"EntryPoint\",\"urlTemplate\":\"https:\/\/www.hospitallapaloma.com\/?s={search_term_string}\"},\"query-input\":{\"@type\":\"PropertyValueSpecification\",\"valueRequired\":true,\"valueName\":\"search_term_string\"}}],\"inLanguage\":\"fr-FR\"},{\"@type\":\"Organization\",\"@id\":\"https:\/\/www.hospitallapaloma.com\/#organization\",\"name\":\"Hospital La Paloma\",\"url\":\"https:\/\/www.hospitallapaloma.com\/\",\"logo\":{\"@type\":\"ImageObject\",\"inLanguage\":\"fr-FR\",\"@id\":\"https:\/\/www.hospitallapaloma.com\/#\/schema\/logo\/image\/\",\"url\":\"https:\/\/www.hospitallapaloma.com\/wp-content\/uploads\/2016\/03\/logo-AW-1.jpg\",\"contentUrl\":\"https:\/\/www.hospitallapaloma.com\/wp-content\/uploads\/2016\/03\/logo-AW-1.jpg\",\"width\":240,\"height\":120,\"caption\":\"Hospital La Paloma\"},\"image\":{\"@id\":\"https:\/\/www.hospitallapaloma.com\/#\/schema\/logo\/image\/\"},\"sameAs\":[\"https:\/\/www.facebook.com\/lapalomahospital\/\",\"https:\/\/x.com\/lapalomahosp\",\"https:\/\/www.youtube.com\/channel\/UCjVEdPqlsQMZmMsZ8rAh0Ng\"]}]}<\/script>\n<!-- \/ Yoast SEO plugin. -->","yoast_head_json":{"title":"Unit\u00e9 d\u2019insuffisance cardiaque - Hospital La Paloma","description":"Il s'agit d'une consultation sp\u00e9cialis\u00e9e et multidisciplinaire dans la prise en charge des patients ayant re\u00e7u un diagnostic d'insuffisance cardiaque.","robots":{"index":"index","follow":"follow","max-snippet":"max-snippet:-1","max-image-preview":"max-image-preview:large","max-video-preview":"max-video-preview:-1"},"canonical":"https:\/\/www.hospitallapaloma.com\/fr\/unite-d-insuffisance-cardiaque\/","og_locale":"fr_FR","og_type":"article","og_title":"Unit\u00e9 d\u2019insuffisance cardiaque - Hospital La Paloma","og_description":"Il s'agit d'une consultation sp\u00e9cialis\u00e9e et multidisciplinaire dans la prise en charge des patients ayant re\u00e7u un diagnostic d'insuffisance cardiaque.","og_url":"https:\/\/www.hospitallapaloma.com\/fr\/unite-d-insuffisance-cardiaque\/","og_site_name":"Hospital La Paloma","article_publisher":"https:\/\/www.facebook.com\/lapalomahospital\/","article_modified_time":"2019-09-11T14:52:18+00:00","og_image":[{"url":"https:\/\/www.hospitallapaloma.com\/wp-content\/uploads\/2019\/05\/gif-mv.gif","type":"","width":"","height":""}],"twitter_card":"summary_large_image","twitter_site":"@lapalomahosp","twitter_misc":{"Dur\u00e9e de lecture estim\u00e9e":"2 minutes"},"schema":{"@context":"https:\/\/schema.org","@graph":[{"@type":"WebPage","@id":"https:\/\/www.hospitallapaloma.com\/fr\/unite-d-insuffisance-cardiaque\/","url":"https:\/\/www.hospitallapaloma.com\/fr\/unite-d-insuffisance-cardiaque\/","name":"Unit\u00e9 d\u2019insuffisance cardiaque - Hospital La Paloma","isPartOf":{"@id":"https:\/\/www.hospitallapaloma.com\/#website"},"primaryImageOfPage":{"@id":"https:\/\/www.hospitallapaloma.com\/fr\/unite-d-insuffisance-cardiaque\/#primaryimage"},"image":{"@id":"https:\/\/www.hospitallapaloma.com\/fr\/unite-d-insuffisance-cardiaque\/#primaryimage"},"thumbnailUrl":"https:\/\/www.hospitallapaloma.com\/wp-content\/uploads\/2019\/05\/gif-mv.gif","datePublished":"2017-10-16T18:10:56+00:00","dateModified":"2019-09-11T14:52:18+00:00","description":"Il s'agit d'une consultation sp\u00e9cialis\u00e9e et multidisciplinaire dans la prise en charge des patients ayant re\u00e7u un diagnostic d'insuffisance cardiaque.","breadcrumb":{"@id":"https:\/\/www.hospitallapaloma.com\/fr\/unite-d-insuffisance-cardiaque\/#breadcrumb"},"inLanguage":"fr-FR","potentialAction":[{"@type":"ReadAction","target":["https:\/\/www.hospitallapaloma.com\/fr\/unite-d-insuffisance-cardiaque\/"]}]},{"@type":"ImageObject","inLanguage":"fr-FR","@id":"https:\/\/www.hospitallapaloma.com\/fr\/unite-d-insuffisance-cardiaque\/#primaryimage","url":"https:\/\/www.hospitallapaloma.com\/wp-content\/uploads\/2019\/05\/gif-mv.gif","contentUrl":"https:\/\/www.hospitallapaloma.com\/wp-content\/uploads\/2019\/05\/gif-mv.gif"},{"@type":"BreadcrumbList","@id":"https:\/\/www.hospitallapaloma.com\/fr\/unite-d-insuffisance-cardiaque\/#breadcrumb","itemListElement":[{"@type":"ListItem","position":1,"name":"Portada","item":"https:\/\/www.hospitallapaloma.com\/fr\/"},{"@type":"ListItem","position":2,"name":"Unit\u00e9 d\u2019insuffisance cardiaque"}]},{"@type":"WebSite","@id":"https:\/\/www.hospitallapaloma.com\/#website","url":"https:\/\/www.hospitallapaloma.com\/","name":"Hospital La Paloma","description":"Hospital La Paloma en Las Palmas de Gran Canaria","publisher":{"@id":"https:\/\/www.hospitallapaloma.com\/#organization"},"potentialAction":[{"@type":"SearchAction","target":{"@type":"EntryPoint","urlTemplate":"https:\/\/www.hospitallapaloma.com\/?s={search_term_string}"},"query-input":{"@type":"PropertyValueSpecification","valueRequired":true,"valueName":"search_term_string"}}],"inLanguage":"fr-FR"},{"@type":"Organization","@id":"https:\/\/www.hospitallapaloma.com\/#organization","name":"Hospital La Paloma","url":"https:\/\/www.hospitallapaloma.com\/","logo":{"@type":"ImageObject","inLanguage":"fr-FR","@id":"https:\/\/www.hospitallapaloma.com\/#\/schema\/logo\/image\/","url":"https:\/\/www.hospitallapaloma.com\/wp-content\/uploads\/2016\/03\/logo-AW-1.jpg","contentUrl":"https:\/\/www.hospitallapaloma.com\/wp-content\/uploads\/2016\/03\/logo-AW-1.jpg","width":240,"height":120,"caption":"Hospital La Paloma"},"image":{"@id":"https:\/\/www.hospitallapaloma.com\/#\/schema\/logo\/image\/"},"sameAs":["https:\/\/www.facebook.com\/lapalomahospital\/","https:\/\/x.com\/lapalomahosp","https:\/\/www.youtube.com\/channel\/UCjVEdPqlsQMZmMsZ8rAh0Ng"]}]}},"_links":{"self":[{"href":"https:\/\/www.hospitallapaloma.com\/fr\/wp-json\/wp\/v2\/pages\/28583","targetHints":{"allow":["GET"]}}],"collection":[{"href":"https:\/\/www.hospitallapaloma.com\/fr\/wp-json\/wp\/v2\/pages"}],"about":[{"href":"https:\/\/www.hospitallapaloma.com\/fr\/wp-json\/wp\/v2\/types\/page"}],"author":[{"embeddable":true,"href":"https:\/\/www.hospitallapaloma.com\/fr\/wp-json\/wp\/v2\/users\/1"}],"replies":[{"embeddable":true,"href":"https:\/\/www.hospitallapaloma.com\/fr\/wp-json\/wp\/v2\/comments?post=28583"}],"version-history":[{"count":2,"href":"https:\/\/www.hospitallapaloma.com\/fr\/wp-json\/wp\/v2\/pages\/28583\/revisions"}],"predecessor-version":[{"id":28857,"href":"https:\/\/www.hospitallapaloma.com\/fr\/wp-json\/wp\/v2\/pages\/28583\/revisions\/28857"}],"wp:attachment":[{"href":"https:\/\/www.hospitallapaloma.com\/fr\/wp-json\/wp\/v2\/media?parent=28583"}],"curies":[{"name":"wp","href":"https:\/\/api.w.org\/{rel}","templated":true}]}}