{"id":28580,"date":"2017-03-06T19:36:26","date_gmt":"2017-03-06T17:36:26","guid":{"rendered":"https:\/\/www.hospitallapaloma.com\/unidad-cirugia-ortopedica-traumatologia\/"},"modified":"2019-09-11T16:55:35","modified_gmt":"2019-09-11T14:55:35","slug":"unite-de-chirurgie-orthopedique-et-traumatologie","status":"publish","type":"page","link":"https:\/\/www.hospitallapaloma.com\/fr\/unite-de-chirurgie-orthopedique-et-traumatologie\/","title":{"rendered":"Unit\u00e9 de chirurgie orthop\u00e9dique et traumatologie"},"content":{"rendered":"<div class=\"wpb-content-wrapper\"><p>[vc_row][vc_column][vc_custom_heading text=\u00a0\u00bbUnit\u00e9 de chirurgie orthop\u00e9dique et traumatologie\u00a0\u00bb font_container=\u00a0\u00bbtag:h1|text_align:left\u00a0\u00bb use_theme_fonts=\u00a0\u00bbyes\u00a0\u00bb][vc_single_image image=\u00a0\u00bb1433&Prime; img_size=\u00a0\u00bbfull\u00a0\u00bb style=\u00a0\u00bbvc_box_border\u00a0\u00bb][vc_empty_space height=\u00a0\u00bb18px\u00a0\u00bb][\/vc_column][\/vc_row][vc_row][vc_column][vc_column_text]<\/p>\n<div style=\"text-align: justify;\">\n<h2><strong>Chirurgie orthop\u00e9dique et traumatologie<\/strong><\/h2>\n<p>L\u2019<a href=\"https:\/\/www.hospitallapaloma.com\">H\u00f4pital La Paloma<\/a> dispose d&rsquo;une Unit\u00e9 sp\u00e9cialis\u00e9e en chirurgie orthop\u00e9dique et traumatologie dont le but est la pr\u00e9vention, l&rsquo;\u00e9valuation, le diagnostic et le traitement des troubles de l&rsquo;appareil musculosquelettique, ainsi que les interventions chirurgicales.<\/p>\n<p>Notre Unit\u00e9 dispose des <a href=\"https:\/\/www.hospitallapaloma.com\/instalaciones\/\">derni\u00e8res avanc\u00e9es technologiques<\/a> dans cette sp\u00e9cialit\u00e9 pour r\u00e9aliser des interventions chirurgicales avec succ\u00e8s, peu invasives et des traitements de qualit\u00e9. Ce service est compos\u00e9 d&rsquo;une \u00e9quipe professionnelle de traumatologues et de chirurgiens qui offrent aux patients un traitement humain et professionnel.<\/p>\n<h3>Sur quoi la traumatologie se concentre-t-elle ?<\/h3>\n<p>La traumatologie est une branche de la m\u00e9decine sp\u00e9cialis\u00e9e dans le traitement des traumatismes et de leurs cons\u00e9quences. Plus pr\u00e9cis\u00e9ment, elle \u00e9tudie les l\u00e9sions qui se d\u00e9veloppent dans l&rsquo;appareil locomoteur, c&rsquo;est-\u00e0-dire qui affectent la forme et la fonction des os, ligaments, articulations, muscles, tendons et nerfs.<\/p>\n<p>Ces l\u00e9sions peuvent \u00eatre cong\u00e9nitales ou acquises \u00e0 la suite d&rsquo;un traumatisme, d&rsquo;une tumeur ou d&rsquo;une infection.<\/p>\n<p>Les traumatismes sont habituellement caus\u00e9s par un trauma, qu&rsquo;il s&rsquo;agisse d&rsquo;un accident de la route, suite \u00e0 la pratique des sports \u00e0 risque faible ou \u00e9lev\u00e9, de chutes ou de contusions. Cela peut affecter tout, de la surface de la peau \u00e0 des niveaux plus profonds, comme les os. Des soins urgents sont donc n\u00e9cessaires pour traiter le trauma le plus rapidement possible.<\/p>\n<p>Parfois, il suffit d&rsquo;un bandage, d&rsquo;une attelle ou d&rsquo;un pl\u00e2tre. Dans les cas plus graves, il peut \u00eatre n\u00e9cessaire de proc\u00e9der \u00e0 une intervention chirurgicale au cours de laquelle des vis ou des plaques sont implant\u00e9es. Dans ces situations, le patient aura besoin de s\u00e9ances de r\u00e9adaptation pour retrouver la pleine mobilit\u00e9 de la zone.<\/p>\n<h3>Quand se rendre au service de traumatologie ?<\/h3>\n<p><img loading=\"lazy\" decoding=\"async\" class=\"alignnone wp-image-1436 size-full\" title=\"Unidad de Cirug\u00eda Ortop\u00e9dica y Traumatolog\u00eda\" src=\"https:\/\/www.hospitallapaloma.com\/wp-content\/uploads\/2017\/03\/consulta-del-traumatologo.jpg\" alt=\"Unidad de Cirug\u00eda Ortop\u00e9dica y Traumatolog\u00eda\" width=\"948\" height=\"326\" srcset=\"https:\/\/www.hospitallapaloma.com\/wp-content\/uploads\/2017\/03\/consulta-del-traumatologo.jpg 948w, https:\/\/www.hospitallapaloma.com\/wp-content\/uploads\/2017\/03\/consulta-del-traumatologo-600x206.jpg 600w, https:\/\/www.hospitallapaloma.com\/wp-content\/uploads\/2017\/03\/consulta-del-traumatologo-300x103.jpg 300w, https:\/\/www.hospitallapaloma.com\/wp-content\/uploads\/2017\/03\/consulta-del-traumatologo-768x264.jpg 768w, https:\/\/www.hospitallapaloma.com\/wp-content\/uploads\/2017\/03\/consulta-del-traumatologo-610x210.jpg 610w\" sizes=\"auto, (max-width: 948px) 100vw, 948px\" \/><\/p>\n<p>En cas de blessure, de traumatisme ou de douleur dans l&rsquo;appareil locomoteur, nous devons nous rendre \u00e0 la consultation de traumatologie. Une fois le cas d\u00e9taill\u00e9 au m\u00e9decin, il ou elle d\u00e9cidera des tests n\u00e9cessaires, qui seront habituellement des radiographies pour identifier le probl\u00e8me et y apporter une solution. Vous pouvez \u00e9galement demander d&rsquo;autres tests que vous consid\u00e9rerez appropri\u00e9s pour le diagnostic efficace du patient.<\/p>\n<h2>L\u00e9sions fr\u00e9quentes dans le service de traumatologie<\/h2>\n<p>Le traumatologue est confront\u00e9 \u00e0 une multitude de l\u00e9sions, bien qu&rsquo;il soit fr\u00e9quent que les patients viennent pour des douleurs au genou, aux \u00e9paules ou aux pieds.<\/p>\n<p>Les fractures et les l\u00e9sions osseuses, comme l&rsquo;\u00e9piphysiolyse, sont \u00e9galement une cause fr\u00e9quente de consultation en traumatologie. D&rsquo;autre part, il est courant de trouver des cas de l\u00e9sions articulaires et ligamentaires, comme des dislocations, des entorses ou de l&rsquo;arthrite.<\/p>\n<p>La rupture des fibres, les contusions et, en g\u00e9n\u00e9ral, les douleurs musculaires ainsi que les blessures de la peau sont d&rsquo;autres l\u00e9sions trait\u00e9es par le traumatologue.<\/p>\n<h3>Traumatologie chez les personnes \u00e2g\u00e9es<\/h3>\n<p>Dans les consultations de traumatologie, on trouve un grand nombre de patients de plus de 55 ans. Cela est d\u00fb au fait qu&rsquo;\u00e0 cet \u00e2ge la structure osseuse n&rsquo;a pas la m\u00eame solidit\u00e9 qu&rsquo;\u00e0 un \u00e2ge plus jeune.<\/p>\n<p>Il est tr\u00e8s fr\u00e9quent de trouver des patients avec des fractures de la hanche ou du genou, qui peuvent avoir besoin de proth\u00e8ses pour obtenir une gu\u00e9rison compl\u00e8te.<\/p>\n<p>&nbsp;<\/p>\n<h3>Chirurgie orthop\u00e9dique<\/h3>\n<\/div>\n<div style=\"text-align: justify;\">\n<p><img loading=\"lazy\" decoding=\"async\" class=\"alignnone wp-image-1437 size-full\" title=\"Unidad de Cirug\u00eda Ortop\u00e9dica\" src=\"https:\/\/www.hospitallapaloma.com\/wp-content\/uploads\/2017\/03\/cirugia-ortopedica.jpg\" alt=\"Unidad de Cirug\u00eda Ortop\u00e9dica \" width=\"1200\" height=\"680\" srcset=\"https:\/\/www.hospitallapaloma.com\/wp-content\/uploads\/2017\/03\/cirugia-ortopedica.jpg 1200w, https:\/\/www.hospitallapaloma.com\/wp-content\/uploads\/2017\/03\/cirugia-ortopedica-600x340.jpg 600w, https:\/\/www.hospitallapaloma.com\/wp-content\/uploads\/2017\/03\/cirugia-ortopedica-300x170.jpg 300w, https:\/\/www.hospitallapaloma.com\/wp-content\/uploads\/2017\/03\/cirugia-ortopedica-768x435.jpg 768w, https:\/\/www.hospitallapaloma.com\/wp-content\/uploads\/2017\/03\/cirugia-ortopedica-1024x580.jpg 1024w, https:\/\/www.hospitallapaloma.com\/wp-content\/uploads\/2017\/03\/cirugia-ortopedica-610x346.jpg 610w\" sizes=\"auto, (max-width: 1200px) 100vw, 1200px\" \/>La chirurgie orthop\u00e9dique est une branche de la chirurgie qui traite des troubles de l&rsquo;appareil locomoteur, qu&rsquo;il s&rsquo;agisse des zones musculaires, osseuses ou articulaires, et est directement li\u00e9e \u00e0 la sp\u00e9cialit\u00e9 de traumatologie.<\/p>\n<p>Les traitements qui sont effectu\u00e9s dans le domaine de la chirurgie orthop\u00e9dique sont :<\/p>\n<ul>\n<li><strong>Chirurgie proth\u00e9tique<\/strong> de la hanche, du genou et de l&rsquo;\u00e9paule. Il s&rsquo;agit de l&rsquo;insertion d&rsquo;implants \u00e0 l&rsquo;aide de techniques tr\u00e8s peu invasives chez les patients dont les articulations sont us\u00e9es par le temps, les chutes ou l&rsquo;arthrite.<\/li>\n<li><strong>Chirurgie arthroscopique.<\/strong> L&rsquo;arthroscopie est l&rsquo;une des techniques chirurgicales les plus modernes et permet un r\u00e9tablissement rapide apr\u00e8s une chirurgie. Elle consiste \u00e0 introduire une cam\u00e9ra par une petite incision et, par une autre, \u00e0 introduire les instruments n\u00e9cessaires.<\/li>\n<li><strong>Chirurgie du ligament ant\u00e9rieur et du m\u00e9nisque.<\/strong><\/li>\n<\/ul>\n<h2>Les services de l\u2019Unit\u00e9 de chirurgie orthop\u00e9dique et traumatologie de l\u2019H\u00f4pital La Paloma<\/h2>\n<p>\u00c0 l\u2019<a href=\"https:\/\/www.hospitallapaloma.com\">H\u00f4pital La Paloma<\/a> nous disposons d&rsquo;une unit\u00e9 de r\u00e9f\u00e9rence \u00e0 la pointe du traitement et de la chirurgie orthop\u00e9diques. Cette unit\u00e9 est compos\u00e9e d&rsquo;une \u00e9quipe professionnelle de traumatologues et de chirurgiens qui effectuent une analyse d\u00e9taill\u00e9e et personnalis\u00e9e de chaque patient afin d&rsquo;offrir le traitement le plus adapt\u00e9 \u00e0 sa pathologie.<\/p>\n<\/div>\n<p>[\/vc_column_text][\/vc_column][\/vc_row][vc_row css=\u00a0\u00bb.vc_custom_1556555924087{margin-top: -60px !important;}\u00a0\u00bb][vc_column offset=\u00a0\u00bbvc_hidden-lg vc_hidden-md\u00a0\u00bb][vc_column_text]<\/p>\n<div id=\"plus\" style=\"bottom: 60px; right: 7px; position: fixed; z-index: 700;\"><img loading=\"lazy\" decoding=\"async\" class=\"alignnone size-full wp-image-6888\" src=\"https:\/\/www.hospitallapaloma.com\/wp-content\/uploads\/2019\/05\/gif-mv.gif\" alt=\"\" width=\"60\" height=\"60\" \/><\/div>\n<div id=\"minus\" style=\"bottom: 60px; right: 7px; position: fixed; z-index: 700; display: none;\"><img loading=\"lazy\" decoding=\"async\" class=\"alignnone size-full wp-image-6888\" src=\"https:\/\/www.hospitallapaloma.com\/wp-content\/uploads\/2019\/04\/equis.png\" alt=\"\" width=\"60\" height=\"60\" \/><\/div>\n<div id=\"form\" style=\"bottom: 130px; right: 10px; position: fixed; z-index: 700; display: none;\"><a href=\"#pide-cita\"><img loading=\"lazy\" decoding=\"async\" class=\"alignnone size-full wp-image-6888\" src=\"https:\/\/www.hospitallapaloma.com\/wp-content\/uploads\/2019\/04\/form.png\" alt=\"\" width=\"55\" height=\"55\" \/><\/a><\/div>\n<div id=\"phone\" style=\"bottom: 190px; right: 10px; position: fixed; z-index: 700; display: none;\"><a href=\"tel:+34928234466\"><img loading=\"lazy\" decoding=\"async\" class=\"alignnone size-full wp-image-6888\" src=\"https:\/\/www.hospitallapaloma.com\/wp-content\/uploads\/2019\/04\/phone.png\" alt=\"\" width=\"55\" height=\"55\" \/><\/a><\/div>\n<p>[\/vc_column_text][vc_raw_js]JTNDc2NyaXB0JTIwdHlwZSUzRCUyMnRleHQlMkZqYXZhc2NyaXB0JTIyJTNFJTIwJTBBJTBBdmFyJTIwYnRuXzElMjAlM0QlMjBkb2N1bWVudC5nZXRFbGVtZW50QnlJZCUyOCUyN3BsdXMlMjclMjklM0IlMEF2YXIlMjBidG5fMiUyMCUzRCUyMGRvY3VtZW50LmdldEVsZW1lbnRCeUlkJTI4JTI3Zm9ybSUyNyUyOSUzQiUwQXZhciUyMGJ0bl8zJTIwJTNEJTIwZG9jdW1lbnQuZ2V0RWxlbWVudEJ5SWQlMjglMjdwaG9uZSUyNyUyOSUzQiUwQXZhciUyMGJ0bl80JTIwJTNEJTIwZG9jdW1lbnQuZ2V0RWxlbWVudEJ5SWQlMjglMjdtaW51cyUyNyUyOSUzQiUwQXZhciUyMG9wZW4lMjAlM0QlMjAxJTNCJTBBdmFyJTIwY2xvc2UlMjAlM0QlMjAwJTNCJTBBJTBBYnRuXzEub25jbGljayUyMCUzRCUyMG1vc3RyYXJCb3RvbiUzQiUwQWJ0bl80Lm9uY2xpY2slMjAlM0QlMjBvY3VsdGFyQm90b24lM0IlMEElMjAlMjAlMjAlMjAlMjAlMjAlMjAlMjAlMEFmdW5jdGlvbiUyMG1vc3RyYXJCb3RvbiUyOCUyOSUyMCU3QiUwQSUyMCUyMCUyMCUyMGJ0bl8xLnN0eWxlLmRpc3BsYXklMjAlM0QlMjAlMjdub25lJTI3JTNCJTBBJTIwJTIwJTIwJTIwYnRuXzIuc3R5bGUuZGlzcGxheSUyMCUzRCUyMCUyN2lubGluZSUyNyUzQiUwQSUyMCUyMCUyMCUyMGJ0bl8zLnN0eWxlLmRpc3BsYXklMjAlM0QlMjAlMjdpbmxpbmUlMjclM0IlMEElMjAlMjAlMjAlMjAlMjAlMjAlMjBidG5fNC5zdHlsZS5kaXNwbGF5JTIwJTNEJTIwJTI3aW5saW5lJTI3JTNCJTBBJTdEJTBBJTBBZnVuY3Rpb24lMjBvY3VsdGFyQm90b24lMjglMjklMjAlN0IlMEElMjAlMjAlMjAlMjBidG5fMS5zdHlsZS5kaXNwbGF5JTIwJTNEJTIwJTI3aW5saW5lJTI3JTNCJTBBJTIwJTIwJTIwJTIwYnRuXzIuc3R5bGUuZGlzcGxheSUyMCUzRCUyMCUyN25vbmUlMjclM0IlMEElMjAlMjAlMjAlMjBidG5fMy5zdHlsZS5kaXNwbGF5JTIwJTNEJTIwJTI3bm9uZSUyNyUzQiUwQSUyMCUyMCUyMGJ0bl80LnN0eWxlLmRpc3BsYXklMjAlM0QlMjAlMjdub25lJTI3JTNCJTBBJTdEJTBBJTBBJTBBJTNDJTJGc2NyaXB0JTNF[\/vc_raw_js][\/vc_column][\/vc_row]<\/p>\n<\/div>","protected":false},"excerpt":{"rendered":"<p>[vc_row][vc_column][vc_custom_heading text=\u00a0\u00bbUnit\u00e9 de chirurgie orthop\u00e9dique et traumatologie\u00a0\u00bb font_container=\u00a0\u00bbtag:h1|text_align:left\u00a0\u00bb use_theme_fonts=\u00a0\u00bbyes\u00a0\u00bb][vc_single_image image=\u00a0\u00bb1433&Prime; img_size=\u00a0\u00bbfull\u00a0\u00bb style=\u00a0\u00bbvc_box_border\u00a0\u00bb][vc_empty_space height=\u00a0\u00bb18px\u00a0\u00bb][\/vc_column][\/vc_row][vc_row][vc_column][vc_column_text] Chirurgie orthop\u00e9dique et traumatologie L\u2019H\u00f4pital La Paloma dispose d&rsquo;une Unit\u00e9 sp\u00e9cialis\u00e9e en chirurgie orthop\u00e9dique et traumatologie dont le but est la pr\u00e9vention, l&rsquo;\u00e9valuation, le diagnostic et le traitement des troubles de l&rsquo;appareil musculosquelettique, ainsi que les interventions chirurgicales. Notre Unit\u00e9 dispose des&hellip;<\/p>\n","protected":false},"author":1,"featured_media":0,"parent":0,"menu_order":0,"comment_status":"closed","ping_status":"closed","template":"","meta":{"_joinchat":[],"footnotes":""},"class_list":["post-28580","page","type-page","status-publish","hentry","description-off"],"yoast_head":"<!-- This site is optimized with the Yoast SEO plugin v26.9 - https:\/\/yoast.com\/product\/yoast-seo-wordpress\/ -->\n<title>Unit\u00e9 de chirurgie orthop\u00e9dique et traumatologie - l\u2019H\u00f4pital La Paloma<\/title>\n<meta name=\"description\" content=\"\u00c0 l\u2019H\u00f4pital La Paloma nous disposons d&#039;une unit\u00e9 de r\u00e9f\u00e9rence \u00e0 la pointe du traitement et de la chirurgie orthop\u00e9diques.\" \/>\n<meta name=\"robots\" content=\"index, follow, max-snippet:-1, max-image-preview:large, max-video-preview:-1\" \/>\n<link rel=\"canonical\" href=\"https:\/\/www.hospitallapaloma.com\/fr\/unite-de-chirurgie-orthopedique-et-traumatologie\/\" \/>\n<meta property=\"og:locale\" content=\"fr_FR\" \/>\n<meta property=\"og:type\" content=\"article\" \/>\n<meta property=\"og:title\" content=\"Unit\u00e9 de chirurgie orthop\u00e9dique et traumatologie - l\u2019H\u00f4pital La Paloma\" \/>\n<meta property=\"og:description\" content=\"\u00c0 l\u2019H\u00f4pital La Paloma nous disposons d&#039;une unit\u00e9 de r\u00e9f\u00e9rence \u00e0 la pointe du traitement et de la chirurgie orthop\u00e9diques.\" \/>\n<meta property=\"og:url\" content=\"https:\/\/www.hospitallapaloma.com\/fr\/unite-de-chirurgie-orthopedique-et-traumatologie\/\" \/>\n<meta property=\"og:site_name\" content=\"Hospital La Paloma\" \/>\n<meta property=\"article:publisher\" content=\"https:\/\/www.facebook.com\/lapalomahospital\/\" \/>\n<meta property=\"article:modified_time\" content=\"2019-09-11T14:55:35+00:00\" \/>\n<meta property=\"og:image\" content=\"https:\/\/www.hospitallapaloma.com\/wp-content\/uploads\/2017\/03\/consulta-del-traumatologo.jpg\" \/>\n<meta name=\"twitter:card\" content=\"summary_large_image\" \/>\n<meta name=\"twitter:site\" content=\"@lapalomahosp\" \/>\n<meta name=\"twitter:label1\" content=\"Dur\u00e9e de lecture estim\u00e9e\" \/>\n\t<meta name=\"twitter:data1\" content=\"5 minutes\" \/>\n<script type=\"application\/ld+json\" class=\"yoast-schema-graph\">{\"@context\":\"https:\/\/schema.org\",\"@graph\":[{\"@type\":\"WebPage\",\"@id\":\"https:\/\/www.hospitallapaloma.com\/fr\/unite-de-chirurgie-orthopedique-et-traumatologie\/\",\"url\":\"https:\/\/www.hospitallapaloma.com\/fr\/unite-de-chirurgie-orthopedique-et-traumatologie\/\",\"name\":\"Unit\u00e9 de chirurgie orthop\u00e9dique et traumatologie - l\u2019H\u00f4pital La Paloma\",\"isPartOf\":{\"@id\":\"https:\/\/www.hospitallapaloma.com\/#website\"},\"primaryImageOfPage\":{\"@id\":\"https:\/\/www.hospitallapaloma.com\/fr\/unite-de-chirurgie-orthopedique-et-traumatologie\/#primaryimage\"},\"image\":{\"@id\":\"https:\/\/www.hospitallapaloma.com\/fr\/unite-de-chirurgie-orthopedique-et-traumatologie\/#primaryimage\"},\"thumbnailUrl\":\"https:\/\/www.hospitallapaloma.com\/wp-content\/uploads\/2017\/03\/consulta-del-traumatologo.jpg\",\"datePublished\":\"2017-03-06T17:36:26+00:00\",\"dateModified\":\"2019-09-11T14:55:35+00:00\",\"description\":\"\u00c0 l\u2019H\u00f4pital La Paloma nous disposons d'une unit\u00e9 de r\u00e9f\u00e9rence \u00e0 la pointe du traitement et de la chirurgie orthop\u00e9diques.\",\"breadcrumb\":{\"@id\":\"https:\/\/www.hospitallapaloma.com\/fr\/unite-de-chirurgie-orthopedique-et-traumatologie\/#breadcrumb\"},\"inLanguage\":\"fr-FR\",\"potentialAction\":[{\"@type\":\"ReadAction\",\"target\":[\"https:\/\/www.hospitallapaloma.com\/fr\/unite-de-chirurgie-orthopedique-et-traumatologie\/\"]}]},{\"@type\":\"ImageObject\",\"inLanguage\":\"fr-FR\",\"@id\":\"https:\/\/www.hospitallapaloma.com\/fr\/unite-de-chirurgie-orthopedique-et-traumatologie\/#primaryimage\",\"url\":\"https:\/\/www.hospitallapaloma.com\/wp-content\/uploads\/2017\/03\/consulta-del-traumatologo.jpg\",\"contentUrl\":\"https:\/\/www.hospitallapaloma.com\/wp-content\/uploads\/2017\/03\/consulta-del-traumatologo.jpg\"},{\"@type\":\"BreadcrumbList\",\"@id\":\"https:\/\/www.hospitallapaloma.com\/fr\/unite-de-chirurgie-orthopedique-et-traumatologie\/#breadcrumb\",\"itemListElement\":[{\"@type\":\"ListItem\",\"position\":1,\"name\":\"Portada\",\"item\":\"https:\/\/www.hospitallapaloma.com\/fr\/\"},{\"@type\":\"ListItem\",\"position\":2,\"name\":\"Unit\u00e9 de chirurgie orthop\u00e9dique et traumatologie\"}]},{\"@type\":\"WebSite\",\"@id\":\"https:\/\/www.hospitallapaloma.com\/#website\",\"url\":\"https:\/\/www.hospitallapaloma.com\/\",\"name\":\"Hospital La Paloma\",\"description\":\"Hospital La Paloma en Las Palmas de Gran Canaria\",\"publisher\":{\"@id\":\"https:\/\/www.hospitallapaloma.com\/#organization\"},\"potentialAction\":[{\"@type\":\"SearchAction\",\"target\":{\"@type\":\"EntryPoint\",\"urlTemplate\":\"https:\/\/www.hospitallapaloma.com\/?s={search_term_string}\"},\"query-input\":{\"@type\":\"PropertyValueSpecification\",\"valueRequired\":true,\"valueName\":\"search_term_string\"}}],\"inLanguage\":\"fr-FR\"},{\"@type\":\"Organization\",\"@id\":\"https:\/\/www.hospitallapaloma.com\/#organization\",\"name\":\"Hospital La Paloma\",\"url\":\"https:\/\/www.hospitallapaloma.com\/\",\"logo\":{\"@type\":\"ImageObject\",\"inLanguage\":\"fr-FR\",\"@id\":\"https:\/\/www.hospitallapaloma.com\/#\/schema\/logo\/image\/\",\"url\":\"https:\/\/www.hospitallapaloma.com\/wp-content\/uploads\/2016\/03\/logo-AW-1.jpg\",\"contentUrl\":\"https:\/\/www.hospitallapaloma.com\/wp-content\/uploads\/2016\/03\/logo-AW-1.jpg\",\"width\":240,\"height\":120,\"caption\":\"Hospital La Paloma\"},\"image\":{\"@id\":\"https:\/\/www.hospitallapaloma.com\/#\/schema\/logo\/image\/\"},\"sameAs\":[\"https:\/\/www.facebook.com\/lapalomahospital\/\",\"https:\/\/x.com\/lapalomahosp\",\"https:\/\/www.youtube.com\/channel\/UCjVEdPqlsQMZmMsZ8rAh0Ng\"]}]}<\/script>\n<!-- \/ Yoast SEO plugin. -->","yoast_head_json":{"title":"Unit\u00e9 de chirurgie orthop\u00e9dique et traumatologie - l\u2019H\u00f4pital La Paloma","description":"\u00c0 l\u2019H\u00f4pital La Paloma nous disposons d'une unit\u00e9 de r\u00e9f\u00e9rence \u00e0 la pointe du traitement et de la chirurgie orthop\u00e9diques.","robots":{"index":"index","follow":"follow","max-snippet":"max-snippet:-1","max-image-preview":"max-image-preview:large","max-video-preview":"max-video-preview:-1"},"canonical":"https:\/\/www.hospitallapaloma.com\/fr\/unite-de-chirurgie-orthopedique-et-traumatologie\/","og_locale":"fr_FR","og_type":"article","og_title":"Unit\u00e9 de chirurgie orthop\u00e9dique et traumatologie - l\u2019H\u00f4pital La Paloma","og_description":"\u00c0 l\u2019H\u00f4pital La Paloma nous disposons d'une unit\u00e9 de r\u00e9f\u00e9rence \u00e0 la pointe du traitement et de la chirurgie orthop\u00e9diques.","og_url":"https:\/\/www.hospitallapaloma.com\/fr\/unite-de-chirurgie-orthopedique-et-traumatologie\/","og_site_name":"Hospital La Paloma","article_publisher":"https:\/\/www.facebook.com\/lapalomahospital\/","article_modified_time":"2019-09-11T14:55:35+00:00","og_image":[{"url":"https:\/\/www.hospitallapaloma.com\/wp-content\/uploads\/2017\/03\/consulta-del-traumatologo.jpg","type":"","width":"","height":""}],"twitter_card":"summary_large_image","twitter_site":"@lapalomahosp","twitter_misc":{"Dur\u00e9e de lecture estim\u00e9e":"5 minutes"},"schema":{"@context":"https:\/\/schema.org","@graph":[{"@type":"WebPage","@id":"https:\/\/www.hospitallapaloma.com\/fr\/unite-de-chirurgie-orthopedique-et-traumatologie\/","url":"https:\/\/www.hospitallapaloma.com\/fr\/unite-de-chirurgie-orthopedique-et-traumatologie\/","name":"Unit\u00e9 de chirurgie orthop\u00e9dique et traumatologie - l\u2019H\u00f4pital La Paloma","isPartOf":{"@id":"https:\/\/www.hospitallapaloma.com\/#website"},"primaryImageOfPage":{"@id":"https:\/\/www.hospitallapaloma.com\/fr\/unite-de-chirurgie-orthopedique-et-traumatologie\/#primaryimage"},"image":{"@id":"https:\/\/www.hospitallapaloma.com\/fr\/unite-de-chirurgie-orthopedique-et-traumatologie\/#primaryimage"},"thumbnailUrl":"https:\/\/www.hospitallapaloma.com\/wp-content\/uploads\/2017\/03\/consulta-del-traumatologo.jpg","datePublished":"2017-03-06T17:36:26+00:00","dateModified":"2019-09-11T14:55:35+00:00","description":"\u00c0 l\u2019H\u00f4pital La Paloma nous disposons d'une unit\u00e9 de r\u00e9f\u00e9rence \u00e0 la pointe du traitement et de la chirurgie orthop\u00e9diques.","breadcrumb":{"@id":"https:\/\/www.hospitallapaloma.com\/fr\/unite-de-chirurgie-orthopedique-et-traumatologie\/#breadcrumb"},"inLanguage":"fr-FR","potentialAction":[{"@type":"ReadAction","target":["https:\/\/www.hospitallapaloma.com\/fr\/unite-de-chirurgie-orthopedique-et-traumatologie\/"]}]},{"@type":"ImageObject","inLanguage":"fr-FR","@id":"https:\/\/www.hospitallapaloma.com\/fr\/unite-de-chirurgie-orthopedique-et-traumatologie\/#primaryimage","url":"https:\/\/www.hospitallapaloma.com\/wp-content\/uploads\/2017\/03\/consulta-del-traumatologo.jpg","contentUrl":"https:\/\/www.hospitallapaloma.com\/wp-content\/uploads\/2017\/03\/consulta-del-traumatologo.jpg"},{"@type":"BreadcrumbList","@id":"https:\/\/www.hospitallapaloma.com\/fr\/unite-de-chirurgie-orthopedique-et-traumatologie\/#breadcrumb","itemListElement":[{"@type":"ListItem","position":1,"name":"Portada","item":"https:\/\/www.hospitallapaloma.com\/fr\/"},{"@type":"ListItem","position":2,"name":"Unit\u00e9 de chirurgie orthop\u00e9dique et traumatologie"}]},{"@type":"WebSite","@id":"https:\/\/www.hospitallapaloma.com\/#website","url":"https:\/\/www.hospitallapaloma.com\/","name":"Hospital La Paloma","description":"Hospital La Paloma en Las Palmas de Gran Canaria","publisher":{"@id":"https:\/\/www.hospitallapaloma.com\/#organization"},"potentialAction":[{"@type":"SearchAction","target":{"@type":"EntryPoint","urlTemplate":"https:\/\/www.hospitallapaloma.com\/?s={search_term_string}"},"query-input":{"@type":"PropertyValueSpecification","valueRequired":true,"valueName":"search_term_string"}}],"inLanguage":"fr-FR"},{"@type":"Organization","@id":"https:\/\/www.hospitallapaloma.com\/#organization","name":"Hospital La Paloma","url":"https:\/\/www.hospitallapaloma.com\/","logo":{"@type":"ImageObject","inLanguage":"fr-FR","@id":"https:\/\/www.hospitallapaloma.com\/#\/schema\/logo\/image\/","url":"https:\/\/www.hospitallapaloma.com\/wp-content\/uploads\/2016\/03\/logo-AW-1.jpg","contentUrl":"https:\/\/www.hospitallapaloma.com\/wp-content\/uploads\/2016\/03\/logo-AW-1.jpg","width":240,"height":120,"caption":"Hospital La Paloma"},"image":{"@id":"https:\/\/www.hospitallapaloma.com\/#\/schema\/logo\/image\/"},"sameAs":["https:\/\/www.facebook.com\/lapalomahospital\/","https:\/\/x.com\/lapalomahosp","https:\/\/www.youtube.com\/channel\/UCjVEdPqlsQMZmMsZ8rAh0Ng"]}]}},"_links":{"self":[{"href":"https:\/\/www.hospitallapaloma.com\/fr\/wp-json\/wp\/v2\/pages\/28580","targetHints":{"allow":["GET"]}}],"collection":[{"href":"https:\/\/www.hospitallapaloma.com\/fr\/wp-json\/wp\/v2\/pages"}],"about":[{"href":"https:\/\/www.hospitallapaloma.com\/fr\/wp-json\/wp\/v2\/types\/page"}],"author":[{"embeddable":true,"href":"https:\/\/www.hospitallapaloma.com\/fr\/wp-json\/wp\/v2\/users\/1"}],"replies":[{"embeddable":true,"href":"https:\/\/www.hospitallapaloma.com\/fr\/wp-json\/wp\/v2\/comments?post=28580"}],"version-history":[{"count":2,"href":"https:\/\/www.hospitallapaloma.com\/fr\/wp-json\/wp\/v2\/pages\/28580\/revisions"}],"predecessor-version":[{"id":28858,"href":"https:\/\/www.hospitallapaloma.com\/fr\/wp-json\/wp\/v2\/pages\/28580\/revisions\/28858"}],"wp:attachment":[{"href":"https:\/\/www.hospitallapaloma.com\/fr\/wp-json\/wp\/v2\/media?parent=28580"}],"curies":[{"name":"wp","href":"https:\/\/api.w.org\/{rel}","templated":true}]}}