{"id":28570,"date":"2016-04-17T19:30:27","date_gmt":"2016-04-17T19:30:27","guid":{"rendered":"https:\/\/www.hospitallapaloma.com\/unidad-medicina-interna\/"},"modified":"2019-09-11T16:45:45","modified_gmt":"2019-09-11T14:45:45","slug":"service-de-medecine-interne","status":"publish","type":"page","link":"https:\/\/www.hospitallapaloma.com\/fr\/service-de-medecine-interne\/","title":{"rendered":"Service de m\u00e9decine interne"},"content":{"rendered":"<div class=\"wpb-content-wrapper\"><p>[vc_row][vc_column][vc_custom_heading text=\u00a0\u00bbService de m\u00e9decine interne\u00a0\u00bb font_container=\u00a0\u00bbtag:h1|text_align:left\u00a0\u00bb use_theme_fonts=\u00a0\u00bbyes\u00a0\u00bb][vc_single_image image=\u00a0\u00bb445&Prime; img_size=\u00a0\u00bbfull\u00a0\u00bb style=\u00a0\u00bbvc_box_border\u00a0\u00bb][vc_empty_space height=\u00a0\u00bb18px\u00a0\u00bb][\/vc_column][\/vc_row][vc_row][vc_column][vc_column_text]<\/p>\n<div style=\"text-align: justify;\">\n<p>L\u2019H\u00f4pital La Paloma dispose d&rsquo;un Service de m\u00e9decine interne qui garantit les meilleurs soins pour le patient adulte. Cette sp\u00e9cialit\u00e9 m\u00e9dicale s&rsquo;occupe des probl\u00e8mes de sant\u00e9 des patients admis \u00e0 l&rsquo;h\u00f4pital ou hospitalis\u00e9s en ambulatoire. Dans cette Unit\u00e9, nos sp\u00e9cialistes \u00e9valueront pleinement le patient, en agissant imm\u00e9diatement sur la pathologie dont il souffre et en coordination constante avec les autres sp\u00e9cialistes impliqu\u00e9s dans l&rsquo;approche de la maladie.<\/p>\n<p>Le Service de m\u00e9decine interne de l\u2019H\u00f4pital La Paloma offre une approche globale des patients pendant leur s\u00e9jour au centre. L&rsquo;interniste est le m\u00e9decin g\u00e9n\u00e9raliste, avec une formation de sp\u00e9cialiste, dont l&rsquo;espace de travail principal est l&rsquo;h\u00f4pital. L&rsquo;interniste est l&rsquo;axe de la prise en charge clinique, guidant le patient \u00e0 travers des proc\u00e9dures diagnostiques ou th\u00e9rapeutiques successives, avec une approche globale. Ce sp\u00e9cialiste priorise les besoins du patient et \u00e9tablit les proc\u00e9dures les plus indiqu\u00e9es pour r\u00e9soudre ou affronter ses probl\u00e8mes de sant\u00e9. Ce service de m\u00e9decine interne travaille en \u00e9troite collaboration avec les autres sp\u00e9cialit\u00e9s m\u00e9dicales.<\/p>\n<h3>Diff\u00e9rences entre un m\u00e9decin g\u00e9n\u00e9raliste et un sp\u00e9cialiste en m\u00e9decine interne<\/h3>\n<p>La principale diff\u00e9rence est que le m\u00e9decin g\u00e9n\u00e9raliste est le m\u00e9decin de famille, qui travaille au CMS et vers qui le patient est dirig\u00e9 lorsqu&rsquo;il a un rhume ou doit \u00eatre r\u00e9f\u00e9r\u00e9 \u00e0 une sp\u00e9cialit\u00e9 m\u00e9dicale comme la traumatologie. D&rsquo;autre part, la m\u00e9decine g\u00e9n\u00e9rale traite tous les types de patients, quel que soit leur \u00e2ge ou leur sexe.<\/p>\n<p>De son c\u00f4t\u00e9, la m\u00e9decine interne est une sp\u00e9cialit\u00e9 m\u00e9dicale hospitali\u00e8re qui ne traite que les adultes. C&rsquo;est un m\u00e9decin clinicien qui s&rsquo;occupe de tous les probl\u00e8mes de sant\u00e9 du patient. Le m\u00e9decin g\u00e9n\u00e9raliste peut vous r\u00e9f\u00e9rer \u00e0 un interniste de l&rsquo;h\u00f4pital. La m\u00e9decine interne est bas\u00e9e sur la prise en charge globale du patient en relation avec ses probl\u00e8mes de sant\u00e9. Elle coordonne, guide et prend en charge le patient.<\/p>\n<p>L&rsquo;interniste assume la responsabilit\u00e9 et le suivi du patient d\u00e8s son admission en consultation externe \u00e0 l&rsquo;h\u00f4pital, dans tous les domaines de sp\u00e9cialisation, jusqu&rsquo;\u00e0 son d\u00e9part. Il a une vision globale du patient pour synth\u00e9tiser et \u00e9mettre des diagnostics.<\/p>\n<h2>Personnel de sant\u00e9 sp\u00e9cialis\u00e9<\/h2>\n<p>Les internistes de l\u2019H\u00f4pital La Paloma sont des experts dans la prise en charge de patients complexes, dont le diagnostic est compliqu\u00e9 et qui sont parfois atteints de diverses maladies touchant plusieurs organes ou syst\u00e8mes du corps, ce qui rend le diagnostic plus difficile.<\/p>\n<p>Nos sp\u00e9cialistes et le reste du personnel de sant\u00e9 affect\u00e9 au Service sont parfaitement form\u00e9s pour exercer des fonctions telles que la surveillance des facteurs de risque cardiovasculaire, les maladies infectieuses, l&rsquo;insuffisance cardiaque congestive, les maladies thromboemboliques veineuses et les nombreuses maladies rhumatismales et auto-immunes.<\/p>\n<h2><strong>Une \u00e9quipe m\u00e9dicale form\u00e9e aux derni\u00e8res avanc\u00e9es technologiques<\/strong><\/h2>\n<p>Le personnel de l&rsquo;H\u00f4pital La Paloma, int\u00e9gr\u00e9 \u00e0 son service de m\u00e9decine interne, est form\u00e9 aux derni\u00e8res avanc\u00e9es m\u00e9dicales et il est inform\u00e9 de toutes les \u00e9tudes et recherches qui sont pr\u00e9sent\u00e9es chaque ann\u00e9e dans les Congr\u00e8s et publi\u00e9es dans les revues scientifiques les plus avanc\u00e9es.<\/p>\n<h3>Unit\u00e9s du Service de m\u00e9decine interne<\/h3>\n<ul>\n<li>Unit\u00e9 des facteurs de risque cardiovasculaire<\/li>\n<li>Unit\u00e9 de patients pluri-pathologiques et poly-m\u00e9dicaux<\/li>\n<li>Unit\u00e9 d&rsquo;\u00e9tude des an\u00e9mies<\/li>\n<li>Unit\u00e9 d&rsquo;\u00e9tude du syndrome constitutionnel<\/li>\n<li>Unit\u00e9 des examens m\u00e9dicaux p\u00e9riodiques<\/li>\n<\/ul>\n<h3>Consultations sp\u00e9cialis\u00e9es de l&rsquo;Unit\u00e9 de m\u00e9decine interne<\/h3>\n<ul>\n<li>Examen m\u00e9dical g\u00e9n\u00e9ral<\/li>\n<li>Consultation diab\u00e8tes et ob\u00e9sit\u00e9<\/li>\n<li>Consultation insuffisance cardiaque<\/li>\n<li>Consultation thyro\u00efde<\/li>\n<li>Consultation maladies du foie<\/li>\n<li>Consultation patient pluri-pathologique<\/li>\n<\/ul>\n<\/div>\n<p>[\/vc_column_text][\/vc_column][\/vc_row][vc_row css=\u00a0\u00bb.vc_custom_1556555924087{margin-top: -60px !important;}\u00a0\u00bb][vc_column offset=\u00a0\u00bbvc_hidden-lg vc_hidden-md\u00a0\u00bb][vc_column_text]<\/p>\n<div id=\"plus\" style=\"bottom: 60px; right: 7px; position: fixed; z-index: 700;\"><img loading=\"lazy\" decoding=\"async\" class=\"alignnone size-full wp-image-6888\" src=\"https:\/\/www.hospitallapaloma.com\/wp-content\/uploads\/2019\/05\/gif-mv.gif\" alt=\"\" width=\"60\" height=\"60\" \/><\/div>\n<div id=\"minus\" style=\"bottom: 60px; right: 7px; position: fixed; z-index: 700; display: none;\"><img loading=\"lazy\" decoding=\"async\" class=\"alignnone size-full wp-image-6888\" src=\"https:\/\/www.hospitallapaloma.com\/wp-content\/uploads\/2019\/04\/equis.png\" alt=\"\" width=\"60\" height=\"60\" \/><\/div>\n<div id=\"form\" style=\"bottom: 130px; right: 10px; position: fixed; z-index: 700; display: none;\"><a href=\"#pide-cita\"><img loading=\"lazy\" decoding=\"async\" class=\"alignnone size-full wp-image-6888\" src=\"https:\/\/www.hospitallapaloma.com\/wp-content\/uploads\/2019\/04\/form.png\" alt=\"\" width=\"55\" height=\"55\" \/><\/a><\/div>\n<div id=\"phone\" style=\"bottom: 190px; right: 10px; position: fixed; z-index: 700; display: none;\"><a href=\"tel:+34928234466\"><img loading=\"lazy\" decoding=\"async\" class=\"alignnone size-full wp-image-6888\" src=\"https:\/\/www.hospitallapaloma.com\/wp-content\/uploads\/2019\/04\/phone.png\" alt=\"\" width=\"55\" height=\"55\" \/><\/a><\/div>\n<p>[\/vc_column_text][vc_raw_js]JTNDc2NyaXB0JTIwdHlwZSUzRCUyMnRleHQlMkZqYXZhc2NyaXB0JTIyJTNFJTIwJTBBJTBBdmFyJTIwYnRuXzElMjAlM0QlMjBkb2N1bWVudC5nZXRFbGVtZW50QnlJZCUyOCUyN3BsdXMlMjclMjklM0IlMEF2YXIlMjBidG5fMiUyMCUzRCUyMGRvY3VtZW50LmdldEVsZW1lbnRCeUlkJTI4JTI3Zm9ybSUyNyUyOSUzQiUwQXZhciUyMGJ0bl8zJTIwJTNEJTIwZG9jdW1lbnQuZ2V0RWxlbWVudEJ5SWQlMjglMjdwaG9uZSUyNyUyOSUzQiUwQXZhciUyMGJ0bl80JTIwJTNEJTIwZG9jdW1lbnQuZ2V0RWxlbWVudEJ5SWQlMjglMjdtaW51cyUyNyUyOSUzQiUwQXZhciUyMG9wZW4lMjAlM0QlMjAxJTNCJTBBdmFyJTIwY2xvc2UlMjAlM0QlMjAwJTNCJTBBJTBBYnRuXzEub25jbGljayUyMCUzRCUyMG1vc3RyYXJCb3RvbiUzQiUwQWJ0bl80Lm9uY2xpY2slMjAlM0QlMjBvY3VsdGFyQm90b24lM0IlMEElMjAlMjAlMjAlMjAlMjAlMjAlMjAlMjAlMEFmdW5jdGlvbiUyMG1vc3RyYXJCb3RvbiUyOCUyOSUyMCU3QiUwQSUyMCUyMCUyMCUyMGJ0bl8xLnN0eWxlLmRpc3BsYXklMjAlM0QlMjAlMjdub25lJTI3JTNCJTBBJTIwJTIwJTIwJTIwYnRuXzIuc3R5bGUuZGlzcGxheSUyMCUzRCUyMCUyN2lubGluZSUyNyUzQiUwQSUyMCUyMCUyMCUyMGJ0bl8zLnN0eWxlLmRpc3BsYXklMjAlM0QlMjAlMjdpbmxpbmUlMjclM0IlMEElMjAlMjAlMjAlMjAlMjAlMjAlMjBidG5fNC5zdHlsZS5kaXNwbGF5JTIwJTNEJTIwJTI3aW5saW5lJTI3JTNCJTBBJTdEJTBBJTBBZnVuY3Rpb24lMjBvY3VsdGFyQm90b24lMjglMjklMjAlN0IlMEElMjAlMjAlMjAlMjBidG5fMS5zdHlsZS5kaXNwbGF5JTIwJTNEJTIwJTI3aW5saW5lJTI3JTNCJTBBJTIwJTIwJTIwJTIwYnRuXzIuc3R5bGUuZGlzcGxheSUyMCUzRCUyMCUyN25vbmUlMjclM0IlMEElMjAlMjAlMjAlMjBidG5fMy5zdHlsZS5kaXNwbGF5JTIwJTNEJTIwJTI3bm9uZSUyNyUzQiUwQSUyMCUyMCUyMGJ0bl80LnN0eWxlLmRpc3BsYXklMjAlM0QlMjAlMjdub25lJTI3JTNCJTBBJTdEJTBBJTBBJTBBJTNDJTJGc2NyaXB0JTNF[\/vc_raw_js][\/vc_column][\/vc_row]<\/p>\n<\/div>","protected":false},"excerpt":{"rendered":"<p>[vc_row][vc_column][vc_custom_heading text=\u00a0\u00bbService de m\u00e9decine interne\u00a0\u00bb font_container=\u00a0\u00bbtag:h1|text_align:left\u00a0\u00bb use_theme_fonts=\u00a0\u00bbyes\u00a0\u00bb][vc_single_image image=\u00a0\u00bb445&Prime; img_size=\u00a0\u00bbfull\u00a0\u00bb style=\u00a0\u00bbvc_box_border\u00a0\u00bb][vc_empty_space height=\u00a0\u00bb18px\u00a0\u00bb][\/vc_column][\/vc_row][vc_row][vc_column][vc_column_text] L\u2019H\u00f4pital La Paloma dispose d&rsquo;un Service de m\u00e9decine interne qui garantit les meilleurs soins pour le patient adulte. Cette sp\u00e9cialit\u00e9 m\u00e9dicale s&rsquo;occupe des probl\u00e8mes de sant\u00e9 des patients admis \u00e0 l&rsquo;h\u00f4pital ou hospitalis\u00e9s en ambulatoire. Dans cette Unit\u00e9, nos sp\u00e9cialistes \u00e9valueront pleinement le patient,&hellip;<\/p>\n","protected":false},"author":1,"featured_media":0,"parent":0,"menu_order":0,"comment_status":"closed","ping_status":"closed","template":"","meta":{"_joinchat":[],"footnotes":""},"class_list":["post-28570","page","type-page","status-publish","hentry","description-off"],"yoast_head":"<!-- This site is optimized with the Yoast SEO plugin v26.9 - https:\/\/yoast.com\/product\/yoast-seo-wordpress\/ -->\n<title>Service de m\u00e9decine interne - H\u00f4pital La Paloma<\/title>\n<meta name=\"description\" content=\"L\u2019H\u00f4pital La Paloma dispose d&#039;un Service de m\u00e9decine interne qui garantit les meilleurs soins pour le patient adulte.\" \/>\n<meta name=\"robots\" content=\"index, follow, max-snippet:-1, max-image-preview:large, max-video-preview:-1\" \/>\n<link rel=\"canonical\" href=\"https:\/\/www.hospitallapaloma.com\/fr\/service-de-medecine-interne\/\" \/>\n<meta property=\"og:locale\" content=\"fr_FR\" \/>\n<meta property=\"og:type\" content=\"article\" \/>\n<meta property=\"og:title\" content=\"Service de m\u00e9decine interne - H\u00f4pital La Paloma\" \/>\n<meta property=\"og:description\" content=\"L\u2019H\u00f4pital La Paloma dispose d&#039;un Service de m\u00e9decine interne qui garantit les meilleurs soins pour le patient adulte.\" \/>\n<meta property=\"og:url\" content=\"https:\/\/www.hospitallapaloma.com\/fr\/service-de-medecine-interne\/\" \/>\n<meta property=\"og:site_name\" content=\"Hospital La Paloma\" \/>\n<meta property=\"article:publisher\" content=\"https:\/\/www.facebook.com\/lapalomahospital\/\" \/>\n<meta property=\"article:modified_time\" content=\"2019-09-11T14:45:45+00:00\" \/>\n<meta property=\"og:image\" content=\"https:\/\/www.hospitallapaloma.com\/wp-content\/uploads\/2019\/05\/gif-mv.gif\" \/>\n<meta name=\"twitter:card\" content=\"summary_large_image\" \/>\n<meta name=\"twitter:site\" content=\"@lapalomahosp\" \/>\n<meta name=\"twitter:label1\" content=\"Dur\u00e9e de lecture estim\u00e9e\" \/>\n\t<meta name=\"twitter:data1\" content=\"4 minutes\" \/>\n<script type=\"application\/ld+json\" class=\"yoast-schema-graph\">{\"@context\":\"https:\/\/schema.org\",\"@graph\":[{\"@type\":\"WebPage\",\"@id\":\"https:\/\/www.hospitallapaloma.com\/fr\/service-de-medecine-interne\/\",\"url\":\"https:\/\/www.hospitallapaloma.com\/fr\/service-de-medecine-interne\/\",\"name\":\"Service de m\u00e9decine interne - H\u00f4pital La Paloma\",\"isPartOf\":{\"@id\":\"https:\/\/www.hospitallapaloma.com\/#website\"},\"primaryImageOfPage\":{\"@id\":\"https:\/\/www.hospitallapaloma.com\/fr\/service-de-medecine-interne\/#primaryimage\"},\"image\":{\"@id\":\"https:\/\/www.hospitallapaloma.com\/fr\/service-de-medecine-interne\/#primaryimage\"},\"thumbnailUrl\":\"https:\/\/www.hospitallapaloma.com\/wp-content\/uploads\/2019\/05\/gif-mv.gif\",\"datePublished\":\"2016-04-17T19:30:27+00:00\",\"dateModified\":\"2019-09-11T14:45:45+00:00\",\"description\":\"L\u2019H\u00f4pital La Paloma dispose d'un Service de m\u00e9decine interne qui garantit les meilleurs soins pour le patient adulte.\",\"breadcrumb\":{\"@id\":\"https:\/\/www.hospitallapaloma.com\/fr\/service-de-medecine-interne\/#breadcrumb\"},\"inLanguage\":\"fr-FR\",\"potentialAction\":[{\"@type\":\"ReadAction\",\"target\":[\"https:\/\/www.hospitallapaloma.com\/fr\/service-de-medecine-interne\/\"]}]},{\"@type\":\"ImageObject\",\"inLanguage\":\"fr-FR\",\"@id\":\"https:\/\/www.hospitallapaloma.com\/fr\/service-de-medecine-interne\/#primaryimage\",\"url\":\"https:\/\/www.hospitallapaloma.com\/wp-content\/uploads\/2019\/05\/gif-mv.gif\",\"contentUrl\":\"https:\/\/www.hospitallapaloma.com\/wp-content\/uploads\/2019\/05\/gif-mv.gif\"},{\"@type\":\"BreadcrumbList\",\"@id\":\"https:\/\/www.hospitallapaloma.com\/fr\/service-de-medecine-interne\/#breadcrumb\",\"itemListElement\":[{\"@type\":\"ListItem\",\"position\":1,\"name\":\"Portada\",\"item\":\"https:\/\/www.hospitallapaloma.com\/fr\/\"},{\"@type\":\"ListItem\",\"position\":2,\"name\":\"Service de m\u00e9decine interne\"}]},{\"@type\":\"WebSite\",\"@id\":\"https:\/\/www.hospitallapaloma.com\/#website\",\"url\":\"https:\/\/www.hospitallapaloma.com\/\",\"name\":\"Hospital La Paloma\",\"description\":\"Hospital La Paloma en Las Palmas de Gran Canaria\",\"publisher\":{\"@id\":\"https:\/\/www.hospitallapaloma.com\/#organization\"},\"potentialAction\":[{\"@type\":\"SearchAction\",\"target\":{\"@type\":\"EntryPoint\",\"urlTemplate\":\"https:\/\/www.hospitallapaloma.com\/?s={search_term_string}\"},\"query-input\":{\"@type\":\"PropertyValueSpecification\",\"valueRequired\":true,\"valueName\":\"search_term_string\"}}],\"inLanguage\":\"fr-FR\"},{\"@type\":\"Organization\",\"@id\":\"https:\/\/www.hospitallapaloma.com\/#organization\",\"name\":\"Hospital La Paloma\",\"url\":\"https:\/\/www.hospitallapaloma.com\/\",\"logo\":{\"@type\":\"ImageObject\",\"inLanguage\":\"fr-FR\",\"@id\":\"https:\/\/www.hospitallapaloma.com\/#\/schema\/logo\/image\/\",\"url\":\"https:\/\/www.hospitallapaloma.com\/wp-content\/uploads\/2016\/03\/logo-AW-1.jpg\",\"contentUrl\":\"https:\/\/www.hospitallapaloma.com\/wp-content\/uploads\/2016\/03\/logo-AW-1.jpg\",\"width\":240,\"height\":120,\"caption\":\"Hospital La Paloma\"},\"image\":{\"@id\":\"https:\/\/www.hospitallapaloma.com\/#\/schema\/logo\/image\/\"},\"sameAs\":[\"https:\/\/www.facebook.com\/lapalomahospital\/\",\"https:\/\/x.com\/lapalomahosp\",\"https:\/\/www.youtube.com\/channel\/UCjVEdPqlsQMZmMsZ8rAh0Ng\"]}]}<\/script>\n<!-- \/ Yoast SEO plugin. -->","yoast_head_json":{"title":"Service de m\u00e9decine interne - H\u00f4pital La Paloma","description":"L\u2019H\u00f4pital La Paloma dispose d'un Service de m\u00e9decine interne qui garantit les meilleurs soins pour le patient adulte.","robots":{"index":"index","follow":"follow","max-snippet":"max-snippet:-1","max-image-preview":"max-image-preview:large","max-video-preview":"max-video-preview:-1"},"canonical":"https:\/\/www.hospitallapaloma.com\/fr\/service-de-medecine-interne\/","og_locale":"fr_FR","og_type":"article","og_title":"Service de m\u00e9decine interne - H\u00f4pital La Paloma","og_description":"L\u2019H\u00f4pital La Paloma dispose d'un Service de m\u00e9decine interne qui garantit les meilleurs soins pour le patient adulte.","og_url":"https:\/\/www.hospitallapaloma.com\/fr\/service-de-medecine-interne\/","og_site_name":"Hospital La Paloma","article_publisher":"https:\/\/www.facebook.com\/lapalomahospital\/","article_modified_time":"2019-09-11T14:45:45+00:00","og_image":[{"url":"https:\/\/www.hospitallapaloma.com\/wp-content\/uploads\/2019\/05\/gif-mv.gif","type":"","width":"","height":""}],"twitter_card":"summary_large_image","twitter_site":"@lapalomahosp","twitter_misc":{"Dur\u00e9e de lecture estim\u00e9e":"4 minutes"},"schema":{"@context":"https:\/\/schema.org","@graph":[{"@type":"WebPage","@id":"https:\/\/www.hospitallapaloma.com\/fr\/service-de-medecine-interne\/","url":"https:\/\/www.hospitallapaloma.com\/fr\/service-de-medecine-interne\/","name":"Service de m\u00e9decine interne - H\u00f4pital La Paloma","isPartOf":{"@id":"https:\/\/www.hospitallapaloma.com\/#website"},"primaryImageOfPage":{"@id":"https:\/\/www.hospitallapaloma.com\/fr\/service-de-medecine-interne\/#primaryimage"},"image":{"@id":"https:\/\/www.hospitallapaloma.com\/fr\/service-de-medecine-interne\/#primaryimage"},"thumbnailUrl":"https:\/\/www.hospitallapaloma.com\/wp-content\/uploads\/2019\/05\/gif-mv.gif","datePublished":"2016-04-17T19:30:27+00:00","dateModified":"2019-09-11T14:45:45+00:00","description":"L\u2019H\u00f4pital La Paloma dispose d'un Service de m\u00e9decine interne qui garantit les meilleurs soins pour le patient adulte.","breadcrumb":{"@id":"https:\/\/www.hospitallapaloma.com\/fr\/service-de-medecine-interne\/#breadcrumb"},"inLanguage":"fr-FR","potentialAction":[{"@type":"ReadAction","target":["https:\/\/www.hospitallapaloma.com\/fr\/service-de-medecine-interne\/"]}]},{"@type":"ImageObject","inLanguage":"fr-FR","@id":"https:\/\/www.hospitallapaloma.com\/fr\/service-de-medecine-interne\/#primaryimage","url":"https:\/\/www.hospitallapaloma.com\/wp-content\/uploads\/2019\/05\/gif-mv.gif","contentUrl":"https:\/\/www.hospitallapaloma.com\/wp-content\/uploads\/2019\/05\/gif-mv.gif"},{"@type":"BreadcrumbList","@id":"https:\/\/www.hospitallapaloma.com\/fr\/service-de-medecine-interne\/#breadcrumb","itemListElement":[{"@type":"ListItem","position":1,"name":"Portada","item":"https:\/\/www.hospitallapaloma.com\/fr\/"},{"@type":"ListItem","position":2,"name":"Service de m\u00e9decine interne"}]},{"@type":"WebSite","@id":"https:\/\/www.hospitallapaloma.com\/#website","url":"https:\/\/www.hospitallapaloma.com\/","name":"Hospital La Paloma","description":"Hospital La Paloma en Las Palmas de Gran Canaria","publisher":{"@id":"https:\/\/www.hospitallapaloma.com\/#organization"},"potentialAction":[{"@type":"SearchAction","target":{"@type":"EntryPoint","urlTemplate":"https:\/\/www.hospitallapaloma.com\/?s={search_term_string}"},"query-input":{"@type":"PropertyValueSpecification","valueRequired":true,"valueName":"search_term_string"}}],"inLanguage":"fr-FR"},{"@type":"Organization","@id":"https:\/\/www.hospitallapaloma.com\/#organization","name":"Hospital La Paloma","url":"https:\/\/www.hospitallapaloma.com\/","logo":{"@type":"ImageObject","inLanguage":"fr-FR","@id":"https:\/\/www.hospitallapaloma.com\/#\/schema\/logo\/image\/","url":"https:\/\/www.hospitallapaloma.com\/wp-content\/uploads\/2016\/03\/logo-AW-1.jpg","contentUrl":"https:\/\/www.hospitallapaloma.com\/wp-content\/uploads\/2016\/03\/logo-AW-1.jpg","width":240,"height":120,"caption":"Hospital La Paloma"},"image":{"@id":"https:\/\/www.hospitallapaloma.com\/#\/schema\/logo\/image\/"},"sameAs":["https:\/\/www.facebook.com\/lapalomahospital\/","https:\/\/x.com\/lapalomahosp","https:\/\/www.youtube.com\/channel\/UCjVEdPqlsQMZmMsZ8rAh0Ng"]}]}},"_links":{"self":[{"href":"https:\/\/www.hospitallapaloma.com\/fr\/wp-json\/wp\/v2\/pages\/28570","targetHints":{"allow":["GET"]}}],"collection":[{"href":"https:\/\/www.hospitallapaloma.com\/fr\/wp-json\/wp\/v2\/pages"}],"about":[{"href":"https:\/\/www.hospitallapaloma.com\/fr\/wp-json\/wp\/v2\/types\/page"}],"author":[{"embeddable":true,"href":"https:\/\/www.hospitallapaloma.com\/fr\/wp-json\/wp\/v2\/users\/1"}],"replies":[{"embeddable":true,"href":"https:\/\/www.hospitallapaloma.com\/fr\/wp-json\/wp\/v2\/comments?post=28570"}],"version-history":[{"count":2,"href":"https:\/\/www.hospitallapaloma.com\/fr\/wp-json\/wp\/v2\/pages\/28570\/revisions"}],"predecessor-version":[{"id":28854,"href":"https:\/\/www.hospitallapaloma.com\/fr\/wp-json\/wp\/v2\/pages\/28570\/revisions\/28854"}],"wp:attachment":[{"href":"https:\/\/www.hospitallapaloma.com\/fr\/wp-json\/wp\/v2\/media?parent=28570"}],"curies":[{"name":"wp","href":"https:\/\/api.w.org\/{rel}","templated":true}]}}