{"id":28567,"date":"2017-08-10T15:00:57","date_gmt":"2017-08-10T13:00:57","guid":{"rendered":"https:\/\/www.hospitallapaloma.com\/servicio-de-medicina-fisica-y-rehabilitacion\/"},"modified":"2019-09-11T17:05:25","modified_gmt":"2019-09-11T15:05:25","slug":"service-de-medecine-physique-et-de-readaptation","status":"publish","type":"page","link":"https:\/\/www.hospitallapaloma.com\/fr\/service-de-medecine-physique-et-de-readaptation\/","title":{"rendered":"Service de m\u00e9decine physique et de r\u00e9adaptation"},"content":{"rendered":"<div class=\"wpb-content-wrapper\"><p>[vc_row][vc_column][vc_custom_heading text=\u00a0\u00bbService de m\u00e9decine physique et de r\u00e9adaptation\u00a0\u00bb font_container=\u00a0\u00bbtag:h1|text_align:left\u00a0\u00bb use_theme_fonts=\u00a0\u00bbyes\u00a0\u00bb][vc_column_text]<\/p>\n<div id=\"vid-no-movil\"><img loading=\"lazy\" decoding=\"async\" class=\"alignnone size-full wp-image-2036\" src=\"https:\/\/www.hospitallapaloma.com\/wp-content\/uploads\/2019\/09\/rehab-1024x613-1024x613.jpg\" alt=\"\" width=\"1200\" height=\"800\" \/><\/div>\n<p>[\/vc_column_text][vc_empty_space height=\u00a0\u00bb18px\u00a0\u00bb][\/vc_column][\/vc_row][vc_row][vc_column][vc_column_text]<\/p>\n<div style=\"text-align: justify;\">\n<p>La m\u00e9decine physique et de r\u00e9adaptation est la sp\u00e9cialit\u00e9 m\u00e9dicale charg\u00e9e de la pr\u00e9vention, du diagnostic et du traitement des handicaps visant \u00e0 faciliter, maintenir ou r\u00e9tablir la plus grande fonctionnalit\u00e9 de la l\u00e9sion.<\/p>\n<h2>Le service de r\u00e9adaptation d&rsquo;un h\u00f4pital<\/h2>\n<p>L&rsquo;existence de ce service est essentielle pour que certains patients, \u00e0 un moment donn\u00e9 de leur processus de r\u00e9tablissement, puissent cesser d&rsquo;en \u00eatre un ou pour pouvoir se d\u00e9brouiller avec moins de limitations et de d\u00e9pendance.<\/p>\n<p>La r\u00e9adaptation offre des solutions alternatives pour att\u00e9nuer la douleur associ\u00e9e aux blessures et aux maladies. Elle repose sur la r\u00e9alisation d&rsquo;exercices physiques et l&rsquo;application de techniques qui utilisent, entre autres ressources, des moyens physiques tels que les courants \u00e9lectriques, l&rsquo;eau, etc.<\/p>\n<h3>Le service de m\u00e9decine physique et de r\u00e9adaptation de l\u2019H\u00f4pital La Paloma<\/h3>\n<p>\u00c0 l\u2019<a href=\"https:\/\/www.hospitallapaloma.com\">H\u00f4pital La Paloma<\/a> le service de m\u00e9decine physique et de r\u00e9adaptation re\u00e7oit les patients de toute sp\u00e9cialit\u00e9 m\u00e9dicale et chirurgicale apr\u00e8s avoir \u00e9t\u00e9 \u00e9valu\u00e9s par le m\u00e9decin sp\u00e9cialiste en r\u00e9adaptation.<\/p>\n<p>Une fois transf\u00e9r\u00e9 \u00e0 ce service, le patient sera pris en charge tout au long du processus par une \u00e9quipe professionnelle compos\u00e9e de kin\u00e9sith\u00e9rapeutes, d&rsquo;assistants en r\u00e9adaptation et d&rsquo;un m\u00e9decin sp\u00e9cialiste en m\u00e9decine physique et de r\u00e9adaptation.<\/p>\n<h2>Techniques de r\u00e9adaptation<\/h2>\n<p><img loading=\"lazy\" decoding=\"async\" class=\"alignnone size-full wp-image-1866\" src=\"https:\/\/www.hospitallapaloma.com\/wp-content\/uploads\/2017\/08\/ondas-de-choque.jpg\" alt=\"\" width=\"1000\" height=\"667\" srcset=\"https:\/\/www.hospitallapaloma.com\/wp-content\/uploads\/2017\/08\/ondas-de-choque.jpg 1000w, https:\/\/www.hospitallapaloma.com\/wp-content\/uploads\/2017\/08\/ondas-de-choque-600x400.jpg 600w, https:\/\/www.hospitallapaloma.com\/wp-content\/uploads\/2017\/08\/ondas-de-choque-300x200.jpg 300w, https:\/\/www.hospitallapaloma.com\/wp-content\/uploads\/2017\/08\/ondas-de-choque-768x512.jpg 768w, https:\/\/www.hospitallapaloma.com\/wp-content\/uploads\/2017\/08\/ondas-de-choque-610x407.jpg 610w\" sizes=\"auto, (max-width: 1000px) 100vw, 1000px\" \/><\/p>\n<p>Les techniques conventionnelles qui sont appliqu\u00e9es dans ce service sont les suivantes :<\/p>\n<ul>\n<li>Masoth\u00e9rapie<\/li>\n<li>\u00c9lectroth\u00e9rapie<\/li>\n<li>Magn\u00e9toth\u00e9rapie<\/li>\n<li>Thermoth\u00e9rapie, cryoth\u00e9rapie<\/li>\n<li>Th\u00e9rapie manuelle<\/li>\n<li>Programme et mat\u00e9riel de renforcement musculaire<\/li>\n<\/ul>\n<p>Les techniques de formation sp\u00e9cialis\u00e9es suivantes sont \u00e9galement appliqu\u00e9es :<\/p>\n<ul>\n<li>Ponction s\u00e8che<\/li>\n<li>Fibrolyse diacutan\u00e9e<\/li>\n<li><a href=\"https:\/\/www.hospitallapaloma.com\/promo-rehabilitacion-con-ondas-de-choque\/\">Ondes de choc<\/a><\/li>\n<\/ul>\n<p>&nbsp;<\/p>\n<h2>Domaines de soins<\/h2>\n<p>Enfin, il convient de noter qu&rsquo;il existe plusieurs probl\u00e8mes de sant\u00e9 qui peuvent \u00eatre trait\u00e9s dans les unit\u00e9s d\u00e9di\u00e9es \u00e0 la convalescence des patients. Voici quelques exemplesqu\u2019il convient de mentionner :<\/p>\n<h3>R\u00e9adaptation cardiorespiratoire<\/h3>\n<p>Les objectifs sont de restaurer et\/ou d&rsquo;am\u00e9liorer la fonction dans de nombreuses pathologies cardiaques et pulmonaires gr\u00e2ce \u00e0 des exercices sp\u00e9cifiques individuels et assist\u00e9s par le kin\u00e9sith\u00e9rapeute. Les plus fr\u00e9quentes sont les insuffisances cardiaques et respiratoires chroniques, les infarctus du myocarde, etc. De cette fa\u00e7on, il est possible de r\u00e9duire la sensation de difficult\u00e9 respiratoire ou de fatigue par des exercices de faible intensit\u00e9.<\/p>\n<h3>R\u00e9adaptation neurologique<\/h3>\n<p>La r\u00e9adaptation neurologique est essentielle dans les pathologies li\u00e9es aux l\u00e9sions c\u00e9r\u00e9brales acquises. Parmi les traitements les plus fr\u00e9quents dans ce service figurent : AVC, traumatisme cranioc\u00e9r\u00e9bral, etc.<\/p>\n<p>Certaines maladies neuromusculaires sont \u00e9galement consid\u00e9r\u00e9es. L&rsquo;objectif est le r\u00e9tablissement pr\u00e9coce de la l\u00e9sion c\u00e9r\u00e9brale gr\u00e2ce \u00e0 des techniques de kin\u00e9sith\u00e9rapie sp\u00e9cialis\u00e9es et d\u00fbment mises \u00e0 jour.<\/p>\n<h2>L\u00e9sions sportives et r\u00e9adaptation du syst\u00e8me musculosquelettique<\/h2>\n<p><img loading=\"lazy\" decoding=\"async\" class=\"alignnone size-full wp-image-1868\" src=\"https:\/\/www.hospitallapaloma.com\/wp-content\/uploads\/2017\/08\/lesiones-deportivas.jpg\" alt=\"\" width=\"727\" height=\"454\" srcset=\"https:\/\/www.hospitallapaloma.com\/wp-content\/uploads\/2017\/08\/lesiones-deportivas.jpg 727w, https:\/\/www.hospitallapaloma.com\/wp-content\/uploads\/2017\/08\/lesiones-deportivas-600x375.jpg 600w, https:\/\/www.hospitallapaloma.com\/wp-content\/uploads\/2017\/08\/lesiones-deportivas-300x187.jpg 300w, https:\/\/www.hospitallapaloma.com\/wp-content\/uploads\/2017\/08\/lesiones-deportivas-610x381.jpg 610w\" sizes=\"auto, (max-width: 727px) 100vw, 727px\" \/><\/p>\n<p>L&rsquo;unit\u00e9 traite, entre autres, les douleurs et troubles de la colonne vert\u00e9brale ainsi que des membres sup\u00e9rieurs et inf\u00e9rieurs, tels que les rachialgies, les troubles vert\u00e9braux, les maladies rhumatismales ou les affections d\u00e9g\u00e9n\u00e9ratives.<\/p>\n<p>Les l\u00e9sions sportives surviennent pendant la pratique d&rsquo;un sport ou un exercice physique suite \u00e0 une mauvaise technique, \u00e0 une mauvaise ex\u00e9cution de l&rsquo;entra\u00eenement ou \u00e0 l&rsquo;utilisation d&rsquo;\u00e9quipement inappropri\u00e9. Parmi les l\u00e9sions les plus fr\u00e9quentes figurent les musculaires (d\u00e9chirure et\/ou rupture, contracture) et articulaires (atteinte des parties molles telles que distension et\/ou rupture des ligaments, inflammation des bourses, tendinopathies, etc.).<\/p>\n<p>&nbsp;<\/p>\n<\/div>\n<p>[\/vc_column_text][\/vc_column][\/vc_row][vc_row css=\u00a0\u00bb.vc_custom_1556555924087{margin-top: -60px !important;}\u00a0\u00bb][vc_column offset=\u00a0\u00bbvc_hidden-lg vc_hidden-md\u00a0\u00bb][vc_column_text]<\/p>\n<div id=\"plus\" style=\"bottom: 60px; right: 7px; position: fixed; z-index: 700;\"><img loading=\"lazy\" decoding=\"async\" class=\"alignnone size-full wp-image-6888\" src=\"https:\/\/www.hospitallapaloma.com\/wp-content\/uploads\/2019\/05\/gif-mv.gif\" alt=\"\" width=\"60\" height=\"60\" \/><\/div>\n<div id=\"minus\" style=\"bottom: 60px; right: 7px; position: fixed; z-index: 700; display: none;\"><img loading=\"lazy\" decoding=\"async\" class=\"alignnone size-full wp-image-6888\" src=\"https:\/\/www.hospitallapaloma.com\/wp-content\/uploads\/2019\/04\/equis.png\" alt=\"\" width=\"60\" height=\"60\" \/><\/div>\n<div id=\"form\" style=\"bottom: 130px; right: 10px; position: fixed; z-index: 700; display: none;\"><a href=\"#pide-cita\"><img loading=\"lazy\" decoding=\"async\" class=\"alignnone size-full wp-image-6888\" src=\"https:\/\/www.hospitallapaloma.com\/wp-content\/uploads\/2019\/04\/form.png\" alt=\"\" width=\"55\" height=\"55\" \/><\/a><\/div>\n<div id=\"phone\" style=\"bottom: 190px; right: 10px; position: fixed; z-index: 700; display: none;\"><a href=\"tel:+34928234466\"><img loading=\"lazy\" decoding=\"async\" class=\"alignnone size-full wp-image-6888\" src=\"https:\/\/www.hospitallapaloma.com\/wp-content\/uploads\/2019\/04\/phone.png\" alt=\"\" width=\"55\" height=\"55\" \/><\/a><\/div>\n<p>[\/vc_column_text][vc_raw_js]JTNDc2NyaXB0JTIwdHlwZSUzRCUyMnRleHQlMkZqYXZhc2NyaXB0JTIyJTNFJTIwJTBBJTBBdmFyJTIwYnRuXzElMjAlM0QlMjBkb2N1bWVudC5nZXRFbGVtZW50QnlJZCUyOCUyN3BsdXMlMjclMjklM0IlMEF2YXIlMjBidG5fMiUyMCUzRCUyMGRvY3VtZW50LmdldEVsZW1lbnRCeUlkJTI4JTI3Zm9ybSUyNyUyOSUzQiUwQXZhciUyMGJ0bl8zJTIwJTNEJTIwZG9jdW1lbnQuZ2V0RWxlbWVudEJ5SWQlMjglMjdwaG9uZSUyNyUyOSUzQiUwQXZhciUyMGJ0bl80JTIwJTNEJTIwZG9jdW1lbnQuZ2V0RWxlbWVudEJ5SWQlMjglMjdtaW51cyUyNyUyOSUzQiUwQXZhciUyMG9wZW4lMjAlM0QlMjAxJTNCJTBBdmFyJTIwY2xvc2UlMjAlM0QlMjAwJTNCJTBBJTBBYnRuXzEub25jbGljayUyMCUzRCUyMG1vc3RyYXJCb3RvbiUzQiUwQWJ0bl80Lm9uY2xpY2slMjAlM0QlMjBvY3VsdGFyQm90b24lM0IlMEElMjAlMjAlMjAlMjAlMjAlMjAlMjAlMjAlMEFmdW5jdGlvbiUyMG1vc3RyYXJCb3RvbiUyOCUyOSUyMCU3QiUwQSUyMCUyMCUyMCUyMGJ0bl8xLnN0eWxlLmRpc3BsYXklMjAlM0QlMjAlMjdub25lJTI3JTNCJTBBJTIwJTIwJTIwJTIwYnRuXzIuc3R5bGUuZGlzcGxheSUyMCUzRCUyMCUyN2lubGluZSUyNyUzQiUwQSUyMCUyMCUyMCUyMGJ0bl8zLnN0eWxlLmRpc3BsYXklMjAlM0QlMjAlMjdpbmxpbmUlMjclM0IlMEElMjAlMjAlMjAlMjAlMjAlMjAlMjBidG5fNC5zdHlsZS5kaXNwbGF5JTIwJTNEJTIwJTI3aW5saW5lJTI3JTNCJTBBJTdEJTBBJTBBZnVuY3Rpb24lMjBvY3VsdGFyQm90b24lMjglMjklMjAlN0IlMEElMjAlMjAlMjAlMjBidG5fMS5zdHlsZS5kaXNwbGF5JTIwJTNEJTIwJTI3aW5saW5lJTI3JTNCJTBBJTIwJTIwJTIwJTIwYnRuXzIuc3R5bGUuZGlzcGxheSUyMCUzRCUyMCUyN25vbmUlMjclM0IlMEElMjAlMjAlMjAlMjBidG5fMy5zdHlsZS5kaXNwbGF5JTIwJTNEJTIwJTI3bm9uZSUyNyUzQiUwQSUyMCUyMCUyMGJ0bl80LnN0eWxlLmRpc3BsYXklMjAlM0QlMjAlMjdub25lJTI3JTNCJTBBJTdEJTBBJTBBJTBBJTNDJTJGc2NyaXB0JTNF[\/vc_raw_js][\/vc_column][\/vc_row]<\/p>\n<\/div>","protected":false},"excerpt":{"rendered":"<p>[vc_row][vc_column][vc_custom_heading text=\u00a0\u00bbService de m\u00e9decine physique et de r\u00e9adaptation\u00a0\u00bb font_container=\u00a0\u00bbtag:h1|text_align:left\u00a0\u00bb use_theme_fonts=\u00a0\u00bbyes\u00a0\u00bb][vc_column_text] [\/vc_column_text][vc_empty_space height=\u00a0\u00bb18px\u00a0\u00bb][\/vc_column][\/vc_row][vc_row][vc_column][vc_column_text] La m\u00e9decine physique et de r\u00e9adaptation est la sp\u00e9cialit\u00e9 m\u00e9dicale charg\u00e9e de la pr\u00e9vention, du diagnostic et du traitement des handicaps visant \u00e0 faciliter, maintenir ou r\u00e9tablir la plus grande fonctionnalit\u00e9 de la l\u00e9sion. Le service de r\u00e9adaptation d&rsquo;un h\u00f4pital L&rsquo;existence de ce&hellip;<\/p>\n","protected":false},"author":1,"featured_media":0,"parent":0,"menu_order":0,"comment_status":"closed","ping_status":"closed","template":"","meta":{"_joinchat":[],"footnotes":""},"class_list":["post-28567","page","type-page","status-publish","hentry","description-off"],"yoast_head":"<!-- This site is optimized with the Yoast SEO plugin v26.9 - https:\/\/yoast.com\/product\/yoast-seo-wordpress\/ -->\n<title>Service de m\u00e9decine physique et de r\u00e9adaptation<\/title>\n<meta name=\"description\" content=\"\u00c0 l\u2019H\u00f4pital La Paloma le service de m\u00e9decine physique et de r\u00e9adaptation re\u00e7oit les patients de toute sp\u00e9cialit\u00e9 m\u00e9dicale\" \/>\n<meta name=\"robots\" content=\"index, follow, max-snippet:-1, max-image-preview:large, max-video-preview:-1\" \/>\n<link rel=\"canonical\" href=\"https:\/\/www.hospitallapaloma.com\/fr\/service-de-medecine-physique-et-de-readaptation\/\" \/>\n<meta property=\"og:locale\" content=\"fr_FR\" \/>\n<meta property=\"og:type\" content=\"article\" \/>\n<meta property=\"og:title\" content=\"Service de m\u00e9decine physique et de r\u00e9adaptation\" \/>\n<meta property=\"og:description\" content=\"\u00c0 l\u2019H\u00f4pital La Paloma le service de m\u00e9decine physique et de r\u00e9adaptation re\u00e7oit les patients de toute sp\u00e9cialit\u00e9 m\u00e9dicale\" \/>\n<meta property=\"og:url\" content=\"https:\/\/www.hospitallapaloma.com\/fr\/service-de-medecine-physique-et-de-readaptation\/\" \/>\n<meta property=\"og:site_name\" content=\"Hospital La Paloma\" \/>\n<meta property=\"article:publisher\" content=\"https:\/\/www.facebook.com\/lapalomahospital\/\" \/>\n<meta property=\"article:modified_time\" content=\"2019-09-11T15:05:25+00:00\" \/>\n<meta property=\"og:image\" content=\"https:\/\/www.hospitallapaloma.com\/wp-content\/uploads\/2019\/09\/rehab-1024x613-1024x613.jpg\" \/>\n<meta name=\"twitter:card\" content=\"summary_large_image\" \/>\n<meta name=\"twitter:site\" content=\"@lapalomahosp\" \/>\n<meta name=\"twitter:label1\" content=\"Dur\u00e9e de lecture estim\u00e9e\" \/>\n\t<meta name=\"twitter:data1\" content=\"4 minutes\" \/>\n<script type=\"application\/ld+json\" class=\"yoast-schema-graph\">{\"@context\":\"https:\/\/schema.org\",\"@graph\":[{\"@type\":\"WebPage\",\"@id\":\"https:\/\/www.hospitallapaloma.com\/fr\/service-de-medecine-physique-et-de-readaptation\/\",\"url\":\"https:\/\/www.hospitallapaloma.com\/fr\/service-de-medecine-physique-et-de-readaptation\/\",\"name\":\"Service de m\u00e9decine physique et de r\u00e9adaptation\",\"isPartOf\":{\"@id\":\"https:\/\/www.hospitallapaloma.com\/#website\"},\"primaryImageOfPage\":{\"@id\":\"https:\/\/www.hospitallapaloma.com\/fr\/service-de-medecine-physique-et-de-readaptation\/#primaryimage\"},\"image\":{\"@id\":\"https:\/\/www.hospitallapaloma.com\/fr\/service-de-medecine-physique-et-de-readaptation\/#primaryimage\"},\"thumbnailUrl\":\"https:\/\/www.hospitallapaloma.com\/wp-content\/uploads\/2019\/09\/rehab-1024x613-1024x613.jpg\",\"datePublished\":\"2017-08-10T13:00:57+00:00\",\"dateModified\":\"2019-09-11T15:05:25+00:00\",\"description\":\"\u00c0 l\u2019H\u00f4pital La Paloma le service de m\u00e9decine physique et de r\u00e9adaptation re\u00e7oit les patients de toute sp\u00e9cialit\u00e9 m\u00e9dicale\",\"breadcrumb\":{\"@id\":\"https:\/\/www.hospitallapaloma.com\/fr\/service-de-medecine-physique-et-de-readaptation\/#breadcrumb\"},\"inLanguage\":\"fr-FR\",\"potentialAction\":[{\"@type\":\"ReadAction\",\"target\":[\"https:\/\/www.hospitallapaloma.com\/fr\/service-de-medecine-physique-et-de-readaptation\/\"]}]},{\"@type\":\"ImageObject\",\"inLanguage\":\"fr-FR\",\"@id\":\"https:\/\/www.hospitallapaloma.com\/fr\/service-de-medecine-physique-et-de-readaptation\/#primaryimage\",\"url\":\"https:\/\/www.hospitallapaloma.com\/wp-content\/uploads\/2019\/09\/rehab-1024x613-1024x613.jpg\",\"contentUrl\":\"https:\/\/www.hospitallapaloma.com\/wp-content\/uploads\/2019\/09\/rehab-1024x613-1024x613.jpg\"},{\"@type\":\"BreadcrumbList\",\"@id\":\"https:\/\/www.hospitallapaloma.com\/fr\/service-de-medecine-physique-et-de-readaptation\/#breadcrumb\",\"itemListElement\":[{\"@type\":\"ListItem\",\"position\":1,\"name\":\"Portada\",\"item\":\"https:\/\/www.hospitallapaloma.com\/fr\/\"},{\"@type\":\"ListItem\",\"position\":2,\"name\":\"Service de m\u00e9decine physique et de r\u00e9adaptation\"}]},{\"@type\":\"WebSite\",\"@id\":\"https:\/\/www.hospitallapaloma.com\/#website\",\"url\":\"https:\/\/www.hospitallapaloma.com\/\",\"name\":\"Hospital La Paloma\",\"description\":\"Hospital La Paloma en Las Palmas de Gran Canaria\",\"publisher\":{\"@id\":\"https:\/\/www.hospitallapaloma.com\/#organization\"},\"potentialAction\":[{\"@type\":\"SearchAction\",\"target\":{\"@type\":\"EntryPoint\",\"urlTemplate\":\"https:\/\/www.hospitallapaloma.com\/?s={search_term_string}\"},\"query-input\":{\"@type\":\"PropertyValueSpecification\",\"valueRequired\":true,\"valueName\":\"search_term_string\"}}],\"inLanguage\":\"fr-FR\"},{\"@type\":\"Organization\",\"@id\":\"https:\/\/www.hospitallapaloma.com\/#organization\",\"name\":\"Hospital La Paloma\",\"url\":\"https:\/\/www.hospitallapaloma.com\/\",\"logo\":{\"@type\":\"ImageObject\",\"inLanguage\":\"fr-FR\",\"@id\":\"https:\/\/www.hospitallapaloma.com\/#\/schema\/logo\/image\/\",\"url\":\"https:\/\/www.hospitallapaloma.com\/wp-content\/uploads\/2016\/03\/logo-AW-1.jpg\",\"contentUrl\":\"https:\/\/www.hospitallapaloma.com\/wp-content\/uploads\/2016\/03\/logo-AW-1.jpg\",\"width\":240,\"height\":120,\"caption\":\"Hospital La Paloma\"},\"image\":{\"@id\":\"https:\/\/www.hospitallapaloma.com\/#\/schema\/logo\/image\/\"},\"sameAs\":[\"https:\/\/www.facebook.com\/lapalomahospital\/\",\"https:\/\/x.com\/lapalomahosp\",\"https:\/\/www.youtube.com\/channel\/UCjVEdPqlsQMZmMsZ8rAh0Ng\"]}]}<\/script>\n<!-- \/ Yoast SEO plugin. -->","yoast_head_json":{"title":"Service de m\u00e9decine physique et de r\u00e9adaptation","description":"\u00c0 l\u2019H\u00f4pital La Paloma le service de m\u00e9decine physique et de r\u00e9adaptation re\u00e7oit les patients de toute sp\u00e9cialit\u00e9 m\u00e9dicale","robots":{"index":"index","follow":"follow","max-snippet":"max-snippet:-1","max-image-preview":"max-image-preview:large","max-video-preview":"max-video-preview:-1"},"canonical":"https:\/\/www.hospitallapaloma.com\/fr\/service-de-medecine-physique-et-de-readaptation\/","og_locale":"fr_FR","og_type":"article","og_title":"Service de m\u00e9decine physique et de r\u00e9adaptation","og_description":"\u00c0 l\u2019H\u00f4pital La Paloma le service de m\u00e9decine physique et de r\u00e9adaptation re\u00e7oit les patients de toute sp\u00e9cialit\u00e9 m\u00e9dicale","og_url":"https:\/\/www.hospitallapaloma.com\/fr\/service-de-medecine-physique-et-de-readaptation\/","og_site_name":"Hospital La Paloma","article_publisher":"https:\/\/www.facebook.com\/lapalomahospital\/","article_modified_time":"2019-09-11T15:05:25+00:00","og_image":[{"url":"https:\/\/www.hospitallapaloma.com\/wp-content\/uploads\/2019\/09\/rehab-1024x613-1024x613.jpg","type":"","width":"","height":""}],"twitter_card":"summary_large_image","twitter_site":"@lapalomahosp","twitter_misc":{"Dur\u00e9e de lecture estim\u00e9e":"4 minutes"},"schema":{"@context":"https:\/\/schema.org","@graph":[{"@type":"WebPage","@id":"https:\/\/www.hospitallapaloma.com\/fr\/service-de-medecine-physique-et-de-readaptation\/","url":"https:\/\/www.hospitallapaloma.com\/fr\/service-de-medecine-physique-et-de-readaptation\/","name":"Service de m\u00e9decine physique et de r\u00e9adaptation","isPartOf":{"@id":"https:\/\/www.hospitallapaloma.com\/#website"},"primaryImageOfPage":{"@id":"https:\/\/www.hospitallapaloma.com\/fr\/service-de-medecine-physique-et-de-readaptation\/#primaryimage"},"image":{"@id":"https:\/\/www.hospitallapaloma.com\/fr\/service-de-medecine-physique-et-de-readaptation\/#primaryimage"},"thumbnailUrl":"https:\/\/www.hospitallapaloma.com\/wp-content\/uploads\/2019\/09\/rehab-1024x613-1024x613.jpg","datePublished":"2017-08-10T13:00:57+00:00","dateModified":"2019-09-11T15:05:25+00:00","description":"\u00c0 l\u2019H\u00f4pital La Paloma le service de m\u00e9decine physique et de r\u00e9adaptation re\u00e7oit les patients de toute sp\u00e9cialit\u00e9 m\u00e9dicale","breadcrumb":{"@id":"https:\/\/www.hospitallapaloma.com\/fr\/service-de-medecine-physique-et-de-readaptation\/#breadcrumb"},"inLanguage":"fr-FR","potentialAction":[{"@type":"ReadAction","target":["https:\/\/www.hospitallapaloma.com\/fr\/service-de-medecine-physique-et-de-readaptation\/"]}]},{"@type":"ImageObject","inLanguage":"fr-FR","@id":"https:\/\/www.hospitallapaloma.com\/fr\/service-de-medecine-physique-et-de-readaptation\/#primaryimage","url":"https:\/\/www.hospitallapaloma.com\/wp-content\/uploads\/2019\/09\/rehab-1024x613-1024x613.jpg","contentUrl":"https:\/\/www.hospitallapaloma.com\/wp-content\/uploads\/2019\/09\/rehab-1024x613-1024x613.jpg"},{"@type":"BreadcrumbList","@id":"https:\/\/www.hospitallapaloma.com\/fr\/service-de-medecine-physique-et-de-readaptation\/#breadcrumb","itemListElement":[{"@type":"ListItem","position":1,"name":"Portada","item":"https:\/\/www.hospitallapaloma.com\/fr\/"},{"@type":"ListItem","position":2,"name":"Service de m\u00e9decine physique et de r\u00e9adaptation"}]},{"@type":"WebSite","@id":"https:\/\/www.hospitallapaloma.com\/#website","url":"https:\/\/www.hospitallapaloma.com\/","name":"Hospital La Paloma","description":"Hospital La Paloma en Las Palmas de Gran Canaria","publisher":{"@id":"https:\/\/www.hospitallapaloma.com\/#organization"},"potentialAction":[{"@type":"SearchAction","target":{"@type":"EntryPoint","urlTemplate":"https:\/\/www.hospitallapaloma.com\/?s={search_term_string}"},"query-input":{"@type":"PropertyValueSpecification","valueRequired":true,"valueName":"search_term_string"}}],"inLanguage":"fr-FR"},{"@type":"Organization","@id":"https:\/\/www.hospitallapaloma.com\/#organization","name":"Hospital La Paloma","url":"https:\/\/www.hospitallapaloma.com\/","logo":{"@type":"ImageObject","inLanguage":"fr-FR","@id":"https:\/\/www.hospitallapaloma.com\/#\/schema\/logo\/image\/","url":"https:\/\/www.hospitallapaloma.com\/wp-content\/uploads\/2016\/03\/logo-AW-1.jpg","contentUrl":"https:\/\/www.hospitallapaloma.com\/wp-content\/uploads\/2016\/03\/logo-AW-1.jpg","width":240,"height":120,"caption":"Hospital La Paloma"},"image":{"@id":"https:\/\/www.hospitallapaloma.com\/#\/schema\/logo\/image\/"},"sameAs":["https:\/\/www.facebook.com\/lapalomahospital\/","https:\/\/x.com\/lapalomahosp","https:\/\/www.youtube.com\/channel\/UCjVEdPqlsQMZmMsZ8rAh0Ng"]}]}},"_links":{"self":[{"href":"https:\/\/www.hospitallapaloma.com\/fr\/wp-json\/wp\/v2\/pages\/28567","targetHints":{"allow":["GET"]}}],"collection":[{"href":"https:\/\/www.hospitallapaloma.com\/fr\/wp-json\/wp\/v2\/pages"}],"about":[{"href":"https:\/\/www.hospitallapaloma.com\/fr\/wp-json\/wp\/v2\/types\/page"}],"author":[{"embeddable":true,"href":"https:\/\/www.hospitallapaloma.com\/fr\/wp-json\/wp\/v2\/users\/1"}],"replies":[{"embeddable":true,"href":"https:\/\/www.hospitallapaloma.com\/fr\/wp-json\/wp\/v2\/comments?post=28567"}],"version-history":[{"count":2,"href":"https:\/\/www.hospitallapaloma.com\/fr\/wp-json\/wp\/v2\/pages\/28567\/revisions"}],"predecessor-version":[{"id":28869,"href":"https:\/\/www.hospitallapaloma.com\/fr\/wp-json\/wp\/v2\/pages\/28567\/revisions\/28869"}],"wp:attachment":[{"href":"https:\/\/www.hospitallapaloma.com\/fr\/wp-json\/wp\/v2\/media?parent=28567"}],"curies":[{"name":"wp","href":"https:\/\/api.w.org\/{rel}","templated":true}]}}