{"id":28564,"date":"2016-03-12T18:58:51","date_gmt":"2016-03-12T18:58:51","guid":{"rendered":"https:\/\/www.hospitallapaloma.com\/radiologia-diagnostico-por-imagen\/"},"modified":"2019-09-11T17:14:37","modified_gmt":"2019-09-11T15:14:37","slug":"radiologie-et-diagnostic-par-imagerie","status":"publish","type":"page","link":"https:\/\/www.hospitallapaloma.com\/fr\/radiologie-et-diagnostic-par-imagerie\/","title":{"rendered":"Radiologie et diagnostic par imagerie"},"content":{"rendered":"<div class=\"wpb-content-wrapper\"><p>[vc_row][vc_column][vc_custom_heading text=\u00a0\u00bbRadiologie et diagnostic par imagerie\u00a0\u00bb font_container=\u00a0\u00bbtag:h1|text_align:left\u00a0\u00bb use_theme_fonts=\u00a0\u00bbyes\u00a0\u00bb][vc_single_image image=\u00a0\u00bb346&Prime; img_size=\u00a0\u00bbfull\u00a0\u00bb style=\u00a0\u00bbvc_box_border\u00a0\u00bb][vc_empty_space height=\u00a0\u00bb18px\u00a0\u00bb][\/vc_column][\/vc_row][vc_row][vc_column][vc_column_text]<\/p>\n<div style=\"text-align: justify;\">\n<h2>L\u2019Unit\u00e9 de radiologie et de diagnostic par imagerie<\/h2>\n<p>La radiologie et le diagnostic par imagerie se sont av\u00e9r\u00e9s des services essentiels dans les h\u00f4pitaux et les centres sp\u00e9cialis\u00e9s se caract\u00e9risant par une offre de soins plus avanc\u00e9s \u00e0 leurs clients.<\/p>\n<h3>Qu&rsquo;est-ce que la radiologie et le diagnostic par imagerie et \u00e0 quoi servent-ils ?<\/h3>\n<p>Il existe de nombreux besoins pour lesquels ces centres m\u00e9dicaux doivent utiliser des outils de radiologie et de diagnostic par imagerie. Parfois, ils sont li\u00e9s \u00e0 des interventions rapides qui n\u00e9cessiteront un passage au bloc op\u00e9ratoire. Cependant, dans la plupart des cas, l&rsquo;utilisation de la radiologie et du diagnostic par imagerie est r\u00e9serv\u00e9e \u00e0 la v\u00e9rification de l&rsquo;\u00e9tat des l\u00e9sions (par exemple des os) et des r\u00e9sultats des processus de r\u00e9adaptation.<\/p>\n<p>Tout d&rsquo;abord, il faut garder \u00e0 l&rsquo;esprit que la mise \u00e0 disposition de ces services aux patients implique un investissement dans des technologies de pointe qui, par ailleurs, connaissent des avanc\u00e9es qui viennent s&rsquo;ajouter aux \u00e9quipements ant\u00e9rieurs.<\/p>\n<p><img loading=\"lazy\" decoding=\"async\" class=\"alignnone wp-image-499 size-full\" title=\"Radiolog\u00eda y Diagn\u00f3stico por Imagen\" src=\"https:\/\/www.hospitallapaloma.com\/wp-content\/uploads\/2016\/03\/radiologia-diagnostico-por-imagen-2.jpg\" alt=\"Radiolog\u00eda y Diagn\u00f3stico por Imagen\" width=\"960\" height=\"300\" srcset=\"https:\/\/www.hospitallapaloma.com\/wp-content\/uploads\/2016\/03\/radiologia-diagnostico-por-imagen-2.jpg 960w, https:\/\/www.hospitallapaloma.com\/wp-content\/uploads\/2016\/03\/radiologia-diagnostico-por-imagen-2-600x188.jpg 600w, https:\/\/www.hospitallapaloma.com\/wp-content\/uploads\/2016\/03\/radiologia-diagnostico-por-imagen-2-300x94.jpg 300w, https:\/\/www.hospitallapaloma.com\/wp-content\/uploads\/2016\/03\/radiologia-diagnostico-por-imagen-2-768x240.jpg 768w\" sizes=\"auto, (max-width: 960px) 100vw, 960px\" \/><\/p>\n<p>Il est donc utile de pr\u00e9ciser comment fonctionnent les appareils de radiologie et diagnostic par imagerie. En ce sens, il convient de noter que les rayons X constituent la technologie essentielle (puisqu&rsquo;elle est d\u00e9pass\u00e9e par des m\u00e9thodes plus sophistiqu\u00e9es) qui traverse les corps et permet de prendre des images, en l&rsquo;occurrence des corps. Ce n&rsquo;est pas en vain que la qualit\u00e9 de ces \u00e9quipements peut \u00eatre certifi\u00e9e, au niveau de la garantie, par des normes d&rsquo;homologation internationales telles que la certification ISO 9001. De plus, il est \u00e9galement important que les images obtenues puissent \u00eatre num\u00e9ris\u00e9es avec une grande nettet\u00e9, afin qu&rsquo;aucun d\u00e9tail ne soit perdu et qu&rsquo;il soit possible de les analyser de fa\u00e7on rigoureuse. La rapidit\u00e9 des envois (via la connexion de donn\u00e9es) est \u00e9galement tr\u00e8s appr\u00e9ci\u00e9e, car elle facilite les interventions urgentes et l&rsquo;\u00e9change de documents, en temps r\u00e9el, avec les diff\u00e9rents sp\u00e9cialistes en charge des dossiers.<\/p>\n<p>D&rsquo;une mani\u00e8re g\u00e9n\u00e9rale, les dispositifs utilis\u00e9s pour capturer ces images contribuent \u00e0 des fins cliniques li\u00e9es au d\u00e9pistage et \u00e0 l&rsquo;examen de maladies dont le diagnostic certain ne pourrait \u00eatre atteint sans l&rsquo;aide de ces dispositifs qui permettent d&rsquo;observer l&rsquo;\u00e9tat interne du corps humain. Par-dessus tout, ils servent \u00e0 d\u00e9tecter les anomalies. D&rsquo;autre part, ces outils permettent de capturer \u00e0 la fois l&rsquo;image et le mouvement. En fait, les radiographies peuvent fournir des informations fonctionnelles et morphologiques ou structurelles. En tout \u00e9tat de cause, il s&rsquo;agit de pratiques non invasives, c&rsquo;est-\u00e0-dire qu&rsquo;elles ne pr\u00e9sentent aucun risque pour la sant\u00e9 (sauf pour les f\u0153tus des femmes enceintes, de sorte que celles-ci, \u00a0lecas \u00e9ch\u00e9ant, doivent le faire savoir). Contrairement \u00e0 d&rsquo;autres, comme par exemple les ponctions.<\/p>\n<h2>Les types de radiologie et de diagnostic par imagerie<\/h2>\n<p>D&rsquo;autre part, il est souhaitable de passer en revue les diff\u00e9rentes sous-unit\u00e9s qui peuvent faire partie d&rsquo;un service de radiologie et de diagnostic par imagerie. Certaines des plus pertinentes sont \u00e9num\u00e9r\u00e9es ci-dessous :<\/p>\n<ul>\n<li><strong>Radiologie conventionnelle num\u00e9ris\u00e9e.<\/strong> Il s&rsquo;agit de la technique classique de diagnostic par rayons X qui fournit des images des structures internes du corps et sert \u00e0 l&rsquo;\u00e9tude des l\u00e9sions.<\/li>\n<li><strong>Tomographie multi-d\u00e9tecteur informatis\u00e9e.<\/strong> Celle-ci fournit des reconstructions tridimensionnelles des organes du corps.<\/li>\n<li><strong>R\u00e9sonance magn\u00e9tique.<\/strong> Elle sert \u00e0 contraster les tissus avec un champ magn\u00e9tique et \u00e0 fournir des images anatomiques \u00e0 haute r\u00e9solution.<\/li>\n<li><strong>Angiographie.<\/strong> Cette m\u00e9thode permet d&rsquo;\u00e9tudier les structures vasculaires et en particulier les art\u00e8res.<\/li>\n<li><strong>\u00c9chographie.<\/strong> Elle sert \u00e0 visualiser l&rsquo;int\u00e9rieur de l&rsquo;organisme au moyen d&rsquo;ultrasons. De plus, le mouvement des fluides permet des \u00e9valuations vasculaires.<\/li>\n<li><strong>Mammographie.<\/strong> Il s&rsquo;agit d&rsquo;une m\u00e9thode de d\u00e9tection des anomalies (en particulier du cancer du sein) dans les tissus mammaires.<\/li>\n<li><strong>Autres services<\/strong>. En ce sens, il est possible d&rsquo;ajouter la possibilit\u00e9 d&rsquo;effectuer une TAC (comme celle d&rsquo;implantologie orale), d&rsquo;orthopantom\u00e9trie ou d&rsquo;ost\u00e9odensitom\u00e9trie.<\/li>\n<\/ul>\n<p>\u00c9videmment, nous parlons d&rsquo;un excellent outil pour les tests diagnostiques dans les h\u00f4pitaux.<\/p>\n<h3>Service de radiologie et de diagnostic par imagerie de l\u2019H\u00f4pital La Paloma<\/h3>\n<p>La plupart des \u00e9quipements de l\u2019<a href=\"https:\/\/www.hospitallapaloma.com\/\">H\u00f4pital La Paloma<\/a> ont \u00e9t\u00e9 r\u00e9nov\u00e9s au cours des deux derni\u00e8res ann\u00e9es, nous disposons donc de la technologie la plus r\u00e9cente et la plus avanc\u00e9e.<\/p>\n<p>Le service est dot\u00e9 d&rsquo;une infrastructure bas\u00e9e sur l&rsquo;utilisation de la technologie num\u00e9rique, de sorte que les images peuvent \u00eatre consult\u00e9es de n&rsquo;importe quelle zone de notre h\u00f4pital, ou du monde, par des consultants externes.<\/p>\n<p>Des techniques innovantes telles que la <strong>Coloscopie virtuelle (Colono-TAC)<\/strong> ou le <strong>Dentascan<\/strong> sont utilis\u00e9es pour l&rsquo;\u00e9tude des structures anatomiques dentaires.<\/p>\n<\/div>\n<p>[\/vc_column_text][\/vc_column][\/vc_row][vc_row css=\u00a0\u00bb.vc_custom_1556555924087{margin-top: -60px !important;}\u00a0\u00bb][vc_column offset=\u00a0\u00bbvc_hidden-lg vc_hidden-md\u00a0\u00bb][vc_column_text]<\/p>\n<div id=\"plus\" style=\"bottom: 60px; right: 7px; position: fixed; z-index: 700;\"><img loading=\"lazy\" decoding=\"async\" class=\"alignnone size-full wp-image-6888\" src=\"https:\/\/www.hospitallapaloma.com\/wp-content\/uploads\/2019\/05\/gif-mv.gif\" alt=\"\" width=\"60\" height=\"60\" \/><\/div>\n<div id=\"minus\" style=\"bottom: 60px; right: 7px; position: fixed; z-index: 700; display: none;\"><img loading=\"lazy\" decoding=\"async\" class=\"alignnone size-full wp-image-6888\" src=\"https:\/\/www.hospitallapaloma.com\/wp-content\/uploads\/2019\/04\/equis.png\" alt=\"\" width=\"60\" height=\"60\" \/><\/div>\n<div id=\"form\" style=\"bottom: 130px; right: 10px; position: fixed; z-index: 700; display: none;\"><a href=\"#pide-cita\"><img loading=\"lazy\" decoding=\"async\" class=\"alignnone size-full wp-image-6888\" src=\"https:\/\/www.hospitallapaloma.com\/wp-content\/uploads\/2019\/04\/form.png\" alt=\"\" width=\"55\" height=\"55\" \/><\/a><\/div>\n<div id=\"phone\" style=\"bottom: 190px; right: 10px; position: fixed; z-index: 700; display: none;\"><a href=\"tel:+34928234466\"><img loading=\"lazy\" decoding=\"async\" class=\"alignnone size-full wp-image-6888\" src=\"https:\/\/www.hospitallapaloma.com\/wp-content\/uploads\/2019\/04\/phone.png\" alt=\"\" width=\"55\" height=\"55\" \/><\/a><\/div>\n<p>[\/vc_column_text][vc_raw_js]JTNDc2NyaXB0JTIwdHlwZSUzRCUyMnRleHQlMkZqYXZhc2NyaXB0JTIyJTNFJTIwJTBBJTBBdmFyJTIwYnRuXzElMjAlM0QlMjBkb2N1bWVudC5nZXRFbGVtZW50QnlJZCUyOCUyN3BsdXMlMjclMjklM0IlMEF2YXIlMjBidG5fMiUyMCUzRCUyMGRvY3VtZW50LmdldEVsZW1lbnRCeUlkJTI4JTI3Zm9ybSUyNyUyOSUzQiUwQXZhciUyMGJ0bl8zJTIwJTNEJTIwZG9jdW1lbnQuZ2V0RWxlbWVudEJ5SWQlMjglMjdwaG9uZSUyNyUyOSUzQiUwQXZhciUyMGJ0bl80JTIwJTNEJTIwZG9jdW1lbnQuZ2V0RWxlbWVudEJ5SWQlMjglMjdtaW51cyUyNyUyOSUzQiUwQXZhciUyMG9wZW4lMjAlM0QlMjAxJTNCJTBBdmFyJTIwY2xvc2UlMjAlM0QlMjAwJTNCJTBBJTBBYnRuXzEub25jbGljayUyMCUzRCUyMG1vc3RyYXJCb3RvbiUzQiUwQWJ0bl80Lm9uY2xpY2slMjAlM0QlMjBvY3VsdGFyQm90b24lM0IlMEElMjAlMjAlMjAlMjAlMjAlMjAlMjAlMjAlMEFmdW5jdGlvbiUyMG1vc3RyYXJCb3RvbiUyOCUyOSUyMCU3QiUwQSUyMCUyMCUyMCUyMGJ0bl8xLnN0eWxlLmRpc3BsYXklMjAlM0QlMjAlMjdub25lJTI3JTNCJTBBJTIwJTIwJTIwJTIwYnRuXzIuc3R5bGUuZGlzcGxheSUyMCUzRCUyMCUyN2lubGluZSUyNyUzQiUwQSUyMCUyMCUyMCUyMGJ0bl8zLnN0eWxlLmRpc3BsYXklMjAlM0QlMjAlMjdpbmxpbmUlMjclM0IlMEElMjAlMjAlMjAlMjAlMjAlMjAlMjBidG5fNC5zdHlsZS5kaXNwbGF5JTIwJTNEJTIwJTI3aW5saW5lJTI3JTNCJTBBJTdEJTBBJTBBZnVuY3Rpb24lMjBvY3VsdGFyQm90b24lMjglMjklMjAlN0IlMEElMjAlMjAlMjAlMjBidG5fMS5zdHlsZS5kaXNwbGF5JTIwJTNEJTIwJTI3aW5saW5lJTI3JTNCJTBBJTIwJTIwJTIwJTIwYnRuXzIuc3R5bGUuZGlzcGxheSUyMCUzRCUyMCUyN25vbmUlMjclM0IlMEElMjAlMjAlMjAlMjBidG5fMy5zdHlsZS5kaXNwbGF5JTIwJTNEJTIwJTI3bm9uZSUyNyUzQiUwQSUyMCUyMCUyMGJ0bl80LnN0eWxlLmRpc3BsYXklMjAlM0QlMjAlMjdub25lJTI3JTNCJTBBJTdEJTBBJTBBJTBBJTNDJTJGc2NyaXB0JTNF[\/vc_raw_js][\/vc_column][\/vc_row]<\/p>\n<\/div>","protected":false},"excerpt":{"rendered":"<p>[vc_row][vc_column][vc_custom_heading text=\u00a0\u00bbRadiologie et diagnostic par imagerie\u00a0\u00bb font_container=\u00a0\u00bbtag:h1|text_align:left\u00a0\u00bb use_theme_fonts=\u00a0\u00bbyes\u00a0\u00bb][vc_single_image image=\u00a0\u00bb346&Prime; img_size=\u00a0\u00bbfull\u00a0\u00bb style=\u00a0\u00bbvc_box_border\u00a0\u00bb][vc_empty_space height=\u00a0\u00bb18px\u00a0\u00bb][\/vc_column][\/vc_row][vc_row][vc_column][vc_column_text] L\u2019Unit\u00e9 de radiologie et de diagnostic par imagerie La radiologie et le diagnostic par imagerie se sont av\u00e9r\u00e9s des services essentiels dans les h\u00f4pitaux et les centres sp\u00e9cialis\u00e9s se caract\u00e9risant par une offre de soins plus avanc\u00e9s \u00e0 leurs clients. Qu&rsquo;est-ce que la&hellip;<\/p>\n","protected":false},"author":1,"featured_media":0,"parent":0,"menu_order":0,"comment_status":"closed","ping_status":"closed","template":"","meta":{"_joinchat":[],"footnotes":""},"class_list":["post-28564","page","type-page","status-publish","hentry","description-off"],"yoast_head":"<!-- This site is optimized with the Yoast SEO plugin v26.9 - https:\/\/yoast.com\/product\/yoast-seo-wordpress\/ -->\n<title>Radiologie et diagnostic par imagerie - l\u2019H\u00f4pital La Paloma<\/title>\n<meta name=\"description\" content=\"La plupart des \u00e9quipements de l\u2019H\u00f4pital La Paloma ont \u00e9t\u00e9 r\u00e9nov\u00e9s au cours des deux derni\u00e8res ann\u00e9es, nous disposons donc de la technologie la plus r\u00e9cente et la plus avanc\u00e9e.\" \/>\n<meta name=\"robots\" content=\"index, follow, max-snippet:-1, max-image-preview:large, max-video-preview:-1\" \/>\n<link rel=\"canonical\" href=\"https:\/\/www.hospitallapaloma.com\/fr\/radiologie-et-diagnostic-par-imagerie\/\" \/>\n<meta property=\"og:locale\" content=\"fr_FR\" \/>\n<meta property=\"og:type\" content=\"article\" \/>\n<meta property=\"og:title\" content=\"Radiologie et diagnostic par imagerie - l\u2019H\u00f4pital La Paloma\" \/>\n<meta property=\"og:description\" content=\"La plupart des \u00e9quipements de l\u2019H\u00f4pital La Paloma ont \u00e9t\u00e9 r\u00e9nov\u00e9s au cours des deux derni\u00e8res ann\u00e9es, nous disposons donc de la technologie la plus r\u00e9cente et la plus avanc\u00e9e.\" \/>\n<meta property=\"og:url\" content=\"https:\/\/www.hospitallapaloma.com\/fr\/radiologie-et-diagnostic-par-imagerie\/\" \/>\n<meta property=\"og:site_name\" content=\"Hospital La Paloma\" \/>\n<meta property=\"article:publisher\" content=\"https:\/\/www.facebook.com\/lapalomahospital\/\" \/>\n<meta property=\"article:modified_time\" content=\"2019-09-11T15:14:37+00:00\" \/>\n<meta property=\"og:image\" content=\"https:\/\/www.hospitallapaloma.com\/wp-content\/uploads\/2016\/03\/radiologia-diagnostico-por-imagen-2.jpg\" \/>\n<meta name=\"twitter:card\" content=\"summary_large_image\" \/>\n<meta name=\"twitter:site\" content=\"@lapalomahosp\" \/>\n<meta name=\"twitter:label1\" content=\"Dur\u00e9e de lecture estim\u00e9e\" \/>\n\t<meta name=\"twitter:data1\" content=\"5 minutes\" \/>\n<script type=\"application\/ld+json\" class=\"yoast-schema-graph\">{\"@context\":\"https:\/\/schema.org\",\"@graph\":[{\"@type\":\"WebPage\",\"@id\":\"https:\/\/www.hospitallapaloma.com\/fr\/radiologie-et-diagnostic-par-imagerie\/\",\"url\":\"https:\/\/www.hospitallapaloma.com\/fr\/radiologie-et-diagnostic-par-imagerie\/\",\"name\":\"Radiologie et diagnostic par imagerie - l\u2019H\u00f4pital La Paloma\",\"isPartOf\":{\"@id\":\"https:\/\/www.hospitallapaloma.com\/#website\"},\"primaryImageOfPage\":{\"@id\":\"https:\/\/www.hospitallapaloma.com\/fr\/radiologie-et-diagnostic-par-imagerie\/#primaryimage\"},\"image\":{\"@id\":\"https:\/\/www.hospitallapaloma.com\/fr\/radiologie-et-diagnostic-par-imagerie\/#primaryimage\"},\"thumbnailUrl\":\"https:\/\/www.hospitallapaloma.com\/wp-content\/uploads\/2016\/03\/radiologia-diagnostico-por-imagen-2.jpg\",\"datePublished\":\"2016-03-12T18:58:51+00:00\",\"dateModified\":\"2019-09-11T15:14:37+00:00\",\"description\":\"La plupart des \u00e9quipements de l\u2019H\u00f4pital La Paloma ont \u00e9t\u00e9 r\u00e9nov\u00e9s au cours des deux derni\u00e8res ann\u00e9es, nous disposons donc de la technologie la plus r\u00e9cente et la plus avanc\u00e9e.\",\"breadcrumb\":{\"@id\":\"https:\/\/www.hospitallapaloma.com\/fr\/radiologie-et-diagnostic-par-imagerie\/#breadcrumb\"},\"inLanguage\":\"fr-FR\",\"potentialAction\":[{\"@type\":\"ReadAction\",\"target\":[\"https:\/\/www.hospitallapaloma.com\/fr\/radiologie-et-diagnostic-par-imagerie\/\"]}]},{\"@type\":\"ImageObject\",\"inLanguage\":\"fr-FR\",\"@id\":\"https:\/\/www.hospitallapaloma.com\/fr\/radiologie-et-diagnostic-par-imagerie\/#primaryimage\",\"url\":\"https:\/\/www.hospitallapaloma.com\/wp-content\/uploads\/2016\/03\/radiologia-diagnostico-por-imagen-2.jpg\",\"contentUrl\":\"https:\/\/www.hospitallapaloma.com\/wp-content\/uploads\/2016\/03\/radiologia-diagnostico-por-imagen-2.jpg\"},{\"@type\":\"BreadcrumbList\",\"@id\":\"https:\/\/www.hospitallapaloma.com\/fr\/radiologie-et-diagnostic-par-imagerie\/#breadcrumb\",\"itemListElement\":[{\"@type\":\"ListItem\",\"position\":1,\"name\":\"Portada\",\"item\":\"https:\/\/www.hospitallapaloma.com\/fr\/\"},{\"@type\":\"ListItem\",\"position\":2,\"name\":\"Radiologie et diagnostic par imagerie\"}]},{\"@type\":\"WebSite\",\"@id\":\"https:\/\/www.hospitallapaloma.com\/#website\",\"url\":\"https:\/\/www.hospitallapaloma.com\/\",\"name\":\"Hospital La Paloma\",\"description\":\"Hospital La Paloma en Las Palmas de Gran Canaria\",\"publisher\":{\"@id\":\"https:\/\/www.hospitallapaloma.com\/#organization\"},\"potentialAction\":[{\"@type\":\"SearchAction\",\"target\":{\"@type\":\"EntryPoint\",\"urlTemplate\":\"https:\/\/www.hospitallapaloma.com\/?s={search_term_string}\"},\"query-input\":{\"@type\":\"PropertyValueSpecification\",\"valueRequired\":true,\"valueName\":\"search_term_string\"}}],\"inLanguage\":\"fr-FR\"},{\"@type\":\"Organization\",\"@id\":\"https:\/\/www.hospitallapaloma.com\/#organization\",\"name\":\"Hospital La Paloma\",\"url\":\"https:\/\/www.hospitallapaloma.com\/\",\"logo\":{\"@type\":\"ImageObject\",\"inLanguage\":\"fr-FR\",\"@id\":\"https:\/\/www.hospitallapaloma.com\/#\/schema\/logo\/image\/\",\"url\":\"https:\/\/www.hospitallapaloma.com\/wp-content\/uploads\/2016\/03\/logo-AW-1.jpg\",\"contentUrl\":\"https:\/\/www.hospitallapaloma.com\/wp-content\/uploads\/2016\/03\/logo-AW-1.jpg\",\"width\":240,\"height\":120,\"caption\":\"Hospital La Paloma\"},\"image\":{\"@id\":\"https:\/\/www.hospitallapaloma.com\/#\/schema\/logo\/image\/\"},\"sameAs\":[\"https:\/\/www.facebook.com\/lapalomahospital\/\",\"https:\/\/x.com\/lapalomahosp\",\"https:\/\/www.youtube.com\/channel\/UCjVEdPqlsQMZmMsZ8rAh0Ng\"]}]}<\/script>\n<!-- \/ Yoast SEO plugin. -->","yoast_head_json":{"title":"Radiologie et diagnostic par imagerie - l\u2019H\u00f4pital La Paloma","description":"La plupart des \u00e9quipements de l\u2019H\u00f4pital La Paloma ont \u00e9t\u00e9 r\u00e9nov\u00e9s au cours des deux derni\u00e8res ann\u00e9es, nous disposons donc de la technologie la plus r\u00e9cente et la plus avanc\u00e9e.","robots":{"index":"index","follow":"follow","max-snippet":"max-snippet:-1","max-image-preview":"max-image-preview:large","max-video-preview":"max-video-preview:-1"},"canonical":"https:\/\/www.hospitallapaloma.com\/fr\/radiologie-et-diagnostic-par-imagerie\/","og_locale":"fr_FR","og_type":"article","og_title":"Radiologie et diagnostic par imagerie - l\u2019H\u00f4pital La Paloma","og_description":"La plupart des \u00e9quipements de l\u2019H\u00f4pital La Paloma ont \u00e9t\u00e9 r\u00e9nov\u00e9s au cours des deux derni\u00e8res ann\u00e9es, nous disposons donc de la technologie la plus r\u00e9cente et la plus avanc\u00e9e.","og_url":"https:\/\/www.hospitallapaloma.com\/fr\/radiologie-et-diagnostic-par-imagerie\/","og_site_name":"Hospital La Paloma","article_publisher":"https:\/\/www.facebook.com\/lapalomahospital\/","article_modified_time":"2019-09-11T15:14:37+00:00","og_image":[{"url":"https:\/\/www.hospitallapaloma.com\/wp-content\/uploads\/2016\/03\/radiologia-diagnostico-por-imagen-2.jpg","type":"","width":"","height":""}],"twitter_card":"summary_large_image","twitter_site":"@lapalomahosp","twitter_misc":{"Dur\u00e9e de lecture estim\u00e9e":"5 minutes"},"schema":{"@context":"https:\/\/schema.org","@graph":[{"@type":"WebPage","@id":"https:\/\/www.hospitallapaloma.com\/fr\/radiologie-et-diagnostic-par-imagerie\/","url":"https:\/\/www.hospitallapaloma.com\/fr\/radiologie-et-diagnostic-par-imagerie\/","name":"Radiologie et diagnostic par imagerie - l\u2019H\u00f4pital La Paloma","isPartOf":{"@id":"https:\/\/www.hospitallapaloma.com\/#website"},"primaryImageOfPage":{"@id":"https:\/\/www.hospitallapaloma.com\/fr\/radiologie-et-diagnostic-par-imagerie\/#primaryimage"},"image":{"@id":"https:\/\/www.hospitallapaloma.com\/fr\/radiologie-et-diagnostic-par-imagerie\/#primaryimage"},"thumbnailUrl":"https:\/\/www.hospitallapaloma.com\/wp-content\/uploads\/2016\/03\/radiologia-diagnostico-por-imagen-2.jpg","datePublished":"2016-03-12T18:58:51+00:00","dateModified":"2019-09-11T15:14:37+00:00","description":"La plupart des \u00e9quipements de l\u2019H\u00f4pital La Paloma ont \u00e9t\u00e9 r\u00e9nov\u00e9s au cours des deux derni\u00e8res ann\u00e9es, nous disposons donc de la technologie la plus r\u00e9cente et la plus avanc\u00e9e.","breadcrumb":{"@id":"https:\/\/www.hospitallapaloma.com\/fr\/radiologie-et-diagnostic-par-imagerie\/#breadcrumb"},"inLanguage":"fr-FR","potentialAction":[{"@type":"ReadAction","target":["https:\/\/www.hospitallapaloma.com\/fr\/radiologie-et-diagnostic-par-imagerie\/"]}]},{"@type":"ImageObject","inLanguage":"fr-FR","@id":"https:\/\/www.hospitallapaloma.com\/fr\/radiologie-et-diagnostic-par-imagerie\/#primaryimage","url":"https:\/\/www.hospitallapaloma.com\/wp-content\/uploads\/2016\/03\/radiologia-diagnostico-por-imagen-2.jpg","contentUrl":"https:\/\/www.hospitallapaloma.com\/wp-content\/uploads\/2016\/03\/radiologia-diagnostico-por-imagen-2.jpg"},{"@type":"BreadcrumbList","@id":"https:\/\/www.hospitallapaloma.com\/fr\/radiologie-et-diagnostic-par-imagerie\/#breadcrumb","itemListElement":[{"@type":"ListItem","position":1,"name":"Portada","item":"https:\/\/www.hospitallapaloma.com\/fr\/"},{"@type":"ListItem","position":2,"name":"Radiologie et diagnostic par imagerie"}]},{"@type":"WebSite","@id":"https:\/\/www.hospitallapaloma.com\/#website","url":"https:\/\/www.hospitallapaloma.com\/","name":"Hospital La Paloma","description":"Hospital La Paloma en Las Palmas de Gran Canaria","publisher":{"@id":"https:\/\/www.hospitallapaloma.com\/#organization"},"potentialAction":[{"@type":"SearchAction","target":{"@type":"EntryPoint","urlTemplate":"https:\/\/www.hospitallapaloma.com\/?s={search_term_string}"},"query-input":{"@type":"PropertyValueSpecification","valueRequired":true,"valueName":"search_term_string"}}],"inLanguage":"fr-FR"},{"@type":"Organization","@id":"https:\/\/www.hospitallapaloma.com\/#organization","name":"Hospital La Paloma","url":"https:\/\/www.hospitallapaloma.com\/","logo":{"@type":"ImageObject","inLanguage":"fr-FR","@id":"https:\/\/www.hospitallapaloma.com\/#\/schema\/logo\/image\/","url":"https:\/\/www.hospitallapaloma.com\/wp-content\/uploads\/2016\/03\/logo-AW-1.jpg","contentUrl":"https:\/\/www.hospitallapaloma.com\/wp-content\/uploads\/2016\/03\/logo-AW-1.jpg","width":240,"height":120,"caption":"Hospital La Paloma"},"image":{"@id":"https:\/\/www.hospitallapaloma.com\/#\/schema\/logo\/image\/"},"sameAs":["https:\/\/www.facebook.com\/lapalomahospital\/","https:\/\/x.com\/lapalomahosp","https:\/\/www.youtube.com\/channel\/UCjVEdPqlsQMZmMsZ8rAh0Ng"]}]}},"_links":{"self":[{"href":"https:\/\/www.hospitallapaloma.com\/fr\/wp-json\/wp\/v2\/pages\/28564","targetHints":{"allow":["GET"]}}],"collection":[{"href":"https:\/\/www.hospitallapaloma.com\/fr\/wp-json\/wp\/v2\/pages"}],"about":[{"href":"https:\/\/www.hospitallapaloma.com\/fr\/wp-json\/wp\/v2\/types\/page"}],"author":[{"embeddable":true,"href":"https:\/\/www.hospitallapaloma.com\/fr\/wp-json\/wp\/v2\/users\/1"}],"replies":[{"embeddable":true,"href":"https:\/\/www.hospitallapaloma.com\/fr\/wp-json\/wp\/v2\/comments?post=28564"}],"version-history":[{"count":2,"href":"https:\/\/www.hospitallapaloma.com\/fr\/wp-json\/wp\/v2\/pages\/28564\/revisions"}],"predecessor-version":[{"id":28874,"href":"https:\/\/www.hospitallapaloma.com\/fr\/wp-json\/wp\/v2\/pages\/28564\/revisions\/28874"}],"wp:attachment":[{"href":"https:\/\/www.hospitallapaloma.com\/fr\/wp-json\/wp\/v2\/media?parent=28564"}],"curies":[{"name":"wp","href":"https:\/\/api.w.org\/{rel}","templated":true}]}}