{"id":28549,"date":"2016-03-12T18:52:53","date_gmt":"2016-03-12T18:52:53","guid":{"rendered":"https:\/\/www.hospitallapaloma.com\/analisis-clinicos-anatomia-patologica\/"},"modified":"2019-09-06T15:01:38","modified_gmt":"2019-09-06T13:01:38","slug":"clinical-analysis-and-pathological-anatomy","status":"publish","type":"page","link":"https:\/\/www.hospitallapaloma.com\/en\/clinical-analysis-and-pathological-anatomy\/","title":{"rendered":"Clinical Analysis and Pathological Anatomy"},"content":{"rendered":"<div class=\"wpb-content-wrapper\"><p>[vc_row][vc_column][vc_custom_heading text=&#8221;Clinical Analysis and Pathological Anatomy&#8221; font_container=&#8221;tag:h1|text_align:left&#8221; use_theme_fonts=&#8221;yes&#8221;][vc_single_image image=&#8221;344&#8243; img_size=&#8221;full&#8221; style=&#8221;vc_box_border&#8221;][vc_empty_space][\/vc_column][\/vc_row][vc_row][vc_column][vc_column_text]<\/p>\n<div style=\"text-align: justify;\">\n<h2><span data-contrast=\"auto\">Clinical Analysis and Pathological Anatomy: everything you need to know<\/span><span data-ccp-props=\"{&quot;201341983&quot;:0,&quot;335559740&quot;:276}\">\u00a0<\/span><\/h2>\n<p><span data-contrast=\"auto\">In the laboratory of clinical analysis and pathological anatomy of any hospital or private clinic, a team of highly trained and qualified professionals, studies human biological samples, in order to prevent, diagnose and treat various pathologies.<\/span><span data-ccp-props=\"{&quot;201341983&quot;:0,&quot;335559740&quot;:276}\">\u00a0<\/span><\/p>\n<p><span data-contrast=\"auto\">This service is usually comprehensive, working in coordination with different clinical areas such as <\/span><span data-contrast=\"auto\">haematology<\/span><span data-contrast=\"auto\">, immunology, clinical chemistry or genetics. This is because it offers pertinent information to act and thus contribute to the restoration of a patient&#8217;s welfare state in the shortest possible time. It is essential considering that, in terms of health, it is always necessary to detect diseases as soon as possible, to treat them in time. That is the key.<\/span><span data-ccp-props=\"{&quot;201341983&quot;:0,&quot;335559740&quot;:276}\">\u00a0<\/span><\/p>\n<p><span data-contrast=\"auto\">For this, it is necessary that the laboratory has the latest technology, is continuously updated (materially, and in terms of training of its human resources), and meets all quality standards internationally. All this, with the sole purpose of finding the most accurate and reliable results, always betting on excellence.<\/span><span data-ccp-props=\"{&quot;201341983&quot;:0,&quot;335559740&quot;:276}\">\u00a0<\/span><\/p>\n<h3><span data-contrast=\"auto\">What is each thing, and what is it <\/span><span data-contrast=\"auto\">for<\/span><span data-ccp-props=\"{&quot;201341983&quot;:0,&quot;335559740&quot;:276}\">\u00a0<\/span><\/h3>\n<p><img loading=\"lazy\" decoding=\"async\" class=\"alignnone wp-image-497 size-full\" title=\"Laboratorio de An\u00e1lisis Cl\u00ednicos y Anatom\u00eda Patol\u00f3gica\" src=\"https:\/\/www.hospitallapaloma.com\/wp-content\/uploads\/2016\/03\/anatomia-patologica-analisis-clinicos.jpg\" alt=\"Laboratorio de An\u00e1lisis Cl\u00ednicos y Anatom\u00eda Patol\u00f3gica\" width=\"990\" height=\"350\" srcset=\"https:\/\/www.hospitallapaloma.com\/wp-content\/uploads\/2016\/03\/anatomia-patologica-analisis-clinicos.jpg 990w, https:\/\/www.hospitallapaloma.com\/wp-content\/uploads\/2016\/03\/anatomia-patologica-analisis-clinicos-600x212.jpg 600w, https:\/\/www.hospitallapaloma.com\/wp-content\/uploads\/2016\/03\/anatomia-patologica-analisis-clinicos-300x106.jpg 300w, https:\/\/www.hospitallapaloma.com\/wp-content\/uploads\/2016\/03\/anatomia-patologica-analisis-clinicos-768x272.jpg 768w\" sizes=\"auto, (max-width: 990px) 100vw, 990px\" \/><\/p>\n<p><span data-contrast=\"auto\">Clinical <\/span><span data-contrast=\"auto\">analyses<\/span><span data-contrast=\"auto\"> are nothing other than the analysis of certain substances in the human body, with the objective of diagnosing and \/ or treating a patient (in fact, a clinical analysis is a key diagnostic test). There are different types of clinical analysis. To continue; the details:<\/span><span data-ccp-props=\"{&quot;201341983&quot;:0,&quot;335559740&quot;:276}\">\u00a0<\/span><\/p>\n<ul>\n<li aria-setsize=\"-1\" data-leveltext=\"\u25cf\" data-font=\"\" data-listid=\"1\" data-aria-posinset=\"1\" data-aria-level=\"1\"><span data-contrast=\"auto\">Chemicals: are those that <\/span><span data-contrast=\"auto\">analyse<\/span><span data-contrast=\"auto\"> the concentration of elements, for example, in water (it could be the public supply network), or a drug in the blood.<\/span><span data-ccp-props=\"{&quot;201341983&quot;:0,&quot;335559685&quot;:720,&quot;335559740&quot;:276,&quot;335559991&quot;:360}\">\u00a0<\/span><\/li>\n<li aria-setsize=\"-1\" data-leveltext=\"\u25cf\" data-font=\"\" data-listid=\"1\" data-aria-posinset=\"2\" data-aria-level=\"1\"><span data-contrast=\"auto\">Biochemists: those who study the concentration of chemical components in living organisms (glucose, ions, hormones, cholesterol, among others).<\/span><span data-ccp-props=\"{&quot;201341983&quot;:0,&quot;335559685&quot;:720,&quot;335559740&quot;:276,&quot;335559991&quot;:360}\">\u00a0<\/span><\/li>\n<li aria-setsize=\"-1\" data-leveltext=\"\u25cf\" data-font=\"\" data-listid=\"1\" data-aria-posinset=\"3\" data-aria-level=\"1\"><span data-contrast=\"auto\">Haematological<\/span><span data-contrast=\"auto\">: they are the clinical <\/span><span data-contrast=\"auto\">analyses<\/span><span data-contrast=\"auto\"> that thoroughly investigate the blood and its components (red and white blood cells, platelets, proteins, vitamins, etc.).<\/span><span data-ccp-props=\"{&quot;201341983&quot;:0,&quot;335559685&quot;:720,&quot;335559740&quot;:276,&quot;335559991&quot;:360}\">\u00a0<\/span><\/li>\n<li aria-setsize=\"-1\" data-leveltext=\"\u25cf\" data-font=\"\" data-listid=\"1\" data-aria-posinset=\"3\" data-aria-level=\"1\"><span data-contrast=\"auto\">Microbiological: they are the studies that track microorganisms, and allow to evaluate the risk of infections or, on the other hand, to find the causative factors of them.<\/span><span data-ccp-props=\"{&quot;201341983&quot;:0,&quot;335559685&quot;:720,&quot;335559740&quot;:276,&quot;335559991&quot;:360}\">\u00a0<\/span><\/li>\n<li aria-setsize=\"-1\" data-leveltext=\"\u25cf\" data-font=\"\" data-listid=\"1\" data-aria-posinset=\"3\" data-aria-level=\"1\"><span data-contrast=\"auto\">Genetic: these are specific <\/span><span data-contrast=\"auto\">analyses<\/span><span data-contrast=\"auto\"> of genetic material. A frequent example is the analysis that is applied to sperm to assess its structure and functionality.<\/span><span data-ccp-props=\"{&quot;201341983&quot;:0,&quot;335559685&quot;:720,&quot;335559740&quot;:276,&quot;335559991&quot;:360}\"><br \/>\n<\/span><\/li>\n<\/ul>\n<p><span data-contrast=\"auto\">On the other hand, the pathological anatomy studies, through sophisticated morphological techniques, the anatomical anomalies verified in organs and tissues due to a certain disease. It is a fundamental clinical research service that supports other health services, complementing its activity. Its primary objective is the accurate diagnosis of biopsies (or surgical pathology), <\/span><span data-contrast=\"auto\">cytologies<\/span><span data-contrast=\"auto\"> and autopsies, which are its three care areas. At the same time, it seeks precision in the prognosis of a pathology, something that is essential when evaluating which therapies to apply to each case.<\/span><span data-ccp-props=\"{&quot;201341983&quot;:0,&quot;335559740&quot;:276}\">\u00a0<\/span><\/p>\n<h3><span data-contrast=\"auto\">Drawing some <\/span><span data-contrast=\"auto\">conclusions<\/span><span data-ccp-props=\"{&quot;201341983&quot;:0,&quot;335559740&quot;:276}\">\u00a0<\/span><\/h3>\n<p><span data-contrast=\"auto\">As expected, both clinical areas (clinical analysis and pathology) work together in the same laboratory that has, as the main beneficiary, the patient. In fact, due to its importance, this hospital service is considered a key element within any organized health <\/span><span data-contrast=\"auto\">centre<\/span><span data-contrast=\"auto\"> that meets the highest quality standards.<\/span><span data-ccp-props=\"{&quot;201341983&quot;:0,&quot;335559740&quot;:276}\">\u00a0<\/span><\/p>\n<p><span data-contrast=\"auto\">As already indicated, this is due to the fact that the clinical analysis and pathological anatomy service provides information without which a correct diagnosis and an adequate prognosis and treatment would be practically unfeasible. It is an objective fact: at present, information is an element of a very high value that enables the right <\/span><span data-contrast=\"auto\">decision-making<\/span><span data-contrast=\"auto\">. In this case, around the health of a patient. Without it, health professionals would drift.<\/span><span data-ccp-props=\"{&quot;201341983&quot;:0,&quot;335559740&quot;:276}\">\u00a0<\/span><\/p>\n<p><span data-contrast=\"auto\">Therefore, you must always opt for a professional institution that has this comprehensive analysis service.<\/span><span data-ccp-props=\"{&quot;201341983&quot;:0,&quot;335559740&quot;:276}\">\u00a0<\/span><\/p>\n<p><span data-contrast=\"auto\">The laboratories of the La <\/span><span data-contrast=\"auto\">Paloma<\/span><span data-contrast=\"auto\"> Hospital are continuously updated, both from the technological point of view and from the professional point of view.<\/span><span data-ccp-props=\"{&quot;201341983&quot;:0,&quot;335559740&quot;:276}\">\u00a0<\/span><\/p>\n<p><span data-contrast=\"auto\">We have the widest <\/span><span data-contrast=\"auto\">catalogue<\/span><span data-contrast=\"auto\"> of determinations that can be obtained 24 hours a day.<\/span><span data-ccp-props=\"{&quot;201341983&quot;:0,&quot;335559740&quot;:276}\">\u00a0<\/span><\/p>\n<p><span data-ccp-props=\"{&quot;201341983&quot;:0,&quot;335559740&quot;:276}\">\u00a0<\/span><\/p>\n<\/div>\n<p>[\/vc_column_text][\/vc_column][\/vc_row][vc_row css=&#8221;.vc_custom_1556555924087{margin-top: -60px !important;}&#8221;][vc_column offset=&#8221;vc_hidden-lg vc_hidden-md&#8221;][vc_column_text]<\/p>\n<div id=\"plus\" style=\"bottom: 60px; right: 7px; position: fixed; z-index: 700;\"><img loading=\"lazy\" decoding=\"async\" class=\"alignnone size-full wp-image-6888\" src=\"https:\/\/www.hospitallapaloma.com\/wp-content\/uploads\/2019\/05\/gif-mv.gif\" alt=\"\" width=\"60\" height=\"60\" \/><\/div>\n<div id=\"minus\" style=\"bottom: 60px; right: 7px; position: fixed; z-index: 700; display: none;\"><img loading=\"lazy\" decoding=\"async\" class=\"alignnone size-full wp-image-6888\" src=\"https:\/\/www.hospitallapaloma.com\/wp-content\/uploads\/2019\/04\/equis.png\" alt=\"\" width=\"60\" height=\"60\" \/><\/div>\n<div id=\"form\" style=\"bottom: 130px; right: 10px; position: fixed; z-index: 700; display: none;\"><a href=\"#pide-cita\"><img loading=\"lazy\" decoding=\"async\" class=\"alignnone size-full wp-image-6888\" src=\"https:\/\/www.hospitallapaloma.com\/wp-content\/uploads\/2019\/04\/form.png\" alt=\"\" width=\"55\" height=\"55\" \/><\/a><\/div>\n<div id=\"phone\" style=\"bottom: 190px; right: 10px; position: fixed; z-index: 700; display: none;\"><a href=\"tel:+34928234466\"><img loading=\"lazy\" decoding=\"async\" class=\"alignnone size-full wp-image-6888\" src=\"https:\/\/www.hospitallapaloma.com\/wp-content\/uploads\/2019\/04\/phone.png\" alt=\"\" width=\"55\" height=\"55\" \/><\/a><\/div>\n<p>[\/vc_column_text][vc_raw_js]JTNDc2NyaXB0JTIwdHlwZSUzRCUyMnRleHQlMkZqYXZhc2NyaXB0JTIyJTNFJTIwJTBBJTBBdmFyJTIwYnRuXzElMjAlM0QlMjBkb2N1bWVudC5nZXRFbGVtZW50QnlJZCUyOCUyN3BsdXMlMjclMjklM0IlMEF2YXIlMjBidG5fMiUyMCUzRCUyMGRvY3VtZW50LmdldEVsZW1lbnRCeUlkJTI4JTI3Zm9ybSUyNyUyOSUzQiUwQXZhciUyMGJ0bl8zJTIwJTNEJTIwZG9jdW1lbnQuZ2V0RWxlbWVudEJ5SWQlMjglMjdwaG9uZSUyNyUyOSUzQiUwQXZhciUyMGJ0bl80JTIwJTNEJTIwZG9jdW1lbnQuZ2V0RWxlbWVudEJ5SWQlMjglMjdtaW51cyUyNyUyOSUzQiUwQXZhciUyMG9wZW4lMjAlM0QlMjAxJTNCJTBBdmFyJTIwY2xvc2UlMjAlM0QlMjAwJTNCJTBBJTBBYnRuXzEub25jbGljayUyMCUzRCUyMG1vc3RyYXJCb3RvbiUzQiUwQWJ0bl80Lm9uY2xpY2slMjAlM0QlMjBvY3VsdGFyQm90b24lM0IlMEElMjAlMjAlMjAlMjAlMjAlMjAlMjAlMjAlMEFmdW5jdGlvbiUyMG1vc3RyYXJCb3RvbiUyOCUyOSUyMCU3QiUwQSUyMCUyMCUyMCUyMGJ0bl8xLnN0eWxlLmRpc3BsYXklMjAlM0QlMjAlMjdub25lJTI3JTNCJTBBJTIwJTIwJTIwJTIwYnRuXzIuc3R5bGUuZGlzcGxheSUyMCUzRCUyMCUyN2lubGluZSUyNyUzQiUwQSUyMCUyMCUyMCUyMGJ0bl8zLnN0eWxlLmRpc3BsYXklMjAlM0QlMjAlMjdpbmxpbmUlMjclM0IlMEElMjAlMjAlMjAlMjAlMjAlMjAlMjBidG5fNC5zdHlsZS5kaXNwbGF5JTIwJTNEJTIwJTI3aW5saW5lJTI3JTNCJTBBJTdEJTBBJTBBZnVuY3Rpb24lMjBvY3VsdGFyQm90b24lMjglMjklMjAlN0IlMEElMjAlMjAlMjAlMjBidG5fMS5zdHlsZS5kaXNwbGF5JTIwJTNEJTIwJTI3aW5saW5lJTI3JTNCJTBBJTIwJTIwJTIwJTIwYnRuXzIuc3R5bGUuZGlzcGxheSUyMCUzRCUyMCUyN25vbmUlMjclM0IlMEElMjAlMjAlMjAlMjBidG5fMy5zdHlsZS5kaXNwbGF5JTIwJTNEJTIwJTI3bm9uZSUyNyUzQiUwQSUyMCUyMCUyMGJ0bl80LnN0eWxlLmRpc3BsYXklMjAlM0QlMjAlMjdub25lJTI3JTNCJTBBJTdEJTBBJTBBJTBBJTNDJTJGc2NyaXB0JTNF[\/vc_raw_js][\/vc_column][\/vc_row]<\/p>\n<\/div>","protected":false},"excerpt":{"rendered":"<p>[vc_row][vc_column][vc_custom_heading text=&#8221;Clinical Analysis and Pathological Anatomy&#8221; font_container=&#8221;tag:h1|text_align:left&#8221; use_theme_fonts=&#8221;yes&#8221;][vc_single_image image=&#8221;344&#8243; img_size=&#8221;full&#8221; style=&#8221;vc_box_border&#8221;][vc_empty_space][\/vc_column][\/vc_row][vc_row][vc_column][vc_column_text] Clinical Analysis and Pathological Anatomy: everything you need to know\u00a0 In the laboratory of clinical analysis and pathological anatomy of any hospital or private clinic, a team of highly trained and qualified professionals, studies human biological samples, in order to prevent, diagnose and treat&hellip;<\/p>\n","protected":false},"author":1,"featured_media":0,"parent":0,"menu_order":0,"comment_status":"closed","ping_status":"closed","template":"","meta":{"_joinchat":[],"footnotes":""},"class_list":["post-28549","page","type-page","status-publish","hentry","description-off"],"yoast_head":"<!-- This site is optimized with the Yoast SEO plugin v26.9 - https:\/\/yoast.com\/product\/yoast-seo-wordpress\/ -->\n<title>Clinical Analysis and Pathological Anatomy - Hospital La Paloma<\/title>\n<meta name=\"description\" content=\"n the laboratory of clinical analysis and pathological anatomy of any hospital or private clinic, a team of highly trained and qualified professionals.\" \/>\n<meta name=\"robots\" content=\"index, follow, max-snippet:-1, max-image-preview:large, max-video-preview:-1\" \/>\n<link rel=\"canonical\" href=\"https:\/\/www.hospitallapaloma.com\/en\/clinical-analysis-and-pathological-anatomy\/\" \/>\n<meta property=\"og:locale\" content=\"en_US\" \/>\n<meta property=\"og:type\" content=\"article\" \/>\n<meta property=\"og:title\" content=\"Clinical Analysis and Pathological Anatomy - Hospital La Paloma\" \/>\n<meta property=\"og:description\" content=\"n the laboratory of clinical analysis and pathological anatomy of any hospital or private clinic, a team of highly trained and qualified professionals.\" \/>\n<meta property=\"og:url\" content=\"https:\/\/www.hospitallapaloma.com\/en\/clinical-analysis-and-pathological-anatomy\/\" \/>\n<meta property=\"og:site_name\" content=\"Hospital La Paloma\" \/>\n<meta property=\"article:publisher\" content=\"https:\/\/www.facebook.com\/lapalomahospital\/\" \/>\n<meta property=\"article:modified_time\" content=\"2019-09-06T13:01:38+00:00\" \/>\n<meta property=\"og:image\" content=\"https:\/\/www.hospitallapaloma.com\/wp-content\/uploads\/2016\/03\/anatomia-patologica-analisis-clinicos.jpg\" \/>\n<meta name=\"twitter:card\" content=\"summary_large_image\" \/>\n<meta name=\"twitter:site\" content=\"@lapalomahosp\" \/>\n<meta name=\"twitter:label1\" content=\"Est. reading time\" \/>\n\t<meta name=\"twitter:data1\" content=\"4 minutes\" \/>\n<script type=\"application\/ld+json\" class=\"yoast-schema-graph\">{\"@context\":\"https:\/\/schema.org\",\"@graph\":[{\"@type\":\"WebPage\",\"@id\":\"https:\/\/www.hospitallapaloma.com\/en\/clinical-analysis-and-pathological-anatomy\/\",\"url\":\"https:\/\/www.hospitallapaloma.com\/en\/clinical-analysis-and-pathological-anatomy\/\",\"name\":\"Clinical Analysis and Pathological Anatomy - Hospital La Paloma\",\"isPartOf\":{\"@id\":\"https:\/\/www.hospitallapaloma.com\/#website\"},\"primaryImageOfPage\":{\"@id\":\"https:\/\/www.hospitallapaloma.com\/en\/clinical-analysis-and-pathological-anatomy\/#primaryimage\"},\"image\":{\"@id\":\"https:\/\/www.hospitallapaloma.com\/en\/clinical-analysis-and-pathological-anatomy\/#primaryimage\"},\"thumbnailUrl\":\"https:\/\/www.hospitallapaloma.com\/wp-content\/uploads\/2016\/03\/anatomia-patologica-analisis-clinicos.jpg\",\"datePublished\":\"2016-03-12T18:52:53+00:00\",\"dateModified\":\"2019-09-06T13:01:38+00:00\",\"description\":\"n the laboratory of clinical analysis and pathological anatomy of any hospital or private clinic, a team of highly trained and qualified professionals.\",\"breadcrumb\":{\"@id\":\"https:\/\/www.hospitallapaloma.com\/en\/clinical-analysis-and-pathological-anatomy\/#breadcrumb\"},\"inLanguage\":\"en-US\",\"potentialAction\":[{\"@type\":\"ReadAction\",\"target\":[\"https:\/\/www.hospitallapaloma.com\/en\/clinical-analysis-and-pathological-anatomy\/\"]}]},{\"@type\":\"ImageObject\",\"inLanguage\":\"en-US\",\"@id\":\"https:\/\/www.hospitallapaloma.com\/en\/clinical-analysis-and-pathological-anatomy\/#primaryimage\",\"url\":\"https:\/\/www.hospitallapaloma.com\/wp-content\/uploads\/2016\/03\/anatomia-patologica-analisis-clinicos.jpg\",\"contentUrl\":\"https:\/\/www.hospitallapaloma.com\/wp-content\/uploads\/2016\/03\/anatomia-patologica-analisis-clinicos.jpg\"},{\"@type\":\"BreadcrumbList\",\"@id\":\"https:\/\/www.hospitallapaloma.com\/en\/clinical-analysis-and-pathological-anatomy\/#breadcrumb\",\"itemListElement\":[{\"@type\":\"ListItem\",\"position\":1,\"name\":\"Portada\",\"item\":\"https:\/\/www.hospitallapaloma.com\/en\/\"},{\"@type\":\"ListItem\",\"position\":2,\"name\":\"Clinical Analysis and Pathological Anatomy\"}]},{\"@type\":\"WebSite\",\"@id\":\"https:\/\/www.hospitallapaloma.com\/#website\",\"url\":\"https:\/\/www.hospitallapaloma.com\/\",\"name\":\"Hospital La Paloma\",\"description\":\"Hospital La Paloma en Las Palmas de Gran Canaria\",\"publisher\":{\"@id\":\"https:\/\/www.hospitallapaloma.com\/#organization\"},\"potentialAction\":[{\"@type\":\"SearchAction\",\"target\":{\"@type\":\"EntryPoint\",\"urlTemplate\":\"https:\/\/www.hospitallapaloma.com\/?s={search_term_string}\"},\"query-input\":{\"@type\":\"PropertyValueSpecification\",\"valueRequired\":true,\"valueName\":\"search_term_string\"}}],\"inLanguage\":\"en-US\"},{\"@type\":\"Organization\",\"@id\":\"https:\/\/www.hospitallapaloma.com\/#organization\",\"name\":\"Hospital La Paloma\",\"url\":\"https:\/\/www.hospitallapaloma.com\/\",\"logo\":{\"@type\":\"ImageObject\",\"inLanguage\":\"en-US\",\"@id\":\"https:\/\/www.hospitallapaloma.com\/#\/schema\/logo\/image\/\",\"url\":\"https:\/\/www.hospitallapaloma.com\/wp-content\/uploads\/2016\/03\/logo-AW-1.jpg\",\"contentUrl\":\"https:\/\/www.hospitallapaloma.com\/wp-content\/uploads\/2016\/03\/logo-AW-1.jpg\",\"width\":240,\"height\":120,\"caption\":\"Hospital La Paloma\"},\"image\":{\"@id\":\"https:\/\/www.hospitallapaloma.com\/#\/schema\/logo\/image\/\"},\"sameAs\":[\"https:\/\/www.facebook.com\/lapalomahospital\/\",\"https:\/\/x.com\/lapalomahosp\",\"https:\/\/www.youtube.com\/channel\/UCjVEdPqlsQMZmMsZ8rAh0Ng\"]}]}<\/script>\n<!-- \/ Yoast SEO plugin. -->","yoast_head_json":{"title":"Clinical Analysis and Pathological Anatomy - Hospital La Paloma","description":"n the laboratory of clinical analysis and pathological anatomy of any hospital or private clinic, a team of highly trained and qualified professionals.","robots":{"index":"index","follow":"follow","max-snippet":"max-snippet:-1","max-image-preview":"max-image-preview:large","max-video-preview":"max-video-preview:-1"},"canonical":"https:\/\/www.hospitallapaloma.com\/en\/clinical-analysis-and-pathological-anatomy\/","og_locale":"en_US","og_type":"article","og_title":"Clinical Analysis and Pathological Anatomy - Hospital La Paloma","og_description":"n the laboratory of clinical analysis and pathological anatomy of any hospital or private clinic, a team of highly trained and qualified professionals.","og_url":"https:\/\/www.hospitallapaloma.com\/en\/clinical-analysis-and-pathological-anatomy\/","og_site_name":"Hospital La Paloma","article_publisher":"https:\/\/www.facebook.com\/lapalomahospital\/","article_modified_time":"2019-09-06T13:01:38+00:00","og_image":[{"url":"https:\/\/www.hospitallapaloma.com\/wp-content\/uploads\/2016\/03\/anatomia-patologica-analisis-clinicos.jpg","type":"","width":"","height":""}],"twitter_card":"summary_large_image","twitter_site":"@lapalomahosp","twitter_misc":{"Est. reading time":"4 minutes"},"schema":{"@context":"https:\/\/schema.org","@graph":[{"@type":"WebPage","@id":"https:\/\/www.hospitallapaloma.com\/en\/clinical-analysis-and-pathological-anatomy\/","url":"https:\/\/www.hospitallapaloma.com\/en\/clinical-analysis-and-pathological-anatomy\/","name":"Clinical Analysis and Pathological Anatomy - Hospital La Paloma","isPartOf":{"@id":"https:\/\/www.hospitallapaloma.com\/#website"},"primaryImageOfPage":{"@id":"https:\/\/www.hospitallapaloma.com\/en\/clinical-analysis-and-pathological-anatomy\/#primaryimage"},"image":{"@id":"https:\/\/www.hospitallapaloma.com\/en\/clinical-analysis-and-pathological-anatomy\/#primaryimage"},"thumbnailUrl":"https:\/\/www.hospitallapaloma.com\/wp-content\/uploads\/2016\/03\/anatomia-patologica-analisis-clinicos.jpg","datePublished":"2016-03-12T18:52:53+00:00","dateModified":"2019-09-06T13:01:38+00:00","description":"n the laboratory of clinical analysis and pathological anatomy of any hospital or private clinic, a team of highly trained and qualified professionals.","breadcrumb":{"@id":"https:\/\/www.hospitallapaloma.com\/en\/clinical-analysis-and-pathological-anatomy\/#breadcrumb"},"inLanguage":"en-US","potentialAction":[{"@type":"ReadAction","target":["https:\/\/www.hospitallapaloma.com\/en\/clinical-analysis-and-pathological-anatomy\/"]}]},{"@type":"ImageObject","inLanguage":"en-US","@id":"https:\/\/www.hospitallapaloma.com\/en\/clinical-analysis-and-pathological-anatomy\/#primaryimage","url":"https:\/\/www.hospitallapaloma.com\/wp-content\/uploads\/2016\/03\/anatomia-patologica-analisis-clinicos.jpg","contentUrl":"https:\/\/www.hospitallapaloma.com\/wp-content\/uploads\/2016\/03\/anatomia-patologica-analisis-clinicos.jpg"},{"@type":"BreadcrumbList","@id":"https:\/\/www.hospitallapaloma.com\/en\/clinical-analysis-and-pathological-anatomy\/#breadcrumb","itemListElement":[{"@type":"ListItem","position":1,"name":"Portada","item":"https:\/\/www.hospitallapaloma.com\/en\/"},{"@type":"ListItem","position":2,"name":"Clinical Analysis and Pathological Anatomy"}]},{"@type":"WebSite","@id":"https:\/\/www.hospitallapaloma.com\/#website","url":"https:\/\/www.hospitallapaloma.com\/","name":"Hospital La Paloma","description":"Hospital La Paloma en Las Palmas de Gran Canaria","publisher":{"@id":"https:\/\/www.hospitallapaloma.com\/#organization"},"potentialAction":[{"@type":"SearchAction","target":{"@type":"EntryPoint","urlTemplate":"https:\/\/www.hospitallapaloma.com\/?s={search_term_string}"},"query-input":{"@type":"PropertyValueSpecification","valueRequired":true,"valueName":"search_term_string"}}],"inLanguage":"en-US"},{"@type":"Organization","@id":"https:\/\/www.hospitallapaloma.com\/#organization","name":"Hospital La Paloma","url":"https:\/\/www.hospitallapaloma.com\/","logo":{"@type":"ImageObject","inLanguage":"en-US","@id":"https:\/\/www.hospitallapaloma.com\/#\/schema\/logo\/image\/","url":"https:\/\/www.hospitallapaloma.com\/wp-content\/uploads\/2016\/03\/logo-AW-1.jpg","contentUrl":"https:\/\/www.hospitallapaloma.com\/wp-content\/uploads\/2016\/03\/logo-AW-1.jpg","width":240,"height":120,"caption":"Hospital La Paloma"},"image":{"@id":"https:\/\/www.hospitallapaloma.com\/#\/schema\/logo\/image\/"},"sameAs":["https:\/\/www.facebook.com\/lapalomahospital\/","https:\/\/x.com\/lapalomahosp","https:\/\/www.youtube.com\/channel\/UCjVEdPqlsQMZmMsZ8rAh0Ng"]}]}},"_links":{"self":[{"href":"https:\/\/www.hospitallapaloma.com\/en\/wp-json\/wp\/v2\/pages\/28549","targetHints":{"allow":["GET"]}}],"collection":[{"href":"https:\/\/www.hospitallapaloma.com\/en\/wp-json\/wp\/v2\/pages"}],"about":[{"href":"https:\/\/www.hospitallapaloma.com\/en\/wp-json\/wp\/v2\/types\/page"}],"author":[{"embeddable":true,"href":"https:\/\/www.hospitallapaloma.com\/en\/wp-json\/wp\/v2\/users\/1"}],"replies":[{"embeddable":true,"href":"https:\/\/www.hospitallapaloma.com\/en\/wp-json\/wp\/v2\/comments?post=28549"}],"version-history":[{"count":2,"href":"https:\/\/www.hospitallapaloma.com\/en\/wp-json\/wp\/v2\/pages\/28549\/revisions"}],"predecessor-version":[{"id":28722,"href":"https:\/\/www.hospitallapaloma.com\/en\/wp-json\/wp\/v2\/pages\/28549\/revisions\/28722"}],"wp:attachment":[{"href":"https:\/\/www.hospitallapaloma.com\/en\/wp-json\/wp\/v2\/media?parent=28549"}],"curies":[{"name":"wp","href":"https:\/\/api.w.org\/{rel}","templated":true}]}}