{"id":28153,"date":"2016-03-10T21:43:22","date_gmt":"2016-03-10T21:43:22","guid":{"rendered":"https:\/\/www.hospitallapaloma.com\/unidad-lesionados-de-trafico\/"},"modified":"2019-09-06T15:35:46","modified_gmt":"2019-09-06T13:35:46","slug":"traffic-injury-unit","status":"publish","type":"page","link":"https:\/\/www.hospitallapaloma.com\/en\/traffic-injury-unit\/","title":{"rendered":"Traffic Injury Unit"},"content":{"rendered":"<div class=\"wpb-content-wrapper\"><p>[vc_row][vc_column][vc_custom_heading text=&#8221;Traffic Injury Unit&#8221; font_container=&#8221;tag:h1|text_align:left&#8221; use_theme_fonts=&#8221;yes&#8221;][vc_single_image image=&#8221;338&#8243; img_size=&#8221;full&#8221; style=&#8221;vc_box_border&#8221;][vc_empty_space height=&#8221;18px&#8221;][\/vc_column][\/vc_row][vc_row][vc_column][vc_column_text]<\/p>\n<h2>Specialized center to guarantee the success of the treatment<\/h2>\n<p>Hospital Policlinico La Paloma is a member of the national agreement between the Uni\u00f3n Espa\u00f1ola de Entidades Aseguradoras (UNESPA) (Spanish Union of Insurance Entities), the Consorcio de Compensaci\u00f3n de Seguros (Insurance Compensation Consortium) and the Federaci\u00f3n Nacional de Hospitales (Hospitals National Federation). We are a reference in the care of injured in road accidents. Thus, having the best specialists and the latest technology to attend to any type of patient, whatever their status. We offer 24H emergency, diagnostic tests, consultations with specialists, rehabilitation, hospitalisation and surgery.<\/p>\n<p>Patients can choose the hospital or centre they want to be treated at. In no case is this the insurer&#8217;s decision. Sometimes the insurance company imposes on its insured the place to go to be diagnosed and treated after an accident. However, the insured is the one with the final word and it will be the insurance the responsible of the costs of their insured\u2019s treatment.<\/p>\n<h3>No need to pay any payment<\/h3>\n<p>Those involved in an accident must have it clear that they can choose Hospital La Paloma\u2019s Traffic Injury Unit and they will not have to pay anything at entrance. The Hospital itself handles all expenses arising from your care with your insurer. You simply have to indicate, at the entrance, the license plate of your vehicle, the one of the opposite car and the insurance information. If you are a pedestrian, the data of the vehicle that caused the accident.<\/p>\n<p>It should also be clear that patients going to lower-level outpatient centres can affect the duration of treatments and the classification of injuries. This directly affects the calculation of the compensation that may correspond.<\/p>\n<h3>Who is entitled to medical assistance?<\/h3>\n<ul>\n<li><strong>Passenger<\/strong>: always.<\/li>\n<li><strong>Driver<\/strong>: when there is another vehicle involved in the accident.<\/li>\n<li><strong>Pedestrian<\/strong>: always.<\/li>\n<\/ul>\n<p><img loading=\"lazy\" decoding=\"async\" class=\"alignnone size-full wp-image-626\" src=\"https:\/\/www.hospitallapaloma.com\/wp-content\/uploads\/2016\/03\/Unidad-de-lesionados-de-tr\u00e1fico-Canarias.jpg\" alt=\"Unidad de lesionados de tr\u00e1fico Canarias\" width=\"950\" height=\"490\" srcset=\"https:\/\/www.hospitallapaloma.com\/wp-content\/uploads\/2016\/03\/Unidad-de-lesionados-de-tr\u00e1fico-Canarias.jpg 950w, https:\/\/www.hospitallapaloma.com\/wp-content\/uploads\/2016\/03\/Unidad-de-lesionados-de-tr\u00e1fico-Canarias-600x309.jpg 600w, https:\/\/www.hospitallapaloma.com\/wp-content\/uploads\/2016\/03\/Unidad-de-lesionados-de-tr\u00e1fico-Canarias-300x155.jpg 300w, https:\/\/www.hospitallapaloma.com\/wp-content\/uploads\/2016\/03\/Unidad-de-lesionados-de-tr\u00e1fico-Canarias-768x396.jpg 768w\" sizes=\"auto, (max-width: 950px) 100vw, 950px\" \/>[\/vc_column_text][vc_empty_space height=&#8221;25px&#8221;][\/vc_column][\/vc_row][vc_row][vc_column width=&#8221;1\/2&#8243;][vc_column_text]<strong>We put at your disposal all the services that only a Hospital can offer you:<\/strong><\/p>\n<ul>\n<li>24h Emergency.<\/li>\n<li>Surgical area.<\/li>\n<li>Hospital Beds<\/li>\n<li>Radiology.<\/li>\n<li>Traumatology<\/li>\n<li>Rehabilitation.<\/li>\n<li>Neurosurgery.<\/li>\n<li>Intensive Care Unit (ICU).<\/li>\n<\/ul>\n<div>\n<h4 style=\"margin-top: 20px; margin-bottom: 15px;\">Traffic agreement information:<\/h4>\n<ul>\n<li><a href=\"http:\/\/www.unespa.es\/frontend\/unespa\/Convenios-De-Seguros--danos-Personales-vn2898-vst235\" target=\"_blank\" rel=\"noopener noreferrer\">Private sector health care agreements<\/a><\/li>\n<li><a href=\"http:\/\/www.unespa.es\/adjuntos\/fichero_3563_20130508.pdf\" target=\"_blank\" rel=\"noopener noreferrer\">Centres adhering to the agreement (pdf)<\/a><\/li>\n<\/ul>\n<\/div>\n<p>[\/vc_column_text][\/vc_column][vc_column width=&#8221;1\/2&#8243;][vc_column_text]<\/p>\n<div style=\"background-color: #dfebf2; padding: 15px; color: #002d50; margin-top: 15px;\">\n<p><img loading=\"lazy\" decoding=\"async\" class=\"alignnone size-full wp-image-10\" src=\"https:\/\/hospitallapaloma.com\/wp-content\/uploads\/2016\/03\/log-sin-2.png\" alt=\"log-sin-2\" width=\"122\" height=\"90\" \/><\/p>\n<h4>Traffic Injuries Unit:<\/h4>\n<h4><strong>Tel. 687 910 219 \u2013\u00a0<\/strong><strong>687 910 893<\/strong><\/h4>\n<p>Email: <a href=\"mailto:trafico@hospitallapaloma.com\">trafico@hospitallapaloma.com<\/a><\/p>\n<p><strong>Monday to Friday<\/strong>: from 8:00 a.m. to 6:00 p.m.<br \/>\n<strong>Saturdays<\/strong>: from 8:00 to 12:00<\/p>\n<h4 style=\"margin-top: 30px;\"><strong>24H switchboard:<\/strong><\/h4>\n<h4><strong>Tel. 928 234 466<\/strong><\/h4>\n<\/div>\n<p>[\/vc_column_text][\/vc_column][\/vc_row][vc_row][vc_column][vc_empty_space][vc_column_text]<\/p>\n<div style=\"text-align: justify;\">\n<h2>100,000 car accidents with victims per year in Spain<\/h2>\n<p>In Spain, almost 100,000 road accidents with victims involved are registered each year. In these, on average, 115,000 people are injured. In many cases injuries are not perceived just after the accident, but several hours or days later, so it is convenient to pay attention to the symptoms and signs. Hospital de La Paloma is specialised in caring for road injuries. Our specialists have the latest medical updates to achieve complete recovery and ensure proper rehabilitation. Traffic incidents in the vast majority of cases represent a medical emergency.<\/p>\n<p>Injuries derived from road accidents represent one of the biggest public health problems in the developed world. In the Canary Islands, traffic injuries are the first cause of spinal cord injury. Therefore, treatment and subsequent rehabilitation are essential to improve prognosis. Most of these injuries, specifically 75%, happen to motorcyclists, who are the most vulnerable group.<\/p>\n<h2>76% of traffic accidents star men<\/h2>\n<p>Males account for 7 out of 10 traffic incidents, specifically 76%, while women star the remaining 34%. In 1993, the percentage of injured women stood at 14%, which is why there is a tendency towards equality in these cases too. The index of women with driving licenses grows year after year, leaving behind the belief that men are more capable drivers.<\/p>\n<p>There are several types of traffic injuries, depending on the affected areas of the body.<\/p>\n<h3>Muscular injuries<\/h3>\n<p>These injuries affect the muscular zone. Here we find fibrillar tears, spasms or contusions.<\/p>\n<h3>Tendinous injuries<\/h3>\n<p>The tendons are an indispensable part of our locomotor system. Car accidents can cause breakages in these areas, which should be classified as a serious injury requiring immediate care, usually surgical, especially if there is a complete breakage.<\/p>\n<h3>Bone injuries<\/h3>\n<p>Here we find fractures and fissures. They represent incapacitating injuries that require immediate care, especially fractures.<\/p>\n<h3>Joint injuries<\/h3>\n<p>The affections in the joints after a road accident are very common. Sprains and dislocations are the most frequent injuries, although breakage of ligaments can also occur.<\/p>\n<h3>Wounds<\/h3>\n<p>Traffic accidents can also lead to cuts, bruises and traumas of various kinds.<\/p>\n<h2>10% of injuries become chronic<\/h2>\n<p>The most common injury generated by car accidents is located in the cervical area. Injuries in this area usually heal within 1 to 3 months. However, 10% of cases, unfortunately, are chronic and condemns the patient to suffer pain throughout their lives. This happens due to the fact that\u00a0 you do not receive the right treatment at the time you need it. If this happens, the only solution to solve this chronic pain is to destroy the nerves involved in that injury.<\/p>\n<p>Take into account that many of those injured in a road accident will require hospitalisation and rehabilitation. Although these figures increase or decrease, depending on the year, but maintain a high incidence. Resulting this, in a primary problem as the evolution of the injured, and possible future aftermath suffering, depends a lot on the medical centre where they are treated.<\/p>\n<\/div>\n<p>[\/vc_column_text][vc_empty_space height=&#8221;25px&#8221;][\/vc_column][\/vc_row][vc_row css=&#8221;.vc_custom_1556555924087{margin-top: -60px !important;}&#8221;][vc_column offset=&#8221;vc_hidden-lg vc_hidden-md&#8221;][vc_column_text]<\/p>\n<div id=\"plus\" style=\"bottom: 60px; right: 7px; position: fixed; z-index: 700;\"><img loading=\"lazy\" decoding=\"async\" class=\"alignnone size-full wp-image-6888\" src=\"https:\/\/www.hospitallapaloma.com\/wp-content\/uploads\/2019\/05\/gif-mv.gif\" alt=\"\" width=\"60\" height=\"60\" \/><\/div>\n<div id=\"minus\" style=\"bottom: 60px; right: 7px; position: fixed; z-index: 700; display: none;\"><img loading=\"lazy\" decoding=\"async\" class=\"alignnone size-full wp-image-6888\" src=\"https:\/\/www.hospitallapaloma.com\/wp-content\/uploads\/2019\/04\/equis.png\" alt=\"\" width=\"60\" height=\"60\" \/><\/div>\n<div id=\"form\" style=\"bottom: 130px; right: 10px; position: fixed; z-index: 700; display: none;\"><a href=\"#pide-cita\"><img loading=\"lazy\" decoding=\"async\" class=\"alignnone size-full wp-image-6888\" src=\"https:\/\/www.hospitallapaloma.com\/wp-content\/uploads\/2019\/04\/form.png\" alt=\"\" width=\"55\" height=\"55\" \/><\/a><\/div>\n<div id=\"phone\" style=\"bottom: 190px; right: 10px; position: fixed; z-index: 700; display: none;\"><a href=\"tel:+34928234466\"><img loading=\"lazy\" decoding=\"async\" class=\"alignnone size-full wp-image-6888\" src=\"https:\/\/www.hospitallapaloma.com\/wp-content\/uploads\/2019\/04\/phone.png\" alt=\"\" width=\"55\" height=\"55\" \/><\/a><\/div>\n<p>[\/vc_column_text][vc_raw_js]JTNDc2NyaXB0JTIwdHlwZSUzRCUyMnRleHQlMkZqYXZhc2NyaXB0JTIyJTNFJTIwJTBBJTBBdmFyJTIwYnRuXzElMjAlM0QlMjBkb2N1bWVudC5nZXRFbGVtZW50QnlJZCUyOCUyN3BsdXMlMjclMjklM0IlMEF2YXIlMjBidG5fMiUyMCUzRCUyMGRvY3VtZW50LmdldEVsZW1lbnRCeUlkJTI4JTI3Zm9ybSUyNyUyOSUzQiUwQXZhciUyMGJ0bl8zJTIwJTNEJTIwZG9jdW1lbnQuZ2V0RWxlbWVudEJ5SWQlMjglMjdwaG9uZSUyNyUyOSUzQiUwQXZhciUyMGJ0bl80JTIwJTNEJTIwZG9jdW1lbnQuZ2V0RWxlbWVudEJ5SWQlMjglMjdtaW51cyUyNyUyOSUzQiUwQXZhciUyMG9wZW4lMjAlM0QlMjAxJTNCJTBBdmFyJTIwY2xvc2UlMjAlM0QlMjAwJTNCJTBBJTBBYnRuXzEub25jbGljayUyMCUzRCUyMG1vc3RyYXJCb3RvbiUzQiUwQWJ0bl80Lm9uY2xpY2slMjAlM0QlMjBvY3VsdGFyQm90b24lM0IlMEElMjAlMjAlMjAlMjAlMjAlMjAlMjAlMjAlMEFmdW5jdGlvbiUyMG1vc3RyYXJCb3RvbiUyOCUyOSUyMCU3QiUwQSUyMCUyMCUyMCUyMGJ0bl8xLnN0eWxlLmRpc3BsYXklMjAlM0QlMjAlMjdub25lJTI3JTNCJTBBJTIwJTIwJTIwJTIwYnRuXzIuc3R5bGUuZGlzcGxheSUyMCUzRCUyMCUyN2lubGluZSUyNyUzQiUwQSUyMCUyMCUyMCUyMGJ0bl8zLnN0eWxlLmRpc3BsYXklMjAlM0QlMjAlMjdpbmxpbmUlMjclM0IlMEElMjAlMjAlMjAlMjAlMjAlMjAlMjBidG5fNC5zdHlsZS5kaXNwbGF5JTIwJTNEJTIwJTI3aW5saW5lJTI3JTNCJTBBJTdEJTBBJTBBZnVuY3Rpb24lMjBvY3VsdGFyQm90b24lMjglMjklMjAlN0IlMEElMjAlMjAlMjAlMjBidG5fMS5zdHlsZS5kaXNwbGF5JTIwJTNEJTIwJTI3aW5saW5lJTI3JTNCJTBBJTIwJTIwJTIwJTIwYnRuXzIuc3R5bGUuZGlzcGxheSUyMCUzRCUyMCUyN25vbmUlMjclM0IlMEElMjAlMjAlMjAlMjBidG5fMy5zdHlsZS5kaXNwbGF5JTIwJTNEJTIwJTI3bm9uZSUyNyUzQiUwQSUyMCUyMCUyMGJ0bl80LnN0eWxlLmRpc3BsYXklMjAlM0QlMjAlMjdub25lJTI3JTNCJTBBJTdEJTBBJTBBJTBBJTNDJTJGc2NyaXB0JTNF[\/vc_raw_js][\/vc_column][\/vc_row]<\/p>\n<\/div>","protected":false},"excerpt":{"rendered":"<p>[vc_row][vc_column][vc_custom_heading text=&#8221;Traffic Injury Unit&#8221; font_container=&#8221;tag:h1|text_align:left&#8221; use_theme_fonts=&#8221;yes&#8221;][vc_single_image image=&#8221;338&#8243; img_size=&#8221;full&#8221; style=&#8221;vc_box_border&#8221;][vc_empty_space height=&#8221;18px&#8221;][\/vc_column][\/vc_row][vc_row][vc_column][vc_column_text] Specialized center to guarantee the success of the treatment Hospital Policlinico La Paloma is a member of the national agreement between the Uni\u00f3n Espa\u00f1ola de Entidades Aseguradoras (UNESPA) (Spanish Union of Insurance Entities), the Consorcio de Compensaci\u00f3n de Seguros (Insurance Compensation Consortium) and the Federaci\u00f3n&hellip;<\/p>\n","protected":false},"author":1,"featured_media":0,"parent":0,"menu_order":0,"comment_status":"closed","ping_status":"closed","template":"","meta":{"_joinchat":[],"footnotes":""},"class_list":["post-28153","page","type-page","status-publish","hentry","description-off"],"yoast_head":"<!-- This site is optimized with the Yoast SEO plugin v26.9 - https:\/\/yoast.com\/product\/yoast-seo-wordpress\/ -->\n<title>Traffic Injury Unit - Unidad del Hospital La Paloma<\/title>\n<meta name=\"description\" content=\"Traffic Injury Unit. Hospital Policlinico La Paloma is a member of the national agreement between the Uni\u00f3n Espa\u00f1ola de Entidades Aseguradoras\" \/>\n<meta name=\"robots\" content=\"index, follow, max-snippet:-1, max-image-preview:large, max-video-preview:-1\" \/>\n<link rel=\"canonical\" href=\"https:\/\/www.hospitallapaloma.com\/en\/traffic-injury-unit\/\" \/>\n<meta property=\"og:locale\" content=\"en_US\" \/>\n<meta property=\"og:type\" content=\"article\" \/>\n<meta property=\"og:title\" content=\"Traffic Injury Unit - Unidad del Hospital La Paloma\" \/>\n<meta property=\"og:description\" content=\"Traffic Injury Unit. Hospital Policlinico La Paloma is a member of the national agreement between the Uni\u00f3n Espa\u00f1ola de Entidades Aseguradoras\" \/>\n<meta property=\"og:url\" content=\"https:\/\/www.hospitallapaloma.com\/en\/traffic-injury-unit\/\" \/>\n<meta property=\"og:site_name\" content=\"Hospital La Paloma\" \/>\n<meta property=\"article:publisher\" content=\"https:\/\/www.facebook.com\/lapalomahospital\/\" \/>\n<meta property=\"article:modified_time\" content=\"2019-09-06T13:35:46+00:00\" \/>\n<meta property=\"og:image\" content=\"https:\/\/www.hospitallapaloma.com\/wp-content\/uploads\/2016\/03\/Unidad-de-lesionados-de-tr\u00e1fico-Canarias.jpg\" \/>\n<meta name=\"twitter:card\" content=\"summary_large_image\" \/>\n<meta name=\"twitter:site\" content=\"@lapalomahosp\" \/>\n<meta name=\"twitter:label1\" content=\"Est. reading time\" \/>\n\t<meta name=\"twitter:data1\" content=\"6 minutes\" \/>\n<script type=\"application\/ld+json\" class=\"yoast-schema-graph\">{\"@context\":\"https:\/\/schema.org\",\"@graph\":[{\"@type\":\"WebPage\",\"@id\":\"https:\/\/www.hospitallapaloma.com\/en\/traffic-injury-unit\/\",\"url\":\"https:\/\/www.hospitallapaloma.com\/en\/traffic-injury-unit\/\",\"name\":\"Traffic Injury Unit - Unidad del Hospital La Paloma\",\"isPartOf\":{\"@id\":\"https:\/\/www.hospitallapaloma.com\/#website\"},\"primaryImageOfPage\":{\"@id\":\"https:\/\/www.hospitallapaloma.com\/en\/traffic-injury-unit\/#primaryimage\"},\"image\":{\"@id\":\"https:\/\/www.hospitallapaloma.com\/en\/traffic-injury-unit\/#primaryimage\"},\"thumbnailUrl\":\"https:\/\/hospitallapaloma.com\/wp-content\/uploads\/2016\/03\/log-sin-2.png\",\"datePublished\":\"2016-03-10T21:43:22+00:00\",\"dateModified\":\"2019-09-06T13:35:46+00:00\",\"description\":\"Traffic Injury Unit. Hospital Policlinico La Paloma is a member of the national agreement between the Uni\u00f3n Espa\u00f1ola de Entidades Aseguradoras\",\"breadcrumb\":{\"@id\":\"https:\/\/www.hospitallapaloma.com\/en\/traffic-injury-unit\/#breadcrumb\"},\"inLanguage\":\"en-US\",\"potentialAction\":[{\"@type\":\"ReadAction\",\"target\":[\"https:\/\/www.hospitallapaloma.com\/en\/traffic-injury-unit\/\"]}]},{\"@type\":\"ImageObject\",\"inLanguage\":\"en-US\",\"@id\":\"https:\/\/www.hospitallapaloma.com\/en\/traffic-injury-unit\/#primaryimage\",\"url\":\"https:\/\/hospitallapaloma.com\/wp-content\/uploads\/2016\/03\/log-sin-2.png\",\"contentUrl\":\"https:\/\/hospitallapaloma.com\/wp-content\/uploads\/2016\/03\/log-sin-2.png\"},{\"@type\":\"BreadcrumbList\",\"@id\":\"https:\/\/www.hospitallapaloma.com\/en\/traffic-injury-unit\/#breadcrumb\",\"itemListElement\":[{\"@type\":\"ListItem\",\"position\":1,\"name\":\"Portada\",\"item\":\"https:\/\/www.hospitallapaloma.com\/en\/\"},{\"@type\":\"ListItem\",\"position\":2,\"name\":\"Traffic Injury Unit\"}]},{\"@type\":\"WebSite\",\"@id\":\"https:\/\/www.hospitallapaloma.com\/#website\",\"url\":\"https:\/\/www.hospitallapaloma.com\/\",\"name\":\"Hospital La Paloma\",\"description\":\"Hospital La Paloma en Las Palmas de Gran Canaria\",\"publisher\":{\"@id\":\"https:\/\/www.hospitallapaloma.com\/#organization\"},\"potentialAction\":[{\"@type\":\"SearchAction\",\"target\":{\"@type\":\"EntryPoint\",\"urlTemplate\":\"https:\/\/www.hospitallapaloma.com\/?s={search_term_string}\"},\"query-input\":{\"@type\":\"PropertyValueSpecification\",\"valueRequired\":true,\"valueName\":\"search_term_string\"}}],\"inLanguage\":\"en-US\"},{\"@type\":\"Organization\",\"@id\":\"https:\/\/www.hospitallapaloma.com\/#organization\",\"name\":\"Hospital La Paloma\",\"url\":\"https:\/\/www.hospitallapaloma.com\/\",\"logo\":{\"@type\":\"ImageObject\",\"inLanguage\":\"en-US\",\"@id\":\"https:\/\/www.hospitallapaloma.com\/#\/schema\/logo\/image\/\",\"url\":\"https:\/\/www.hospitallapaloma.com\/wp-content\/uploads\/2016\/03\/logo-AW-1.jpg\",\"contentUrl\":\"https:\/\/www.hospitallapaloma.com\/wp-content\/uploads\/2016\/03\/logo-AW-1.jpg\",\"width\":240,\"height\":120,\"caption\":\"Hospital La Paloma\"},\"image\":{\"@id\":\"https:\/\/www.hospitallapaloma.com\/#\/schema\/logo\/image\/\"},\"sameAs\":[\"https:\/\/www.facebook.com\/lapalomahospital\/\",\"https:\/\/x.com\/lapalomahosp\",\"https:\/\/www.youtube.com\/channel\/UCjVEdPqlsQMZmMsZ8rAh0Ng\"]}]}<\/script>\n<!-- \/ Yoast SEO plugin. -->","yoast_head_json":{"title":"Traffic Injury Unit - Unidad del Hospital La Paloma","description":"Traffic Injury Unit. Hospital Policlinico La Paloma is a member of the national agreement between the Uni\u00f3n Espa\u00f1ola de Entidades Aseguradoras","robots":{"index":"index","follow":"follow","max-snippet":"max-snippet:-1","max-image-preview":"max-image-preview:large","max-video-preview":"max-video-preview:-1"},"canonical":"https:\/\/www.hospitallapaloma.com\/en\/traffic-injury-unit\/","og_locale":"en_US","og_type":"article","og_title":"Traffic Injury Unit - Unidad del Hospital La Paloma","og_description":"Traffic Injury Unit. Hospital Policlinico La Paloma is a member of the national agreement between the Uni\u00f3n Espa\u00f1ola de Entidades Aseguradoras","og_url":"https:\/\/www.hospitallapaloma.com\/en\/traffic-injury-unit\/","og_site_name":"Hospital La Paloma","article_publisher":"https:\/\/www.facebook.com\/lapalomahospital\/","article_modified_time":"2019-09-06T13:35:46+00:00","og_image":[{"url":"https:\/\/www.hospitallapaloma.com\/wp-content\/uploads\/2016\/03\/Unidad-de-lesionados-de-tr\u00e1fico-Canarias.jpg","type":"","width":"","height":""}],"twitter_card":"summary_large_image","twitter_site":"@lapalomahosp","twitter_misc":{"Est. reading time":"6 minutes"},"schema":{"@context":"https:\/\/schema.org","@graph":[{"@type":"WebPage","@id":"https:\/\/www.hospitallapaloma.com\/en\/traffic-injury-unit\/","url":"https:\/\/www.hospitallapaloma.com\/en\/traffic-injury-unit\/","name":"Traffic Injury Unit - Unidad del Hospital La Paloma","isPartOf":{"@id":"https:\/\/www.hospitallapaloma.com\/#website"},"primaryImageOfPage":{"@id":"https:\/\/www.hospitallapaloma.com\/en\/traffic-injury-unit\/#primaryimage"},"image":{"@id":"https:\/\/www.hospitallapaloma.com\/en\/traffic-injury-unit\/#primaryimage"},"thumbnailUrl":"https:\/\/hospitallapaloma.com\/wp-content\/uploads\/2016\/03\/log-sin-2.png","datePublished":"2016-03-10T21:43:22+00:00","dateModified":"2019-09-06T13:35:46+00:00","description":"Traffic Injury Unit. Hospital Policlinico La Paloma is a member of the national agreement between the Uni\u00f3n Espa\u00f1ola de Entidades Aseguradoras","breadcrumb":{"@id":"https:\/\/www.hospitallapaloma.com\/en\/traffic-injury-unit\/#breadcrumb"},"inLanguage":"en-US","potentialAction":[{"@type":"ReadAction","target":["https:\/\/www.hospitallapaloma.com\/en\/traffic-injury-unit\/"]}]},{"@type":"ImageObject","inLanguage":"en-US","@id":"https:\/\/www.hospitallapaloma.com\/en\/traffic-injury-unit\/#primaryimage","url":"https:\/\/hospitallapaloma.com\/wp-content\/uploads\/2016\/03\/log-sin-2.png","contentUrl":"https:\/\/hospitallapaloma.com\/wp-content\/uploads\/2016\/03\/log-sin-2.png"},{"@type":"BreadcrumbList","@id":"https:\/\/www.hospitallapaloma.com\/en\/traffic-injury-unit\/#breadcrumb","itemListElement":[{"@type":"ListItem","position":1,"name":"Portada","item":"https:\/\/www.hospitallapaloma.com\/en\/"},{"@type":"ListItem","position":2,"name":"Traffic Injury Unit"}]},{"@type":"WebSite","@id":"https:\/\/www.hospitallapaloma.com\/#website","url":"https:\/\/www.hospitallapaloma.com\/","name":"Hospital La Paloma","description":"Hospital La Paloma en Las Palmas de Gran Canaria","publisher":{"@id":"https:\/\/www.hospitallapaloma.com\/#organization"},"potentialAction":[{"@type":"SearchAction","target":{"@type":"EntryPoint","urlTemplate":"https:\/\/www.hospitallapaloma.com\/?s={search_term_string}"},"query-input":{"@type":"PropertyValueSpecification","valueRequired":true,"valueName":"search_term_string"}}],"inLanguage":"en-US"},{"@type":"Organization","@id":"https:\/\/www.hospitallapaloma.com\/#organization","name":"Hospital La Paloma","url":"https:\/\/www.hospitallapaloma.com\/","logo":{"@type":"ImageObject","inLanguage":"en-US","@id":"https:\/\/www.hospitallapaloma.com\/#\/schema\/logo\/image\/","url":"https:\/\/www.hospitallapaloma.com\/wp-content\/uploads\/2016\/03\/logo-AW-1.jpg","contentUrl":"https:\/\/www.hospitallapaloma.com\/wp-content\/uploads\/2016\/03\/logo-AW-1.jpg","width":240,"height":120,"caption":"Hospital La Paloma"},"image":{"@id":"https:\/\/www.hospitallapaloma.com\/#\/schema\/logo\/image\/"},"sameAs":["https:\/\/www.facebook.com\/lapalomahospital\/","https:\/\/x.com\/lapalomahosp","https:\/\/www.youtube.com\/channel\/UCjVEdPqlsQMZmMsZ8rAh0Ng"]}]}},"_links":{"self":[{"href":"https:\/\/www.hospitallapaloma.com\/en\/wp-json\/wp\/v2\/pages\/28153","targetHints":{"allow":["GET"]}}],"collection":[{"href":"https:\/\/www.hospitallapaloma.com\/en\/wp-json\/wp\/v2\/pages"}],"about":[{"href":"https:\/\/www.hospitallapaloma.com\/en\/wp-json\/wp\/v2\/types\/page"}],"author":[{"embeddable":true,"href":"https:\/\/www.hospitallapaloma.com\/en\/wp-json\/wp\/v2\/users\/1"}],"replies":[{"embeddable":true,"href":"https:\/\/www.hospitallapaloma.com\/en\/wp-json\/wp\/v2\/comments?post=28153"}],"version-history":[{"count":3,"href":"https:\/\/www.hospitallapaloma.com\/en\/wp-json\/wp\/v2\/pages\/28153\/revisions"}],"predecessor-version":[{"id":28407,"href":"https:\/\/www.hospitallapaloma.com\/en\/wp-json\/wp\/v2\/pages\/28153\/revisions\/28407"}],"wp:attachment":[{"href":"https:\/\/www.hospitallapaloma.com\/en\/wp-json\/wp\/v2\/media?parent=28153"}],"curies":[{"name":"wp","href":"https:\/\/api.w.org\/{rel}","templated":true}]}}