{"id":28147,"date":"2017-03-06T19:36:26","date_gmt":"2017-03-06T17:36:26","guid":{"rendered":"https:\/\/www.hospitallapaloma.com\/unidad-cirugia-ortopedica-traumatologia\/"},"modified":"2019-09-06T15:37:18","modified_gmt":"2019-09-06T13:37:18","slug":"orthopaedic-surgery-and-traumatology-unit","status":"publish","type":"page","link":"https:\/\/www.hospitallapaloma.com\/en\/orthopaedic-surgery-and-traumatology-unit\/","title":{"rendered":"Orthopaedic Surgery and Traumatology Unit"},"content":{"rendered":"<div class=\"wpb-content-wrapper\"><p>[vc_row][vc_column][vc_custom_heading text=&#8221;Orthopaedic Surgery and Traumatology Unit&#8221; font_container=&#8221;tag:h1|text_align:left&#8221; use_theme_fonts=&#8221;yes&#8221;][vc_single_image image=&#8221;1433&#8243; img_size=&#8221;full&#8221; style=&#8221;vc_box_border&#8221;][vc_empty_space height=&#8221;18px&#8221;][\/vc_column][\/vc_row][vc_row][vc_column][vc_column_text]<\/p>\n<div style=\"text-align: justify;\">\n<h2>Orthopaedic Surgery and Traumatology<\/h2>\n<p>Hospital La Paloma has a specialised unit in Orthopaedic Surgery and Traumatology that aims for the prevention, evaluation, diagnosis and treatment of musculoskeletal system conditions, in addition to surgical interventions.<\/p>\n<p>Our Unit has the latest technological advancements in the speciality, to carry out surgeries with guarantee, minimally invasive and quality treatments. This service is made up of a team of professional trauma and surgeons who offer patients a humane and reliable treatment.<\/p>\n<h2>What is Traumatology focused on?<\/h2>\n<p>Traumatology is a branch of medicine specialised in the treatment of trauma and its consequences. More specifically, they study the injuries that develop in the locomotor system, that is, those that affect the shape and function of bones, ligaments, joints, muscles, tendons and nerves.<\/p>\n<p>These injuries can be congenital or acquired as a result of trauma, tumors or infections.<\/p>\n<p>Injuries are usually caused by trauma, be it a traffic accident, performing high or low risk sports, falls or bruises. This can affect the surface of the skin to deeper levels, such as bone. Therefore, urgent assistance is required to provide a solution to the trauma as soon as possible.<\/p>\n<p>Sometimes, it is only necessary to put a bandage, splint or plaster. While in more serious cases it may require a surgical intervention in which screws or plates are implanted. In these situations the patient will require rehabilitation sessions to recover complete mobility of the area.<\/p>\n<h3>When to go to the traumatologist<\/h3>\n<p><img loading=\"lazy\" decoding=\"async\" class=\"alignnone wp-image-1436 size-full\" title=\"Unidad de Cirug\u00eda Ortop\u00e9dica y Traumatolog\u00eda\" src=\"https:\/\/www.hospitallapaloma.com\/wp-content\/uploads\/2017\/03\/consulta-del-traumatologo.jpg\" alt=\"Unidad de Cirug\u00eda Ortop\u00e9dica y Traumatolog\u00eda\" width=\"948\" height=\"326\" srcset=\"https:\/\/www.hospitallapaloma.com\/wp-content\/uploads\/2017\/03\/consulta-del-traumatologo.jpg 948w, https:\/\/www.hospitallapaloma.com\/wp-content\/uploads\/2017\/03\/consulta-del-traumatologo-600x206.jpg 600w, https:\/\/www.hospitallapaloma.com\/wp-content\/uploads\/2017\/03\/consulta-del-traumatologo-300x103.jpg 300w, https:\/\/www.hospitallapaloma.com\/wp-content\/uploads\/2017\/03\/consulta-del-traumatologo-768x264.jpg 768w, https:\/\/www.hospitallapaloma.com\/wp-content\/uploads\/2017\/03\/consulta-del-traumatologo-610x210.jpg 610w\" sizes=\"auto, (max-width: 948px) 100vw, 948px\" \/><\/p>\n<p>Traumatology consultation is a must go, in case of injury, trauma or pain in the locomotor system. Once the case is detailed by the doctor, he will decide the necessary tests that, normally consist of an x-ray to identify the problem and establish a solution. Also request other tests that are considered appropriate for the effective diagnosis of the patient.<\/p>\n<h3>Frequent injuries in the trauma clinic<\/h3>\n<p>The orthopaedic surgeon faces a multitude of injuries, although it is common for patients to complain of knee, shoulders or feet pain.<\/p>\n<p>Bone fractures and injuries, such as epiphysiolysis, are also a common cause of trauma care. On the other hand, it is common to find cases of joint injuries and ligaments, such as dislocations, sprains or arthritis.<\/p>\n<p>The breakage of fibers, bruises and, in general, muscular pains together with skin wounds are other injuries treated by the orthopaedic surgeon.<\/p>\n<h3>Traumatology in old age<\/h3>\n<p>In traumatology consultations we found a high number of patients over 55 years of age. This is because at this age the bone structure does not have the same strength as in younger ages.<\/p>\n<p>It is very common to find patients with hip or knee fractures, who may need prosthesis to achieve a complete cure.<\/p>\n<h2>Orthopaedic surgery<\/h2>\n<p><img loading=\"lazy\" decoding=\"async\" class=\"alignnone wp-image-1437 size-full\" title=\"Unidad de Cirug\u00eda Ortop\u00e9dica\" src=\"https:\/\/www.hospitallapaloma.com\/wp-content\/uploads\/2017\/03\/cirugia-ortopedica.jpg\" alt=\"Unidad de Cirug\u00eda Ortop\u00e9dica \" width=\"1200\" height=\"680\" srcset=\"https:\/\/www.hospitallapaloma.com\/wp-content\/uploads\/2017\/03\/cirugia-ortopedica.jpg 1200w, https:\/\/www.hospitallapaloma.com\/wp-content\/uploads\/2017\/03\/cirugia-ortopedica-600x340.jpg 600w, https:\/\/www.hospitallapaloma.com\/wp-content\/uploads\/2017\/03\/cirugia-ortopedica-300x170.jpg 300w, https:\/\/www.hospitallapaloma.com\/wp-content\/uploads\/2017\/03\/cirugia-ortopedica-768x435.jpg 768w, https:\/\/www.hospitallapaloma.com\/wp-content\/uploads\/2017\/03\/cirugia-ortopedica-1024x580.jpg 1024w, https:\/\/www.hospitallapaloma.com\/wp-content\/uploads\/2017\/03\/cirugia-ortopedica-610x346.jpg 610w\" sizes=\"auto, (max-width: 1200px) 100vw, 1200px\" \/><\/p>\n<p>Orthopaedic surgery is a branch of surgery responsible for disorders of the locomotor system, whether of the muscular, osseous or articular areas and is directly connected with the traumatology speciality.<\/p>\n<p>The treatments that are carried out within the area of \u200b\u200borthopaedic surgery are:<\/p>\n<ul>\n<li><strong>Prosthetic surgery of the hip, knee and shoulder.<\/strong> This consists of the insertion of implants by minimally invasive techniques in patients who have worn joints due to the pass of time, falls or osteoarthritis.<\/li>\n<li><strong>Arthroscopic surgery.<\/strong> Arthroscopy is one of the most modern surgical techniques and allows rapid recovery after surgery. It consists of introducing a camera through a small incision and, through another, introduce the necessary tools.<\/li>\n<li><strong>Surgery of anterior ligaments and meniscus<\/strong><\/li>\n<\/ul>\n<h2>Services in the Orthopaedic Surgery and Traumatology Unit at Hospital La Paloma<\/h2>\n<p>At Hospital La Paloma we have a reference unit at the forefront in orthopaedic treatment and surgery. This unit is formed by a team of orthopaedic surgeons and professionals carrying out a detailed and personalised analysis of each patient to offer the most appropriate treatment for their pathology.<\/p>\n<\/div>\n<p>[\/vc_column_text][\/vc_column][\/vc_row][vc_row css=&#8221;.vc_custom_1556555924087{margin-top: -60px !important;}&#8221;][vc_column offset=&#8221;vc_hidden-lg vc_hidden-md&#8221;][vc_column_text]<\/p>\n<div id=\"plus\" style=\"bottom: 60px; right: 7px; position: fixed; z-index: 700;\"><img loading=\"lazy\" decoding=\"async\" class=\"alignnone size-full wp-image-6888\" src=\"https:\/\/www.hospitallapaloma.com\/wp-content\/uploads\/2019\/05\/gif-mv.gif\" alt=\"\" width=\"60\" height=\"60\" \/><\/div>\n<div id=\"minus\" style=\"bottom: 60px; right: 7px; position: fixed; z-index: 700; display: none;\"><img loading=\"lazy\" decoding=\"async\" class=\"alignnone size-full wp-image-6888\" src=\"https:\/\/www.hospitallapaloma.com\/wp-content\/uploads\/2019\/04\/equis.png\" alt=\"\" width=\"60\" height=\"60\" \/><\/div>\n<div id=\"form\" style=\"bottom: 130px; right: 10px; position: fixed; z-index: 700; display: none;\"><a href=\"#pide-cita\"><img loading=\"lazy\" decoding=\"async\" class=\"alignnone size-full wp-image-6888\" src=\"https:\/\/www.hospitallapaloma.com\/wp-content\/uploads\/2019\/04\/form.png\" alt=\"\" width=\"55\" height=\"55\" \/><\/a><\/div>\n<div id=\"phone\" style=\"bottom: 190px; right: 10px; position: fixed; z-index: 700; display: none;\"><a href=\"tel:+34928234466\"><img loading=\"lazy\" decoding=\"async\" class=\"alignnone size-full wp-image-6888\" src=\"https:\/\/www.hospitallapaloma.com\/wp-content\/uploads\/2019\/04\/phone.png\" alt=\"\" width=\"55\" height=\"55\" \/><\/a><\/div>\n<p>[\/vc_column_text][vc_raw_js]JTNDc2NyaXB0JTIwdHlwZSUzRCUyMnRleHQlMkZqYXZhc2NyaXB0JTIyJTNFJTIwJTBBJTBBdmFyJTIwYnRuXzElMjAlM0QlMjBkb2N1bWVudC5nZXRFbGVtZW50QnlJZCUyOCUyN3BsdXMlMjclMjklM0IlMEF2YXIlMjBidG5fMiUyMCUzRCUyMGRvY3VtZW50LmdldEVsZW1lbnRCeUlkJTI4JTI3Zm9ybSUyNyUyOSUzQiUwQXZhciUyMGJ0bl8zJTIwJTNEJTIwZG9jdW1lbnQuZ2V0RWxlbWVudEJ5SWQlMjglMjdwaG9uZSUyNyUyOSUzQiUwQXZhciUyMGJ0bl80JTIwJTNEJTIwZG9jdW1lbnQuZ2V0RWxlbWVudEJ5SWQlMjglMjdtaW51cyUyNyUyOSUzQiUwQXZhciUyMG9wZW4lMjAlM0QlMjAxJTNCJTBBdmFyJTIwY2xvc2UlMjAlM0QlMjAwJTNCJTBBJTBBYnRuXzEub25jbGljayUyMCUzRCUyMG1vc3RyYXJCb3RvbiUzQiUwQWJ0bl80Lm9uY2xpY2slMjAlM0QlMjBvY3VsdGFyQm90b24lM0IlMEElMjAlMjAlMjAlMjAlMjAlMjAlMjAlMjAlMEFmdW5jdGlvbiUyMG1vc3RyYXJCb3RvbiUyOCUyOSUyMCU3QiUwQSUyMCUyMCUyMCUyMGJ0bl8xLnN0eWxlLmRpc3BsYXklMjAlM0QlMjAlMjdub25lJTI3JTNCJTBBJTIwJTIwJTIwJTIwYnRuXzIuc3R5bGUuZGlzcGxheSUyMCUzRCUyMCUyN2lubGluZSUyNyUzQiUwQSUyMCUyMCUyMCUyMGJ0bl8zLnN0eWxlLmRpc3BsYXklMjAlM0QlMjAlMjdpbmxpbmUlMjclM0IlMEElMjAlMjAlMjAlMjAlMjAlMjAlMjBidG5fNC5zdHlsZS5kaXNwbGF5JTIwJTNEJTIwJTI3aW5saW5lJTI3JTNCJTBBJTdEJTBBJTBBZnVuY3Rpb24lMjBvY3VsdGFyQm90b24lMjglMjklMjAlN0IlMEElMjAlMjAlMjAlMjBidG5fMS5zdHlsZS5kaXNwbGF5JTIwJTNEJTIwJTI3aW5saW5lJTI3JTNCJTBBJTIwJTIwJTIwJTIwYnRuXzIuc3R5bGUuZGlzcGxheSUyMCUzRCUyMCUyN25vbmUlMjclM0IlMEElMjAlMjAlMjAlMjBidG5fMy5zdHlsZS5kaXNwbGF5JTIwJTNEJTIwJTI3bm9uZSUyNyUzQiUwQSUyMCUyMCUyMGJ0bl80LnN0eWxlLmRpc3BsYXklMjAlM0QlMjAlMjdub25lJTI3JTNCJTBBJTdEJTBBJTBBJTBBJTNDJTJGc2NyaXB0JTNF[\/vc_raw_js][\/vc_column][\/vc_row]<\/p>\n<\/div>","protected":false},"excerpt":{"rendered":"<p>[vc_row][vc_column][vc_custom_heading text=&#8221;Orthopaedic Surgery and Traumatology Unit&#8221; font_container=&#8221;tag:h1|text_align:left&#8221; use_theme_fonts=&#8221;yes&#8221;][vc_single_image image=&#8221;1433&#8243; img_size=&#8221;full&#8221; style=&#8221;vc_box_border&#8221;][vc_empty_space height=&#8221;18px&#8221;][\/vc_column][\/vc_row][vc_row][vc_column][vc_column_text] Orthopaedic Surgery and Traumatology Hospital La Paloma has a specialised unit in Orthopaedic Surgery and Traumatology that aims for the prevention, evaluation, diagnosis and treatment of musculoskeletal system conditions, in addition to surgical interventions. Our Unit has the latest technological advancements in the&hellip;<\/p>\n","protected":false},"author":1,"featured_media":0,"parent":0,"menu_order":0,"comment_status":"closed","ping_status":"closed","template":"","meta":{"_joinchat":[],"footnotes":""},"class_list":["post-28147","page","type-page","status-publish","hentry","description-off"],"yoast_head":"<!-- This site is optimized with the Yoast SEO plugin v26.9 - https:\/\/yoast.com\/product\/yoast-seo-wordpress\/ -->\n<title>Orthopaedic Surgery and Traumatology Unit - Hospital La Paloma<\/title>\n<meta name=\"description\" content=\"Hospital La Paloma has a specialised unit in Orthopaedic Surgery and Traumatology that aims for the prevention, evaluation, diagnosis and treatment.\" \/>\n<meta name=\"robots\" content=\"index, follow, max-snippet:-1, max-image-preview:large, max-video-preview:-1\" \/>\n<link rel=\"canonical\" href=\"https:\/\/www.hospitallapaloma.com\/en\/orthopaedic-surgery-and-traumatology-unit\/\" \/>\n<meta property=\"og:locale\" content=\"en_US\" \/>\n<meta property=\"og:type\" content=\"article\" \/>\n<meta property=\"og:title\" content=\"Orthopaedic Surgery and Traumatology Unit - Hospital La Paloma\" \/>\n<meta property=\"og:description\" content=\"Hospital La Paloma has a specialised unit in Orthopaedic Surgery and Traumatology that aims for the prevention, evaluation, diagnosis and treatment.\" \/>\n<meta property=\"og:url\" content=\"https:\/\/www.hospitallapaloma.com\/en\/orthopaedic-surgery-and-traumatology-unit\/\" \/>\n<meta property=\"og:site_name\" content=\"Hospital La Paloma\" \/>\n<meta property=\"article:publisher\" content=\"https:\/\/www.facebook.com\/lapalomahospital\/\" \/>\n<meta property=\"article:modified_time\" content=\"2019-09-06T13:37:18+00:00\" \/>\n<meta property=\"og:image\" content=\"https:\/\/www.hospitallapaloma.com\/wp-content\/uploads\/2017\/03\/consulta-del-traumatologo.jpg\" \/>\n<meta name=\"twitter:card\" content=\"summary_large_image\" \/>\n<meta name=\"twitter:site\" content=\"@lapalomahosp\" \/>\n<meta name=\"twitter:label1\" content=\"Est. reading time\" \/>\n\t<meta name=\"twitter:data1\" content=\"4 minutes\" \/>\n<script type=\"application\/ld+json\" class=\"yoast-schema-graph\">{\"@context\":\"https:\/\/schema.org\",\"@graph\":[{\"@type\":\"WebPage\",\"@id\":\"https:\/\/www.hospitallapaloma.com\/en\/orthopaedic-surgery-and-traumatology-unit\/\",\"url\":\"https:\/\/www.hospitallapaloma.com\/en\/orthopaedic-surgery-and-traumatology-unit\/\",\"name\":\"Orthopaedic Surgery and Traumatology Unit - Hospital La Paloma\",\"isPartOf\":{\"@id\":\"https:\/\/www.hospitallapaloma.com\/#website\"},\"primaryImageOfPage\":{\"@id\":\"https:\/\/www.hospitallapaloma.com\/en\/orthopaedic-surgery-and-traumatology-unit\/#primaryimage\"},\"image\":{\"@id\":\"https:\/\/www.hospitallapaloma.com\/en\/orthopaedic-surgery-and-traumatology-unit\/#primaryimage\"},\"thumbnailUrl\":\"https:\/\/www.hospitallapaloma.com\/wp-content\/uploads\/2017\/03\/consulta-del-traumatologo.jpg\",\"datePublished\":\"2017-03-06T17:36:26+00:00\",\"dateModified\":\"2019-09-06T13:37:18+00:00\",\"description\":\"Hospital La Paloma has a specialised unit in Orthopaedic Surgery and Traumatology that aims for the prevention, evaluation, diagnosis and treatment.\",\"breadcrumb\":{\"@id\":\"https:\/\/www.hospitallapaloma.com\/en\/orthopaedic-surgery-and-traumatology-unit\/#breadcrumb\"},\"inLanguage\":\"en-US\",\"potentialAction\":[{\"@type\":\"ReadAction\",\"target\":[\"https:\/\/www.hospitallapaloma.com\/en\/orthopaedic-surgery-and-traumatology-unit\/\"]}]},{\"@type\":\"ImageObject\",\"inLanguage\":\"en-US\",\"@id\":\"https:\/\/www.hospitallapaloma.com\/en\/orthopaedic-surgery-and-traumatology-unit\/#primaryimage\",\"url\":\"https:\/\/www.hospitallapaloma.com\/wp-content\/uploads\/2017\/03\/consulta-del-traumatologo.jpg\",\"contentUrl\":\"https:\/\/www.hospitallapaloma.com\/wp-content\/uploads\/2017\/03\/consulta-del-traumatologo.jpg\"},{\"@type\":\"BreadcrumbList\",\"@id\":\"https:\/\/www.hospitallapaloma.com\/en\/orthopaedic-surgery-and-traumatology-unit\/#breadcrumb\",\"itemListElement\":[{\"@type\":\"ListItem\",\"position\":1,\"name\":\"Portada\",\"item\":\"https:\/\/www.hospitallapaloma.com\/en\/\"},{\"@type\":\"ListItem\",\"position\":2,\"name\":\"Orthopaedic Surgery and Traumatology Unit\"}]},{\"@type\":\"WebSite\",\"@id\":\"https:\/\/www.hospitallapaloma.com\/#website\",\"url\":\"https:\/\/www.hospitallapaloma.com\/\",\"name\":\"Hospital La Paloma\",\"description\":\"Hospital La Paloma en Las Palmas de Gran Canaria\",\"publisher\":{\"@id\":\"https:\/\/www.hospitallapaloma.com\/#organization\"},\"potentialAction\":[{\"@type\":\"SearchAction\",\"target\":{\"@type\":\"EntryPoint\",\"urlTemplate\":\"https:\/\/www.hospitallapaloma.com\/?s={search_term_string}\"},\"query-input\":{\"@type\":\"PropertyValueSpecification\",\"valueRequired\":true,\"valueName\":\"search_term_string\"}}],\"inLanguage\":\"en-US\"},{\"@type\":\"Organization\",\"@id\":\"https:\/\/www.hospitallapaloma.com\/#organization\",\"name\":\"Hospital La Paloma\",\"url\":\"https:\/\/www.hospitallapaloma.com\/\",\"logo\":{\"@type\":\"ImageObject\",\"inLanguage\":\"en-US\",\"@id\":\"https:\/\/www.hospitallapaloma.com\/#\/schema\/logo\/image\/\",\"url\":\"https:\/\/www.hospitallapaloma.com\/wp-content\/uploads\/2016\/03\/logo-AW-1.jpg\",\"contentUrl\":\"https:\/\/www.hospitallapaloma.com\/wp-content\/uploads\/2016\/03\/logo-AW-1.jpg\",\"width\":240,\"height\":120,\"caption\":\"Hospital La Paloma\"},\"image\":{\"@id\":\"https:\/\/www.hospitallapaloma.com\/#\/schema\/logo\/image\/\"},\"sameAs\":[\"https:\/\/www.facebook.com\/lapalomahospital\/\",\"https:\/\/x.com\/lapalomahosp\",\"https:\/\/www.youtube.com\/channel\/UCjVEdPqlsQMZmMsZ8rAh0Ng\"]}]}<\/script>\n<!-- \/ Yoast SEO plugin. -->","yoast_head_json":{"title":"Orthopaedic Surgery and Traumatology Unit - Hospital La Paloma","description":"Hospital La Paloma has a specialised unit in Orthopaedic Surgery and Traumatology that aims for the prevention, evaluation, diagnosis and treatment.","robots":{"index":"index","follow":"follow","max-snippet":"max-snippet:-1","max-image-preview":"max-image-preview:large","max-video-preview":"max-video-preview:-1"},"canonical":"https:\/\/www.hospitallapaloma.com\/en\/orthopaedic-surgery-and-traumatology-unit\/","og_locale":"en_US","og_type":"article","og_title":"Orthopaedic Surgery and Traumatology Unit - Hospital La Paloma","og_description":"Hospital La Paloma has a specialised unit in Orthopaedic Surgery and Traumatology that aims for the prevention, evaluation, diagnosis and treatment.","og_url":"https:\/\/www.hospitallapaloma.com\/en\/orthopaedic-surgery-and-traumatology-unit\/","og_site_name":"Hospital La Paloma","article_publisher":"https:\/\/www.facebook.com\/lapalomahospital\/","article_modified_time":"2019-09-06T13:37:18+00:00","og_image":[{"url":"https:\/\/www.hospitallapaloma.com\/wp-content\/uploads\/2017\/03\/consulta-del-traumatologo.jpg","type":"","width":"","height":""}],"twitter_card":"summary_large_image","twitter_site":"@lapalomahosp","twitter_misc":{"Est. reading time":"4 minutes"},"schema":{"@context":"https:\/\/schema.org","@graph":[{"@type":"WebPage","@id":"https:\/\/www.hospitallapaloma.com\/en\/orthopaedic-surgery-and-traumatology-unit\/","url":"https:\/\/www.hospitallapaloma.com\/en\/orthopaedic-surgery-and-traumatology-unit\/","name":"Orthopaedic Surgery and Traumatology Unit - Hospital La Paloma","isPartOf":{"@id":"https:\/\/www.hospitallapaloma.com\/#website"},"primaryImageOfPage":{"@id":"https:\/\/www.hospitallapaloma.com\/en\/orthopaedic-surgery-and-traumatology-unit\/#primaryimage"},"image":{"@id":"https:\/\/www.hospitallapaloma.com\/en\/orthopaedic-surgery-and-traumatology-unit\/#primaryimage"},"thumbnailUrl":"https:\/\/www.hospitallapaloma.com\/wp-content\/uploads\/2017\/03\/consulta-del-traumatologo.jpg","datePublished":"2017-03-06T17:36:26+00:00","dateModified":"2019-09-06T13:37:18+00:00","description":"Hospital La Paloma has a specialised unit in Orthopaedic Surgery and Traumatology that aims for the prevention, evaluation, diagnosis and treatment.","breadcrumb":{"@id":"https:\/\/www.hospitallapaloma.com\/en\/orthopaedic-surgery-and-traumatology-unit\/#breadcrumb"},"inLanguage":"en-US","potentialAction":[{"@type":"ReadAction","target":["https:\/\/www.hospitallapaloma.com\/en\/orthopaedic-surgery-and-traumatology-unit\/"]}]},{"@type":"ImageObject","inLanguage":"en-US","@id":"https:\/\/www.hospitallapaloma.com\/en\/orthopaedic-surgery-and-traumatology-unit\/#primaryimage","url":"https:\/\/www.hospitallapaloma.com\/wp-content\/uploads\/2017\/03\/consulta-del-traumatologo.jpg","contentUrl":"https:\/\/www.hospitallapaloma.com\/wp-content\/uploads\/2017\/03\/consulta-del-traumatologo.jpg"},{"@type":"BreadcrumbList","@id":"https:\/\/www.hospitallapaloma.com\/en\/orthopaedic-surgery-and-traumatology-unit\/#breadcrumb","itemListElement":[{"@type":"ListItem","position":1,"name":"Portada","item":"https:\/\/www.hospitallapaloma.com\/en\/"},{"@type":"ListItem","position":2,"name":"Orthopaedic Surgery and Traumatology Unit"}]},{"@type":"WebSite","@id":"https:\/\/www.hospitallapaloma.com\/#website","url":"https:\/\/www.hospitallapaloma.com\/","name":"Hospital La Paloma","description":"Hospital La Paloma en Las Palmas de Gran Canaria","publisher":{"@id":"https:\/\/www.hospitallapaloma.com\/#organization"},"potentialAction":[{"@type":"SearchAction","target":{"@type":"EntryPoint","urlTemplate":"https:\/\/www.hospitallapaloma.com\/?s={search_term_string}"},"query-input":{"@type":"PropertyValueSpecification","valueRequired":true,"valueName":"search_term_string"}}],"inLanguage":"en-US"},{"@type":"Organization","@id":"https:\/\/www.hospitallapaloma.com\/#organization","name":"Hospital La Paloma","url":"https:\/\/www.hospitallapaloma.com\/","logo":{"@type":"ImageObject","inLanguage":"en-US","@id":"https:\/\/www.hospitallapaloma.com\/#\/schema\/logo\/image\/","url":"https:\/\/www.hospitallapaloma.com\/wp-content\/uploads\/2016\/03\/logo-AW-1.jpg","contentUrl":"https:\/\/www.hospitallapaloma.com\/wp-content\/uploads\/2016\/03\/logo-AW-1.jpg","width":240,"height":120,"caption":"Hospital La Paloma"},"image":{"@id":"https:\/\/www.hospitallapaloma.com\/#\/schema\/logo\/image\/"},"sameAs":["https:\/\/www.facebook.com\/lapalomahospital\/","https:\/\/x.com\/lapalomahosp","https:\/\/www.youtube.com\/channel\/UCjVEdPqlsQMZmMsZ8rAh0Ng"]}]}},"_links":{"self":[{"href":"https:\/\/www.hospitallapaloma.com\/en\/wp-json\/wp\/v2\/pages\/28147","targetHints":{"allow":["GET"]}}],"collection":[{"href":"https:\/\/www.hospitallapaloma.com\/en\/wp-json\/wp\/v2\/pages"}],"about":[{"href":"https:\/\/www.hospitallapaloma.com\/en\/wp-json\/wp\/v2\/types\/page"}],"author":[{"embeddable":true,"href":"https:\/\/www.hospitallapaloma.com\/en\/wp-json\/wp\/v2\/users\/1"}],"replies":[{"embeddable":true,"href":"https:\/\/www.hospitallapaloma.com\/en\/wp-json\/wp\/v2\/comments?post=28147"}],"version-history":[{"count":2,"href":"https:\/\/www.hospitallapaloma.com\/en\/wp-json\/wp\/v2\/pages\/28147\/revisions"}],"predecessor-version":[{"id":28404,"href":"https:\/\/www.hospitallapaloma.com\/en\/wp-json\/wp\/v2\/pages\/28147\/revisions\/28404"}],"wp:attachment":[{"href":"https:\/\/www.hospitallapaloma.com\/en\/wp-json\/wp\/v2\/media?parent=28147"}],"curies":[{"name":"wp","href":"https:\/\/api.w.org\/{rel}","templated":true}]}}